{"id":7,"date":"2017-09-25T04:35:47","date_gmt":"2017-09-25T06:35:47","guid":{"rendered":"https:\/\/vilniauspetropovilo.lt\/?page_id=7"},"modified":"2022-01-03T01:56:39","modified_gmt":"2022-01-02T23:56:39","slug":"pradzia","status":"publish","type":"page","link":"https:\/\/vilniauspetropovilo.lt\/pl\/","title":{"rendered":"O parafii"},"content":{"rendered":"<p><\/p>\n<p><em>Witamy serdecznie na stronie parafii pw. \u015bwi\u0119tych Aposto\u0142\u00f3w Piotra i Paw\u0142a w Wilnie!<\/em><\/p>\n<p><em>Zapraszamy do zapoznania si\u0119 z \u017cyciem i dzia\u0142alno\u015bci\u0105 naszej wsp\u00f3lnoty oraz zach\u0119camy do czynnego udzia\u0142u w \u017cyciu parafialnym.<\/em><\/p>\n<p>&nbsp;<\/p>\n<p><meta name=\"verify-paysera\" content=\"b50d7662b742cc22fd234393ac32c3e7\"><\/p>","protected":false},"excerpt":{"rendered":"<p>Witamy serdecznie na stronie parafii pw. \u015bwi\u0119tych Aposto\u0142\u00f3w Piotra i Paw\u0142a w Wilnie! Zapraszamy do zapoznania si\u0119 z \u017cyciem i dzia\u0142alno\u015bci\u0105 naszej wsp\u00f3lnoty oraz zach\u0119camy do czynnego udzia\u0142u w \u017cyciu \u2026<\/p>\n","protected":false},"author":1,"featured_media":836,"parent":0,"menu_order":0,"comment_status":"closed","ping_status":"closed","template":"main.php","meta":{"footnotes":""},"class_list":["post-7","page","type-page","status-publish","has-post-thumbnail","hentry"],"yoast_head":"<!-- This site is optimized with the Yoast SEO plugin v27.2 - https:\/\/yoast.com\/product\/yoast-seo-wordpress\/ -->\n<title>O parafii - Vilniaus \u0160v. apa\u0161tal\u0173 Petro ir Povilo ba\u017eny\u010dia<\/title>\n<meta name=\"robots\" content=\"index, follow, max-snippet:-1, max-image-preview:large, max-video-preview:-1\" \/>\n<link rel=\"canonical\" href=\"https:\/\/vilniauspetropovilo.lt\/\" \/>\n<meta property=\"og:locale\" content=\"pl_PL\" \/>\n<meta property=\"og:type\" content=\"article\" \/>\n<meta property=\"og:title\" content=\"O parafii - Vilniaus \u0160v. apa\u0161tal\u0173 Petro ir Povilo ba\u017eny\u010dia\" \/>\n<meta property=\"og:description\" content=\"Witamy serdecznie na stronie parafii pw. \u015bwi\u0119tych Aposto\u0142\u00f3w Piotra i Paw\u0142a w Wilnie! Zapraszamy do zapoznania si\u0119 z \u017cyciem i dzia\u0142alno\u015bci\u0105 naszej wsp\u00f3lnoty oraz zach\u0119camy do czynnego udzia\u0142u w \u017cyciu \u2026\" \/>\n<meta property=\"og:url\" content=\"https:\/\/vilniauspetropovilo.lt\/\" \/>\n<meta property=\"og:site_name\" content=\"Vilniaus \u0160v. apa\u0161tal\u0173 Petro ir Povilo ba\u017eny\u010dia\" \/>\n<meta property=\"article:modified_time\" content=\"2022-01-02T23:56:39+00:00\" \/>\n<meta property=\"og:image\" content=\"https:\/\/vilniauspetropovilo.lt\/wp-content\/uploads\/2018\/04\/IMG_20180224_170459-1.jpg\" \/>\n\t<meta property=\"og:image:width\" content=\"3968\" \/>\n\t<meta property=\"og:image:height\" content=\"2976\" \/>\n\t<meta property=\"og:image:type\" content=\"image\/jpeg\" \/>\n<meta name=\"twitter:card\" content=\"summary_large_image\" \/>\n<meta name=\"twitter:label1\" content=\"Szacowany czas czytania\" \/>\n\t<meta name=\"twitter:data1\" content=\"2 minuty\" \/>\n<script type=\"application\/ld+json\" class=\"yoast-schema-graph\">{\"@context\":\"https:\/\/schema.org\",\"@graph\":[{\"@type\":\"WebPage\",\"@id\":\"https:\/\/vilniauspetropovilo.lt\/\",\"url\":\"https:\/\/vilniauspetropovilo.lt\/\",\"name\":\"O parafii - Vilniaus \u0160v. apa\u0161tal\u0173 Petro ir Povilo ba\u017eny\u010dia\",\"isPartOf\":{\"@id\":\"https:\/\/vilniauspetropovilo.lt\/#website\"},\"primaryImageOfPage\":{\"@id\":\"https:\/\/vilniauspetropovilo.lt\/#primaryimage\"},\"image\":{\"@id\":\"https:\/\/vilniauspetropovilo.lt\/#primaryimage\"},\"thumbnailUrl\":\"https:\/\/vilniauspetropovilo.lt\/wp-content\/uploads\/2018\/04\/IMG_20180224_170459-1.jpg\",\"datePublished\":\"2017-09-25T06:35:47+00:00\",\"dateModified\":\"2022-01-02T23:56:39+00:00\",\"breadcrumb\":{\"@id\":\"https:\/\/vilniauspetropovilo.lt\/#breadcrumb\"},\"inLanguage\":\"pl-PL\",\"potentialAction\":[{\"@type\":\"ReadAction\",\"target\":[\"https:\/\/vilniauspetropovilo.lt\/\"]}]},{\"@type\":\"ImageObject\",\"inLanguage\":\"pl-PL\",\"@id\":\"https:\/\/vilniauspetropovilo.lt\/#primaryimage\",\"url\":\"https:\/\/vilniauspetropovilo.lt\/wp-content\/uploads\/2018\/04\/IMG_20180224_170459-1.jpg\",\"contentUrl\":\"https:\/\/vilniauspetropovilo.lt\/wp-content\/uploads\/2018\/04\/IMG_20180224_170459-1.jpg\",\"width\":3968,\"height\":2976,\"caption\":\"edf\"},{\"@type\":\"BreadcrumbList\",\"@id\":\"https:\/\/vilniauspetropovilo.lt\/#breadcrumb\",\"itemListElement\":[{\"@type\":\"ListItem\",\"position\":1,\"name\":\"Home\",\"item\":\"https:\/\/vilniauspetropovilo.lt\/\"},{\"@type\":\"ListItem\",\"position\":2,\"name\":\"Apie parapij\u0105\"}]},{\"@type\":\"WebSite\",\"@id\":\"https:\/\/vilniauspetropovilo.lt\/#website\",\"url\":\"https:\/\/vilniauspetropovilo.lt\/\",\"name\":\"Vilniaus \u0160v. apa\u0161tal\u0173 Petro ir Povilo ba\u017eny\u010dia\",\"description\":\"parafia pw. \u015awi\u0119tych Aposto\u0142\u00f3w Piotra i Paw\u0142a w Wilnie\",\"potentialAction\":[{\"@type\":\"SearchAction\",\"target\":{\"@type\":\"EntryPoint\",\"urlTemplate\":\"https:\/\/vilniauspetropovilo.lt\/?s={search_term_string}\"},\"query-input\":{\"@type\":\"PropertyValueSpecification\",\"valueRequired\":true,\"valueName\":\"search_term_string\"}}],\"inLanguage\":\"pl-PL\"}]}<\/script>\n<!-- \/ Yoast SEO plugin. -->","yoast_head_json":{"title":"O parafii - Vilniaus \u0160v. apa\u0161tal\u0173 Petro ir Povilo ba\u017eny\u010dia","robots":{"index":"index","follow":"follow","max-snippet":"max-snippet:-1","max-image-preview":"max-image-preview:large","max-video-preview":"max-video-preview:-1"},"canonical":"https:\/\/vilniauspetropovilo.lt\/","og_locale":"pl_PL","og_type":"article","og_title":"O parafii - Vilniaus \u0160v. apa\u0161tal\u0173 Petro ir Povilo ba\u017eny\u010dia","og_description":"Witamy serdecznie na stronie parafii pw. \u015bwi\u0119tych Aposto\u0142\u00f3w Piotra i Paw\u0142a w Wilnie! Zapraszamy do zapoznania si\u0119 z \u017cyciem i dzia\u0142alno\u015bci\u0105 naszej wsp\u00f3lnoty oraz zach\u0119camy do czynnego udzia\u0142u w \u017cyciu \u2026","og_url":"https:\/\/vilniauspetropovilo.lt\/","og_site_name":"Vilniaus \u0160v. apa\u0161tal\u0173 Petro ir Povilo ba\u017eny\u010dia","article_modified_time":"2022-01-02T23:56:39+00:00","og_image":[{"width":3968,"height":2976,"url":"https:\/\/vilniauspetropovilo.lt\/wp-content\/uploads\/2018\/04\/IMG_20180224_170459-1.jpg","type":"image\/jpeg"}],"twitter_card":"summary_large_image","twitter_misc":{"Szacowany czas czytania":"2 minuty"},"schema":{"@context":"https:\/\/schema.org","@graph":[{"@type":"WebPage","@id":"https:\/\/vilniauspetropovilo.lt\/","url":"https:\/\/vilniauspetropovilo.lt\/","name":"O parafii - Vilniaus \u0160v. apa\u0161tal\u0173 Petro ir Povilo ba\u017eny\u010dia","isPartOf":{"@id":"https:\/\/vilniauspetropovilo.lt\/#website"},"primaryImageOfPage":{"@id":"https:\/\/vilniauspetropovilo.lt\/#primaryimage"},"image":{"@id":"https:\/\/vilniauspetropovilo.lt\/#primaryimage"},"thumbnailUrl":"https:\/\/vilniauspetropovilo.lt\/wp-content\/uploads\/2018\/04\/IMG_20180224_170459-1.jpg","datePublished":"2017-09-25T06:35:47+00:00","dateModified":"2022-01-02T23:56:39+00:00","breadcrumb":{"@id":"https:\/\/vilniauspetropovilo.lt\/#breadcrumb"},"inLanguage":"pl-PL","potentialAction":[{"@type":"ReadAction","target":["https:\/\/vilniauspetropovilo.lt\/"]}]},{"@type":"ImageObject","inLanguage":"pl-PL","@id":"https:\/\/vilniauspetropovilo.lt\/#primaryimage","url":"https:\/\/vilniauspetropovilo.lt\/wp-content\/uploads\/2018\/04\/IMG_20180224_170459-1.jpg","contentUrl":"https:\/\/vilniauspetropovilo.lt\/wp-content\/uploads\/2018\/04\/IMG_20180224_170459-1.jpg","width":3968,"height":2976,"caption":"edf"},{"@type":"BreadcrumbList","@id":"https:\/\/vilniauspetropovilo.lt\/#breadcrumb","itemListElement":[{"@type":"ListItem","position":1,"name":"Home","item":"https:\/\/vilniauspetropovilo.lt\/"},{"@type":"ListItem","position":2,"name":"Apie parapij\u0105"}]},{"@type":"WebSite","@id":"https:\/\/vilniauspetropovilo.lt\/#website","url":"https:\/\/vilniauspetropovilo.lt\/","name":"Vilniaus \u0160v. apa\u0161tal\u0173 Petro ir Povilo ba\u017eny\u010dia","description":"parafia pw. \u015awi\u0119tych Aposto\u0142\u00f3w Piotra i Paw\u0142a w Wilnie","potentialAction":[{"@type":"SearchAction","target":{"@type":"EntryPoint","urlTemplate":"https:\/\/vilniauspetropovilo.lt\/?s={search_term_string}"},"query-input":{"@type":"PropertyValueSpecification","valueRequired":true,"valueName":"search_term_string"}}],"inLanguage":"pl-PL"}]}},"_links":{"self":[{"href":"https:\/\/vilniauspetropovilo.lt\/pl\/wp-json\/wp\/v2\/pages\/7","targetHints":{"allow":["GET"]}}],"collection":[{"href":"https:\/\/vilniauspetropovilo.lt\/pl\/wp-json\/wp\/v2\/pages"}],"about":[{"href":"https:\/\/vilniauspetropovilo.lt\/pl\/wp-json\/wp\/v2\/types\/page"}],"author":[{"embeddable":true,"href":"https:\/\/vilniauspetropovilo.lt\/pl\/wp-json\/wp\/v2\/users\/1"}],"replies":[{"embeddable":true,"href":"https:\/\/vilniauspetropovilo.lt\/pl\/wp-json\/wp\/v2\/comments?post=7"}],"version-history":[{"count":20,"href":"https:\/\/vilniauspetropovilo.lt\/pl\/wp-json\/wp\/v2\/pages\/7\/revisions"}],"predecessor-version":[{"id":3322,"href":"https:\/\/vilniauspetropovilo.lt\/pl\/wp-json\/wp\/v2\/pages\/7\/revisions\/3322"}],"wp:featuredmedia":[{"embeddable":true,"href":"https:\/\/vilniauspetropovilo.lt\/pl\/wp-json\/wp\/v2\/media\/836"}],"wp:attachment":[{"href":"https:\/\/vilniauspetropovilo.lt\/pl\/wp-json\/wp\/v2\/media?parent=7"}],"curies":[{"name":"wp","href":"https:\/\/api.w.org\/{rel}","templated":true}]}}