{"id":6435,"date":"2026-04-10T07:36:46","date_gmt":"2026-04-10T05:36:46","guid":{"rendered":"https:\/\/vilniauspetropovilo.lt\/?page_id=6435"},"modified":"2026-04-10T07:36:46","modified_gmt":"2026-04-10T05:36:46","slug":"nemokama-teisine-pagalba-parapijoje","status":"publish","type":"page","link":"https:\/\/vilniauspetropovilo.lt\/pl\/nemokama-teisine-pagalba-parapijoje\/","title":{"rendered":"Bezp\u0142atna pomoc prawna w parafii"},"content":{"rendered":"<p><\/p>\n<div style=\"max-width: 900px; margin: 0 auto; line-height: 1.7; color: #333;\">\n<h2 style=\"font-size: 28px; margin-bottom: 20px; color: #1f1f1f;\">Bezp\u0142atna pomoc prawna w parafii<\/h2>\n<p>Od maja 2022 roku przy parafii \u015bw. Aposto\u0142\u00f3w Piotra i Paw\u0142a w Wilnie dzia\u0142a <strong>Klinika Prawna<\/strong>, w kt\u00f3rej udzielana jest <strong>bezp\u0142atna pomoc prawna<\/strong>.<\/p>\n<p>Zapraszamy wszystkich, kt\u00f3rzy potrzebuj\u0105 konsultacji w sprawach prawnych lub w trudnych sytuacjach \u017cyciowych. Mo\u017cna tu uzyska\u0107 wst\u0119pne informacje prawne, porady oraz pomoc w rozwi\u0105zywaniu r\u00f3\u017cnych problem\u00f3w.<\/p>\n<p style=\"font-style: italic; color: #555;\">Pierwsze\u0144stwo maj\u0105 parafianie mieszkaj\u0105cy na terenie naszej parafii.<\/p>\n<div style=\"margin: 30px 0; padding: 20px; background: #f8f8f8; border-left: 4px solid #b08d57;\">\n<h3 style=\"margin-top: 0; color: #1f1f1f;\">&#x1f552; Godziny konsultacji<\/h3>\n<p style=\"margin: 0;\">\u015arody <strong>16:00\u201318:00<\/strong><\/p>\n<\/div>\n<div style=\"margin: 30px 0; padding: 20px; background: #f8f8f8; border-left: 4px solid #b08d57;\">\n<h3 style=\"margin-top: 0; color: #1f1f1f;\">&#x1f4cd; Miejsce<\/h3>\n<p style=\"margin: 0;\">ul. Antakalnio 3, Wilno<br \/>\n<em>(Dom parafialny, wej\u015bcie od wewn\u0119trznego dziedzi\u0144ca)<\/em><\/p>\n<\/div>\n<div style=\"margin: 30px 0; padding: 20px; background: #f8f8f8; border-left: 4px solid #b08d57;\">\n<h3 style=\"margin-top: 0; color: #1f1f1f;\">&#x1f4de; Kontakt<\/h3>\n<p style=\"margin: 0;\">Tel. <a href=\"tel:+37061533289\">+370 615 33 289<\/a>, <a href=\"tel:+37068674713\">+370 686 74 713<\/a><br \/>\nE-mail: <a href=\"mailto:ppbaznycia@gmail.com\">ppbaznycia@gmail.com<\/a><\/p>\n<\/div>\n<div style=\"margin: 30px 0; padding: 20px; background: #f8f8f8; border-left: 4px solid #b08d57;\">\n<h3 style=\"margin-top: 0; color: #1f1f1f;\">&#x1f469;&#x200d;&#x2696;&#xfe0f; Konsultuj\u0105<\/h3>\n<ul style=\"margin: 0; padding-left: 20px;\">\n<li>Prawnik, doktor habilitowany nauk spo\u0142ecznych <strong>Viktoras Justickis<\/strong><\/li>\n<li>Studentka Wydzia\u0142u Prawa Uniwersytetu Wile\u0144skiego <strong>Loreta Ra\u0161kevi\u010dien\u0117<\/strong><\/li>\n<\/ul>\n<\/div>\n<p style=\"margin-top: 30px; font-size: 18px;\"><strong>Zapraszamy wszystkich, kt\u00f3rzy potrzebuj\u0105 porady lub pomocy w sprawach prawnych.<\/strong><\/p>\n<\/div>\n<p><\/p>","protected":false},"excerpt":{"rendered":"<p>Bezp\u0142atna pomoc prawna w parafii Od maja 2022 roku przy parafii \u015bw. Aposto\u0142\u00f3w Piotra i Paw\u0142a w Wilnie dzia\u0142a Klinika Prawna, w kt\u00f3rej udzielana jest bezp\u0142atna pomoc prawna. Zapraszamy wszystkich, \u2026<\/p>\n","protected":false},"author":2,"featured_media":6437,"parent":0,"menu_order":0,"comment_status":"closed","ping_status":"closed","template":"","meta":{"footnotes":""},"class_list":["post-6435","page","type-page","status-publish","has-post-thumbnail","hentry"],"yoast_head":"<!-- This site is optimized with the Yoast SEO plugin v27.2 - https:\/\/yoast.com\/product\/yoast-seo-wordpress\/ -->\n<title>Bezp\u0142atna pomoc prawna w parafii - Vilniaus \u0160v. apa\u0161tal\u0173 Petro ir Povilo ba\u017eny\u010dia<\/title>\n<meta name=\"robots\" content=\"index, follow, max-snippet:-1, max-image-preview:large, max-video-preview:-1\" \/>\n<link rel=\"canonical\" href=\"https:\/\/vilniauspetropovilo.lt\/nemokama-teisine-pagalba-parapijoje\/\" \/>\n<meta property=\"og:locale\" content=\"pl_PL\" \/>\n<meta property=\"og:type\" content=\"article\" \/>\n<meta property=\"og:title\" content=\"Bezp\u0142atna pomoc prawna w parafii - Vilniaus \u0160v. apa\u0161tal\u0173 Petro ir Povilo ba\u017eny\u010dia\" \/>\n<meta property=\"og:description\" content=\"Bezp\u0142atna pomoc prawna w parafii Od maja 2022 roku przy parafii \u015bw. Aposto\u0142\u00f3w Piotra i Paw\u0142a w Wilnie dzia\u0142a Klinika Prawna, w kt\u00f3rej udzielana jest bezp\u0142atna pomoc prawna. Zapraszamy wszystkich, \u2026\" \/>\n<meta property=\"og:url\" content=\"https:\/\/vilniauspetropovilo.lt\/nemokama-teisine-pagalba-parapijoje\/\" \/>\n<meta property=\"og:site_name\" content=\"Vilniaus \u0160v. apa\u0161tal\u0173 Petro ir Povilo ba\u017eny\u010dia\" \/>\n<meta property=\"og:image\" content=\"https:\/\/vilniauspetropovilo.lt\/wp-content\/uploads\/2026\/04\/LAWPiP-1024x683.png\" \/>\n\t<meta property=\"og:image:width\" content=\"1024\" \/>\n\t<meta property=\"og:image:height\" content=\"683\" \/>\n\t<meta property=\"og:image:type\" content=\"image\/png\" \/>\n<meta name=\"twitter:card\" content=\"summary_large_image\" \/>\n<meta name=\"twitter:label1\" content=\"Szacowany czas czytania\" \/>\n\t<meta name=\"twitter:data1\" content=\"1 minuta\" \/>\n<script type=\"application\/ld+json\" class=\"yoast-schema-graph\">{\"@context\":\"https:\/\/schema.org\",\"@graph\":[{\"@type\":\"WebPage\",\"@id\":\"https:\/\/vilniauspetropovilo.lt\/nemokama-teisine-pagalba-parapijoje\/\",\"url\":\"https:\/\/vilniauspetropovilo.lt\/nemokama-teisine-pagalba-parapijoje\/\",\"name\":\"Bezp\u0142atna pomoc prawna w parafii - Vilniaus \u0160v. apa\u0161tal\u0173 Petro ir Povilo ba\u017eny\u010dia\",\"isPartOf\":{\"@id\":\"https:\/\/vilniauspetropovilo.lt\/#website\"},\"primaryImageOfPage\":{\"@id\":\"https:\/\/vilniauspetropovilo.lt\/nemokama-teisine-pagalba-parapijoje\/#primaryimage\"},\"image\":{\"@id\":\"https:\/\/vilniauspetropovilo.lt\/nemokama-teisine-pagalba-parapijoje\/#primaryimage\"},\"thumbnailUrl\":\"https:\/\/vilniauspetropovilo.lt\/wp-content\/uploads\/2026\/04\/LAWPiP.png\",\"datePublished\":\"2026-04-10T05:36:46+00:00\",\"breadcrumb\":{\"@id\":\"https:\/\/vilniauspetropovilo.lt\/nemokama-teisine-pagalba-parapijoje\/#breadcrumb\"},\"inLanguage\":\"pl-PL\",\"potentialAction\":[{\"@type\":\"ReadAction\",\"target\":[\"https:\/\/vilniauspetropovilo.lt\/nemokama-teisine-pagalba-parapijoje\/\"]}]},{\"@type\":\"ImageObject\",\"inLanguage\":\"pl-PL\",\"@id\":\"https:\/\/vilniauspetropovilo.lt\/nemokama-teisine-pagalba-parapijoje\/#primaryimage\",\"url\":\"https:\/\/vilniauspetropovilo.lt\/wp-content\/uploads\/2026\/04\/LAWPiP.png\",\"contentUrl\":\"https:\/\/vilniauspetropovilo.lt\/wp-content\/uploads\/2026\/04\/LAWPiP.png\",\"width\":1536,\"height\":1024},{\"@type\":\"BreadcrumbList\",\"@id\":\"https:\/\/vilniauspetropovilo.lt\/nemokama-teisine-pagalba-parapijoje\/#breadcrumb\",\"itemListElement\":[{\"@type\":\"ListItem\",\"position\":1,\"name\":\"Home\",\"item\":\"https:\/\/vilniauspetropovilo.lt\/\"},{\"@type\":\"ListItem\",\"position\":2,\"name\":\"Nemokama teisin\u0117 pagalba parapijoje\"}]},{\"@type\":\"WebSite\",\"@id\":\"https:\/\/vilniauspetropovilo.lt\/#website\",\"url\":\"https:\/\/vilniauspetropovilo.lt\/\",\"name\":\"Vilniaus \u0160v. apa\u0161tal\u0173 Petro ir Povilo ba\u017eny\u010dia\",\"description\":\"parafia pw. \u015awi\u0119tych Aposto\u0142\u00f3w Piotra i Paw\u0142a w Wilnie\",\"potentialAction\":[{\"@type\":\"SearchAction\",\"target\":{\"@type\":\"EntryPoint\",\"urlTemplate\":\"https:\/\/vilniauspetropovilo.lt\/?s={search_term_string}\"},\"query-input\":{\"@type\":\"PropertyValueSpecification\",\"valueRequired\":true,\"valueName\":\"search_term_string\"}}],\"inLanguage\":\"pl-PL\"}]}<\/script>\n<!-- \/ Yoast SEO plugin. -->","yoast_head_json":{"title":"Bezp\u0142atna pomoc prawna w parafii - Vilniaus \u0160v. apa\u0161tal\u0173 Petro ir Povilo ba\u017eny\u010dia","robots":{"index":"index","follow":"follow","max-snippet":"max-snippet:-1","max-image-preview":"max-image-preview:large","max-video-preview":"max-video-preview:-1"},"canonical":"https:\/\/vilniauspetropovilo.lt\/nemokama-teisine-pagalba-parapijoje\/","og_locale":"pl_PL","og_type":"article","og_title":"Bezp\u0142atna pomoc prawna w parafii - Vilniaus \u0160v. apa\u0161tal\u0173 Petro ir Povilo ba\u017eny\u010dia","og_description":"Bezp\u0142atna pomoc prawna w parafii Od maja 2022 roku przy parafii \u015bw. Aposto\u0142\u00f3w Piotra i Paw\u0142a w Wilnie dzia\u0142a Klinika Prawna, w kt\u00f3rej udzielana jest bezp\u0142atna pomoc prawna. Zapraszamy wszystkich, \u2026","og_url":"https:\/\/vilniauspetropovilo.lt\/nemokama-teisine-pagalba-parapijoje\/","og_site_name":"Vilniaus \u0160v. apa\u0161tal\u0173 Petro ir Povilo ba\u017eny\u010dia","og_image":[{"width":1024,"height":683,"url":"https:\/\/vilniauspetropovilo.lt\/wp-content\/uploads\/2026\/04\/LAWPiP-1024x683.png","type":"image\/png"}],"twitter_card":"summary_large_image","twitter_misc":{"Szacowany czas czytania":"1 minuta"},"schema":{"@context":"https:\/\/schema.org","@graph":[{"@type":"WebPage","@id":"https:\/\/vilniauspetropovilo.lt\/nemokama-teisine-pagalba-parapijoje\/","url":"https:\/\/vilniauspetropovilo.lt\/nemokama-teisine-pagalba-parapijoje\/","name":"Bezp\u0142atna pomoc prawna w parafii - Vilniaus \u0160v. apa\u0161tal\u0173 Petro ir Povilo ba\u017eny\u010dia","isPartOf":{"@id":"https:\/\/vilniauspetropovilo.lt\/#website"},"primaryImageOfPage":{"@id":"https:\/\/vilniauspetropovilo.lt\/nemokama-teisine-pagalba-parapijoje\/#primaryimage"},"image":{"@id":"https:\/\/vilniauspetropovilo.lt\/nemokama-teisine-pagalba-parapijoje\/#primaryimage"},"thumbnailUrl":"https:\/\/vilniauspetropovilo.lt\/wp-content\/uploads\/2026\/04\/LAWPiP.png","datePublished":"2026-04-10T05:36:46+00:00","breadcrumb":{"@id":"https:\/\/vilniauspetropovilo.lt\/nemokama-teisine-pagalba-parapijoje\/#breadcrumb"},"inLanguage":"pl-PL","potentialAction":[{"@type":"ReadAction","target":["https:\/\/vilniauspetropovilo.lt\/nemokama-teisine-pagalba-parapijoje\/"]}]},{"@type":"ImageObject","inLanguage":"pl-PL","@id":"https:\/\/vilniauspetropovilo.lt\/nemokama-teisine-pagalba-parapijoje\/#primaryimage","url":"https:\/\/vilniauspetropovilo.lt\/wp-content\/uploads\/2026\/04\/LAWPiP.png","contentUrl":"https:\/\/vilniauspetropovilo.lt\/wp-content\/uploads\/2026\/04\/LAWPiP.png","width":1536,"height":1024},{"@type":"BreadcrumbList","@id":"https:\/\/vilniauspetropovilo.lt\/nemokama-teisine-pagalba-parapijoje\/#breadcrumb","itemListElement":[{"@type":"ListItem","position":1,"name":"Home","item":"https:\/\/vilniauspetropovilo.lt\/"},{"@type":"ListItem","position":2,"name":"Nemokama teisin\u0117 pagalba parapijoje"}]},{"@type":"WebSite","@id":"https:\/\/vilniauspetropovilo.lt\/#website","url":"https:\/\/vilniauspetropovilo.lt\/","name":"Vilniaus \u0160v. apa\u0161tal\u0173 Petro ir Povilo ba\u017eny\u010dia","description":"parafia pw. \u015awi\u0119tych Aposto\u0142\u00f3w Piotra i Paw\u0142a w Wilnie","potentialAction":[{"@type":"SearchAction","target":{"@type":"EntryPoint","urlTemplate":"https:\/\/vilniauspetropovilo.lt\/?s={search_term_string}"},"query-input":{"@type":"PropertyValueSpecification","valueRequired":true,"valueName":"search_term_string"}}],"inLanguage":"pl-PL"}]}},"_links":{"self":[{"href":"https:\/\/vilniauspetropovilo.lt\/pl\/wp-json\/wp\/v2\/pages\/6435","targetHints":{"allow":["GET"]}}],"collection":[{"href":"https:\/\/vilniauspetropovilo.lt\/pl\/wp-json\/wp\/v2\/pages"}],"about":[{"href":"https:\/\/vilniauspetropovilo.lt\/pl\/wp-json\/wp\/v2\/types\/page"}],"author":[{"embeddable":true,"href":"https:\/\/vilniauspetropovilo.lt\/pl\/wp-json\/wp\/v2\/users\/2"}],"replies":[{"embeddable":true,"href":"https:\/\/vilniauspetropovilo.lt\/pl\/wp-json\/wp\/v2\/comments?post=6435"}],"version-history":[{"count":2,"href":"https:\/\/vilniauspetropovilo.lt\/pl\/wp-json\/wp\/v2\/pages\/6435\/revisions"}],"predecessor-version":[{"id":6438,"href":"https:\/\/vilniauspetropovilo.lt\/pl\/wp-json\/wp\/v2\/pages\/6435\/revisions\/6438"}],"wp:featuredmedia":[{"embeddable":true,"href":"https:\/\/vilniauspetropovilo.lt\/pl\/wp-json\/wp\/v2\/media\/6437"}],"wp:attachment":[{"href":"https:\/\/vilniauspetropovilo.lt\/pl\/wp-json\/wp\/v2\/media?parent=6435"}],"curies":[{"name":"wp","href":"https:\/\/api.w.org\/{rel}","templated":true}]}}