{"id":345,"date":"2017-10-09T17:40:10","date_gmt":"2017-10-09T14:40:10","guid":{"rendered":"https:\/\/vilniauspetropovilo.lt\/?page_id=345"},"modified":"2023-07-05T22:48:09","modified_gmt":"2023-07-05T20:48:09","slug":"szpitale","status":"publish","type":"page","link":"https:\/\/vilniauspetropovilo.lt\/pl\/baznycia\/szpitale\/","title":{"rendered":"Szpitale"},"content":{"rendered":"<p><\/p>\n<h2>Kaplica w Wile\u0144skim szpitalu klinicznym<\/h2>\n<ul>\n<li>Adres: Antakalnio\u00a0 g. 57, Vilnius<\/li>\n<li>Msza \u015bw. w ka\u017cd\u0105 ostatni\u0105 sobot\u0119 o 17.00 godz. (LT)<\/li>\n<li>Numer tel. dy\u017curnego ksi\u0119dza: <a href=\"tel:+37068080078\">+370 680 80078<\/a><\/li>\n<\/ul>\n<p>&nbsp;<\/p>\n<h2>Kaplica w Antokolskiej filii Wile\u0144skiego szpitalu klinicznego<\/h2>\n<ul>\n<li>Adres: Antakalnio\u00a0 g. 124, Vilnius<\/li>\n<li>Msza \u015bw. w drugi wtorek ka\u017cdego miesi\u0105ca o 16.00 godz. (LT)<\/li>\n<li>Numer tel. dy\u017curnego ksi\u0119dza: <a href=\"tel:+37068080078\">+370 680 80078<\/a><\/li>\n<\/ul>\n<p>&nbsp;<\/p>\n<h2>Kaplica w Centrum zdrowia &#8222;Gemma&#8221;<\/h2>\n<ul>\n<li>Adres: Bistry\u010dios g. 13,Vilnius<\/li>\n<li>Numer tel. dy\u017curnego ksi\u0119dza: <a href=\"tel:+37052340229\">+370 5 234 02 29<\/a><\/li>\n<\/ul>\n<p>&nbsp;<\/p>\n<h2>Kaplica w spec. Centrum Pomocy Spo\u0142ecznej \u201eTremtini\u0173 namai\u201c<\/h2>\n<ul>\n<li>Adres: Me\u0161keriotoj\u0173 g. 22, Vilnius<\/li>\n<li>Numer tel. dy\u017curnego ksi\u0119dza: <a href=\"tel:+37052340229\">+370 5 234 02 29<\/a><\/li>\n<\/ul>\n<p>&nbsp;<\/p>\n<h2>Kaplica w szpitalu \u015bw. Rocha<\/h2>\n<ul>\n<li>Adres: Klinik\u0173 g. 2, Vilnius<\/li>\n<li>Numer tel. dy\u017curnego ksi\u0119dza: <a href=\"tel:+37052340229\">+370 5 234 02 29<\/a><\/li>\n<\/ul>\n<p>&nbsp;<\/p>\n<h2>Kaplica w centrum leczenia gru\u017alicy na Antokolu<\/h2>\n<ul>\n<li>Adres: P. \u0160irvio g. 5, Vilnius<\/li>\n<li>Numer tel. dy\u017curnego ksi\u0119dza: <a href=\"tel:+37052340229\">+370 5 234 02 29<\/a><\/li>\n<\/ul>\n<p><\/p>","protected":false},"excerpt":{"rendered":"<p>Kaplica w Wile\u0144skim szpitalu klinicznym Adres: Antakalnio\u00a0 g. 57, Vilnius Msza \u015bw. w ka\u017cd\u0105 ostatni\u0105 sobot\u0119 o 17.00 godz. (LT) Numer tel. dy\u017curnego ksi\u0119dza: +370 680 80078 &nbsp; Kaplica w \u2026<\/p>\n","protected":false},"author":2,"featured_media":0,"parent":9,"menu_order":0,"comment_status":"closed","ping_status":"closed","template":"","meta":{"footnotes":""},"class_list":["post-345","page","type-page","status-publish","hentry"],"yoast_head":"<!-- This site is optimized with the Yoast SEO plugin v27.3 - https:\/\/yoast.com\/product\/yoast-seo-wordpress\/ -->\n<title>Szpitale - Vilniaus \u0160v. apa\u0161tal\u0173 Petro ir Povilo ba\u017eny\u010dia<\/title>\n<meta name=\"robots\" content=\"index, follow, max-snippet:-1, max-image-preview:large, max-video-preview:-1\" \/>\n<link rel=\"canonical\" href=\"https:\/\/vilniauspetropovilo.lt\/baznycia\/szpitale\/\" \/>\n<meta property=\"og:locale\" content=\"pl_PL\" \/>\n<meta property=\"og:type\" content=\"article\" \/>\n<meta property=\"og:title\" content=\"Szpitale - Vilniaus \u0160v. apa\u0161tal\u0173 Petro ir Povilo ba\u017eny\u010dia\" \/>\n<meta property=\"og:description\" content=\"Kaplica w Wile\u0144skim szpitalu klinicznym Adres: Antakalnio\u00a0 g. 57, Vilnius Msza \u015bw. w ka\u017cd\u0105 ostatni\u0105 sobot\u0119 o 17.00 godz. (LT) Numer tel. dy\u017curnego ksi\u0119dza: +370 680 80078 &nbsp; Kaplica w \u2026\" \/>\n<meta property=\"og:url\" content=\"https:\/\/vilniauspetropovilo.lt\/baznycia\/szpitale\/\" \/>\n<meta property=\"og:site_name\" content=\"Vilniaus \u0160v. apa\u0161tal\u0173 Petro ir Povilo ba\u017eny\u010dia\" \/>\n<meta property=\"article:modified_time\" content=\"2023-07-05T20:48:09+00:00\" \/>\n<meta name=\"twitter:card\" content=\"summary_large_image\" \/>\n<meta name=\"twitter:label1\" content=\"Szacowany czas czytania\" \/>\n\t<meta name=\"twitter:data1\" content=\"1 minuta\" \/>\n<script type=\"application\/ld+json\" class=\"yoast-schema-graph\">{\"@context\":\"https:\\\/\\\/schema.org\",\"@graph\":[{\"@type\":\"WebPage\",\"@id\":\"https:\\\/\\\/vilniauspetropovilo.lt\\\/baznycia\\\/szpitale\\\/\",\"url\":\"https:\\\/\\\/vilniauspetropovilo.lt\\\/baznycia\\\/szpitale\\\/\",\"name\":\"Szpitale - Vilniaus \u0160v. apa\u0161tal\u0173 Petro ir Povilo ba\u017eny\u010dia\",\"isPartOf\":{\"@id\":\"https:\\\/\\\/vilniauspetropovilo.lt\\\/#website\"},\"datePublished\":\"2017-10-09T14:40:10+00:00\",\"dateModified\":\"2023-07-05T20:48:09+00:00\",\"breadcrumb\":{\"@id\":\"https:\\\/\\\/vilniauspetropovilo.lt\\\/baznycia\\\/szpitale\\\/#breadcrumb\"},\"inLanguage\":\"pl-PL\",\"potentialAction\":[{\"@type\":\"ReadAction\",\"target\":[\"https:\\\/\\\/vilniauspetropovilo.lt\\\/baznycia\\\/szpitale\\\/\"]}]},{\"@type\":\"BreadcrumbList\",\"@id\":\"https:\\\/\\\/vilniauspetropovilo.lt\\\/baznycia\\\/szpitale\\\/#breadcrumb\",\"itemListElement\":[{\"@type\":\"ListItem\",\"position\":1,\"name\":\"Home\",\"item\":\"https:\\\/\\\/vilniauspetropovilo.lt\\\/\"},{\"@type\":\"ListItem\",\"position\":2,\"name\":\"Parapija\",\"item\":\"https:\\\/\\\/vilniauspetropovilo.lt\\\/baznycia\\\/\"},{\"@type\":\"ListItem\",\"position\":3,\"name\":\"Ligonin\u0117s\"}]},{\"@type\":\"WebSite\",\"@id\":\"https:\\\/\\\/vilniauspetropovilo.lt\\\/#website\",\"url\":\"https:\\\/\\\/vilniauspetropovilo.lt\\\/\",\"name\":\"Vilniaus \u0160v. apa\u0161tal\u0173 Petro ir Povilo ba\u017eny\u010dia\",\"description\":\"parafia pw. \u015awi\u0119tych Aposto\u0142\u00f3w Piotra i Paw\u0142a w Wilnie\",\"potentialAction\":[{\"@type\":\"SearchAction\",\"target\":{\"@type\":\"EntryPoint\",\"urlTemplate\":\"https:\\\/\\\/vilniauspetropovilo.lt\\\/?s={search_term_string}\"},\"query-input\":{\"@type\":\"PropertyValueSpecification\",\"valueRequired\":true,\"valueName\":\"search_term_string\"}}],\"inLanguage\":\"pl-PL\"}]}<\/script>\n<!-- \/ Yoast SEO plugin. -->","yoast_head_json":{"title":"Szpitale - Vilniaus \u0160v. apa\u0161tal\u0173 Petro ir Povilo ba\u017eny\u010dia","robots":{"index":"index","follow":"follow","max-snippet":"max-snippet:-1","max-image-preview":"max-image-preview:large","max-video-preview":"max-video-preview:-1"},"canonical":"https:\/\/vilniauspetropovilo.lt\/baznycia\/szpitale\/","og_locale":"pl_PL","og_type":"article","og_title":"Szpitale - Vilniaus \u0160v. apa\u0161tal\u0173 Petro ir Povilo ba\u017eny\u010dia","og_description":"Kaplica w Wile\u0144skim szpitalu klinicznym Adres: Antakalnio\u00a0 g. 57, Vilnius Msza \u015bw. w ka\u017cd\u0105 ostatni\u0105 sobot\u0119 o 17.00 godz. (LT) Numer tel. dy\u017curnego ksi\u0119dza: +370 680 80078 &nbsp; Kaplica w \u2026","og_url":"https:\/\/vilniauspetropovilo.lt\/baznycia\/szpitale\/","og_site_name":"Vilniaus \u0160v. apa\u0161tal\u0173 Petro ir Povilo ba\u017eny\u010dia","article_modified_time":"2023-07-05T20:48:09+00:00","twitter_card":"summary_large_image","twitter_misc":{"Szacowany czas czytania":"1 minuta"},"schema":{"@context":"https:\/\/schema.org","@graph":[{"@type":"WebPage","@id":"https:\/\/vilniauspetropovilo.lt\/baznycia\/szpitale\/","url":"https:\/\/vilniauspetropovilo.lt\/baznycia\/szpitale\/","name":"Szpitale - Vilniaus \u0160v. apa\u0161tal\u0173 Petro ir Povilo ba\u017eny\u010dia","isPartOf":{"@id":"https:\/\/vilniauspetropovilo.lt\/#website"},"datePublished":"2017-10-09T14:40:10+00:00","dateModified":"2023-07-05T20:48:09+00:00","breadcrumb":{"@id":"https:\/\/vilniauspetropovilo.lt\/baznycia\/szpitale\/#breadcrumb"},"inLanguage":"pl-PL","potentialAction":[{"@type":"ReadAction","target":["https:\/\/vilniauspetropovilo.lt\/baznycia\/szpitale\/"]}]},{"@type":"BreadcrumbList","@id":"https:\/\/vilniauspetropovilo.lt\/baznycia\/szpitale\/#breadcrumb","itemListElement":[{"@type":"ListItem","position":1,"name":"Home","item":"https:\/\/vilniauspetropovilo.lt\/"},{"@type":"ListItem","position":2,"name":"Parapija","item":"https:\/\/vilniauspetropovilo.lt\/baznycia\/"},{"@type":"ListItem","position":3,"name":"Ligonin\u0117s"}]},{"@type":"WebSite","@id":"https:\/\/vilniauspetropovilo.lt\/#website","url":"https:\/\/vilniauspetropovilo.lt\/","name":"Vilniaus \u0160v. apa\u0161tal\u0173 Petro ir Povilo ba\u017eny\u010dia","description":"parafia pw. \u015awi\u0119tych Aposto\u0142\u00f3w Piotra i Paw\u0142a w Wilnie","potentialAction":[{"@type":"SearchAction","target":{"@type":"EntryPoint","urlTemplate":"https:\/\/vilniauspetropovilo.lt\/?s={search_term_string}"},"query-input":{"@type":"PropertyValueSpecification","valueRequired":true,"valueName":"search_term_string"}}],"inLanguage":"pl-PL"}]}},"_links":{"self":[{"href":"https:\/\/vilniauspetropovilo.lt\/pl\/wp-json\/wp\/v2\/pages\/345","targetHints":{"allow":["GET"]}}],"collection":[{"href":"https:\/\/vilniauspetropovilo.lt\/pl\/wp-json\/wp\/v2\/pages"}],"about":[{"href":"https:\/\/vilniauspetropovilo.lt\/pl\/wp-json\/wp\/v2\/types\/page"}],"author":[{"embeddable":true,"href":"https:\/\/vilniauspetropovilo.lt\/pl\/wp-json\/wp\/v2\/users\/2"}],"replies":[{"embeddable":true,"href":"https:\/\/vilniauspetropovilo.lt\/pl\/wp-json\/wp\/v2\/comments?post=345"}],"version-history":[{"count":7,"href":"https:\/\/vilniauspetropovilo.lt\/pl\/wp-json\/wp\/v2\/pages\/345\/revisions"}],"predecessor-version":[{"id":5058,"href":"https:\/\/vilniauspetropovilo.lt\/pl\/wp-json\/wp\/v2\/pages\/345\/revisions\/5058"}],"up":[{"embeddable":true,"href":"https:\/\/vilniauspetropovilo.lt\/pl\/wp-json\/wp\/v2\/pages\/9"}],"wp:attachment":[{"href":"https:\/\/vilniauspetropovilo.lt\/pl\/wp-json\/wp\/v2\/media?parent=345"}],"curies":[{"name":"wp","href":"https:\/\/api.w.org\/{rel}","templated":true}]}}