{"id":311,"date":"2017-10-08T12:06:53","date_gmt":"2017-10-08T09:06:53","guid":{"rendered":"https:\/\/vilniauspetropovilo.lt\/?page_id=311"},"modified":"2022-02-22T14:40:13","modified_gmt":"2022-02-22T12:40:13","slug":"spotkania-mlodziezowe","status":"publish","type":"page","link":"https:\/\/vilniauspetropovilo.lt\/pl\/spotkania-mlodziezowe\/","title":{"rendered":"Spotkania m\u0142odzie\u017cowe"},"content":{"rendered":"<p><\/p>\n<p>W ka\u017cdy pi\u0105tek po Mszy \u015bw. o 17.00 odbywaj\u0105 si\u0119 spotkania biblijne dla m\u0142odzie\u017cy, kt\u00f3re prowadzi Ks.\u00a0 Wojciech G\u00f3rlicki.<\/p>\n<p>Wi\u0119cej informacji mo\u017cna uzyska\u0107 w zakrystii<\/p>\n<p><\/p>","protected":false},"excerpt":{"rendered":"<p>W ka\u017cdy pi\u0105tek po Mszy \u015bw. o 17.00 odbywaj\u0105 si\u0119 spotkania biblijne dla m\u0142odzie\u017cy, kt\u00f3re prowadzi Ks.\u00a0 Wojciech G\u00f3rlicki. Wi\u0119cej informacji mo\u017cna uzyska\u0107 w zakrystii<\/p>\n","protected":false},"author":2,"featured_media":0,"parent":0,"menu_order":0,"comment_status":"closed","ping_status":"closed","template":"","meta":{"footnotes":""},"class_list":["post-311","page","type-page","status-publish","hentry"],"yoast_head":"<!-- This site is optimized with the Yoast SEO plugin v27.2 - https:\/\/yoast.com\/product\/yoast-seo-wordpress\/ -->\n<title>Spotkania m\u0142odzie\u017cowe - Vilniaus \u0160v. apa\u0161tal\u0173 Petro ir Povilo ba\u017eny\u010dia<\/title>\n<meta name=\"robots\" content=\"index, follow, max-snippet:-1, max-image-preview:large, max-video-preview:-1\" \/>\n<link rel=\"canonical\" href=\"https:\/\/vilniauspetropovilo.lt\/spotkania-mlodziezowe\/\" \/>\n<meta property=\"og:locale\" content=\"pl_PL\" \/>\n<meta property=\"og:type\" content=\"article\" \/>\n<meta property=\"og:title\" content=\"Spotkania m\u0142odzie\u017cowe - Vilniaus \u0160v. apa\u0161tal\u0173 Petro ir Povilo ba\u017eny\u010dia\" \/>\n<meta property=\"og:description\" content=\"W ka\u017cdy pi\u0105tek po Mszy \u015bw. o 17.00 odbywaj\u0105 si\u0119 spotkania biblijne dla m\u0142odzie\u017cy, kt\u00f3re prowadzi Ks.\u00a0 Wojciech G\u00f3rlicki. Wi\u0119cej informacji mo\u017cna uzyska\u0107 w zakrystii\" \/>\n<meta property=\"og:url\" content=\"https:\/\/vilniauspetropovilo.lt\/spotkania-mlodziezowe\/\" \/>\n<meta property=\"og:site_name\" content=\"Vilniaus \u0160v. apa\u0161tal\u0173 Petro ir Povilo ba\u017eny\u010dia\" \/>\n<meta property=\"article:modified_time\" content=\"2022-02-22T12:40:13+00:00\" \/>\n<meta name=\"twitter:card\" content=\"summary_large_image\" \/>\n<meta name=\"twitter:label1\" content=\"Szacowany czas czytania\" \/>\n\t<meta name=\"twitter:data1\" content=\"1 minuta\" \/>\n<script type=\"application\/ld+json\" class=\"yoast-schema-graph\">{\"@context\":\"https:\/\/schema.org\",\"@graph\":[{\"@type\":\"WebPage\",\"@id\":\"https:\/\/vilniauspetropovilo.lt\/spotkania-mlodziezowe\/\",\"url\":\"https:\/\/vilniauspetropovilo.lt\/spotkania-mlodziezowe\/\",\"name\":\"Spotkania m\u0142odzie\u017cowe - Vilniaus \u0160v. apa\u0161tal\u0173 Petro ir Povilo ba\u017eny\u010dia\",\"isPartOf\":{\"@id\":\"https:\/\/vilniauspetropovilo.lt\/#website\"},\"datePublished\":\"2017-10-08T09:06:53+00:00\",\"dateModified\":\"2022-02-22T12:40:13+00:00\",\"breadcrumb\":{\"@id\":\"https:\/\/vilniauspetropovilo.lt\/spotkania-mlodziezowe\/#breadcrumb\"},\"inLanguage\":\"pl-PL\",\"potentialAction\":[{\"@type\":\"ReadAction\",\"target\":[\"https:\/\/vilniauspetropovilo.lt\/spotkania-mlodziezowe\/\"]}]},{\"@type\":\"BreadcrumbList\",\"@id\":\"https:\/\/vilniauspetropovilo.lt\/spotkania-mlodziezowe\/#breadcrumb\",\"itemListElement\":[{\"@type\":\"ListItem\",\"position\":1,\"name\":\"Home\",\"item\":\"https:\/\/vilniauspetropovilo.lt\/\"},{\"@type\":\"ListItem\",\"position\":2,\"name\":\"Jaunimo veikla\"}]},{\"@type\":\"WebSite\",\"@id\":\"https:\/\/vilniauspetropovilo.lt\/#website\",\"url\":\"https:\/\/vilniauspetropovilo.lt\/\",\"name\":\"Vilniaus \u0160v. apa\u0161tal\u0173 Petro ir Povilo ba\u017eny\u010dia\",\"description\":\"parafia pw. \u015awi\u0119tych Aposto\u0142\u00f3w Piotra i Paw\u0142a w Wilnie\",\"potentialAction\":[{\"@type\":\"SearchAction\",\"target\":{\"@type\":\"EntryPoint\",\"urlTemplate\":\"https:\/\/vilniauspetropovilo.lt\/?s={search_term_string}\"},\"query-input\":{\"@type\":\"PropertyValueSpecification\",\"valueRequired\":true,\"valueName\":\"search_term_string\"}}],\"inLanguage\":\"pl-PL\"}]}<\/script>\n<!-- \/ Yoast SEO plugin. -->","yoast_head_json":{"title":"Spotkania m\u0142odzie\u017cowe - Vilniaus \u0160v. apa\u0161tal\u0173 Petro ir Povilo ba\u017eny\u010dia","robots":{"index":"index","follow":"follow","max-snippet":"max-snippet:-1","max-image-preview":"max-image-preview:large","max-video-preview":"max-video-preview:-1"},"canonical":"https:\/\/vilniauspetropovilo.lt\/spotkania-mlodziezowe\/","og_locale":"pl_PL","og_type":"article","og_title":"Spotkania m\u0142odzie\u017cowe - Vilniaus \u0160v. apa\u0161tal\u0173 Petro ir Povilo ba\u017eny\u010dia","og_description":"W ka\u017cdy pi\u0105tek po Mszy \u015bw. o 17.00 odbywaj\u0105 si\u0119 spotkania biblijne dla m\u0142odzie\u017cy, kt\u00f3re prowadzi Ks.\u00a0 Wojciech G\u00f3rlicki. Wi\u0119cej informacji mo\u017cna uzyska\u0107 w zakrystii","og_url":"https:\/\/vilniauspetropovilo.lt\/spotkania-mlodziezowe\/","og_site_name":"Vilniaus \u0160v. apa\u0161tal\u0173 Petro ir Povilo ba\u017eny\u010dia","article_modified_time":"2022-02-22T12:40:13+00:00","twitter_card":"summary_large_image","twitter_misc":{"Szacowany czas czytania":"1 minuta"},"schema":{"@context":"https:\/\/schema.org","@graph":[{"@type":"WebPage","@id":"https:\/\/vilniauspetropovilo.lt\/spotkania-mlodziezowe\/","url":"https:\/\/vilniauspetropovilo.lt\/spotkania-mlodziezowe\/","name":"Spotkania m\u0142odzie\u017cowe - Vilniaus \u0160v. apa\u0161tal\u0173 Petro ir Povilo ba\u017eny\u010dia","isPartOf":{"@id":"https:\/\/vilniauspetropovilo.lt\/#website"},"datePublished":"2017-10-08T09:06:53+00:00","dateModified":"2022-02-22T12:40:13+00:00","breadcrumb":{"@id":"https:\/\/vilniauspetropovilo.lt\/spotkania-mlodziezowe\/#breadcrumb"},"inLanguage":"pl-PL","potentialAction":[{"@type":"ReadAction","target":["https:\/\/vilniauspetropovilo.lt\/spotkania-mlodziezowe\/"]}]},{"@type":"BreadcrumbList","@id":"https:\/\/vilniauspetropovilo.lt\/spotkania-mlodziezowe\/#breadcrumb","itemListElement":[{"@type":"ListItem","position":1,"name":"Home","item":"https:\/\/vilniauspetropovilo.lt\/"},{"@type":"ListItem","position":2,"name":"Jaunimo veikla"}]},{"@type":"WebSite","@id":"https:\/\/vilniauspetropovilo.lt\/#website","url":"https:\/\/vilniauspetropovilo.lt\/","name":"Vilniaus \u0160v. apa\u0161tal\u0173 Petro ir Povilo ba\u017eny\u010dia","description":"parafia pw. \u015awi\u0119tych Aposto\u0142\u00f3w Piotra i Paw\u0142a w Wilnie","potentialAction":[{"@type":"SearchAction","target":{"@type":"EntryPoint","urlTemplate":"https:\/\/vilniauspetropovilo.lt\/?s={search_term_string}"},"query-input":{"@type":"PropertyValueSpecification","valueRequired":true,"valueName":"search_term_string"}}],"inLanguage":"pl-PL"}]}},"_links":{"self":[{"href":"https:\/\/vilniauspetropovilo.lt\/pl\/wp-json\/wp\/v2\/pages\/311","targetHints":{"allow":["GET"]}}],"collection":[{"href":"https:\/\/vilniauspetropovilo.lt\/pl\/wp-json\/wp\/v2\/pages"}],"about":[{"href":"https:\/\/vilniauspetropovilo.lt\/pl\/wp-json\/wp\/v2\/types\/page"}],"author":[{"embeddable":true,"href":"https:\/\/vilniauspetropovilo.lt\/pl\/wp-json\/wp\/v2\/users\/2"}],"replies":[{"embeddable":true,"href":"https:\/\/vilniauspetropovilo.lt\/pl\/wp-json\/wp\/v2\/comments?post=311"}],"version-history":[{"count":3,"href":"https:\/\/vilniauspetropovilo.lt\/pl\/wp-json\/wp\/v2\/pages\/311\/revisions"}],"predecessor-version":[{"id":4197,"href":"https:\/\/vilniauspetropovilo.lt\/pl\/wp-json\/wp\/v2\/pages\/311\/revisions\/4197"}],"wp:attachment":[{"href":"https:\/\/vilniauspetropovilo.lt\/pl\/wp-json\/wp\/v2\/media?parent=311"}],"curies":[{"name":"wp","href":"https:\/\/api.w.org\/{rel}","templated":true}]}}