{"id":299,"date":"2017-10-08T12:01:05","date_gmt":"2017-10-08T09:01:05","guid":{"rendered":"https:\/\/vilniauspetropovilo.lt\/?page_id=299"},"modified":"2017-10-24T02:03:15","modified_gmt":"2017-10-23T23:03:15","slug":"gyvasis_rozinis","status":"publish","type":"page","link":"https:\/\/vilniauspetropovilo.lt\/pl\/sielovada\/gyvasis_rozinis\/","title":{"rendered":"Ko\u0142o \u017bywego R\u00f3\u017ca\u0144ca"},"content":{"rendered":"<p><\/p>\n<p><img loading=\"lazy\" decoding=\"async\" class=\"size-medium wp-image-411\" src=\"https:\/\/vilniauspetropovilo.lt\/wp-content\/uploads\/2017\/10\/rozaniec1-300x165.jpeg\" alt=\"\" width=\"300\" height=\"165\" srcset=\"https:\/\/vilniauspetropovilo.lt\/wp-content\/uploads\/2017\/10\/rozaniec1-300x165.jpeg 300w, https:\/\/vilniauspetropovilo.lt\/wp-content\/uploads\/2017\/10\/rozaniec1-170x93.jpeg 170w, https:\/\/vilniauspetropovilo.lt\/wp-content\/uploads\/2017\/10\/rozaniec1.jpeg 663w\" sizes=\"auto, (max-width: 300px) 100vw, 300px\" \/><\/p>\n<p>Przygotowanie informacji w toku&#8230;<\/p>\n<p><\/p>","protected":false},"excerpt":{"rendered":"<p>Przygotowanie informacji w toku&#8230;<\/p>\n","protected":false},"author":2,"featured_media":0,"parent":19,"menu_order":0,"comment_status":"closed","ping_status":"closed","template":"","meta":{"footnotes":""},"class_list":["post-299","page","type-page","status-publish","hentry"],"yoast_head":"<!-- This site is optimized with the Yoast SEO plugin v27.3 - https:\/\/yoast.com\/product\/yoast-seo-wordpress\/ -->\n<title>Ko\u0142o \u017bywego R\u00f3\u017ca\u0144ca - Vilniaus \u0160v. apa\u0161tal\u0173 Petro ir Povilo ba\u017eny\u010dia<\/title>\n<meta name=\"robots\" content=\"index, follow, max-snippet:-1, max-image-preview:large, max-video-preview:-1\" \/>\n<link rel=\"canonical\" href=\"https:\/\/vilniauspetropovilo.lt\/pl\/sielovada\/gyvasis_rozinis\/\" \/>\n<meta property=\"og:locale\" content=\"pl_PL\" \/>\n<meta property=\"og:type\" content=\"article\" \/>\n<meta property=\"og:title\" content=\"Ko\u0142o \u017bywego R\u00f3\u017ca\u0144ca - Vilniaus \u0160v. apa\u0161tal\u0173 Petro ir Povilo ba\u017eny\u010dia\" \/>\n<meta property=\"og:description\" content=\"Przygotowanie informacji w toku&#8230;\" \/>\n<meta property=\"og:url\" content=\"https:\/\/vilniauspetropovilo.lt\/pl\/sielovada\/gyvasis_rozinis\/\" \/>\n<meta property=\"og:site_name\" content=\"Vilniaus \u0160v. apa\u0161tal\u0173 Petro ir Povilo ba\u017eny\u010dia\" \/>\n<meta property=\"article:modified_time\" content=\"2017-10-23T23:03:15+00:00\" \/>\n<meta property=\"og:image\" content=\"https:\/\/vilniauspetropovilo.lt\/wp-content\/uploads\/2017\/10\/rozaniec1-300x165.jpeg\" \/>\n<meta name=\"twitter:card\" content=\"summary_large_image\" \/>\n<script type=\"application\/ld+json\" class=\"yoast-schema-graph\">{\"@context\":\"https:\\\/\\\/schema.org\",\"@graph\":[{\"@type\":\"WebPage\",\"@id\":\"https:\\\/\\\/vilniauspetropovilo.lt\\\/pl\\\/sielovada\\\/gyvasis_rozinis\\\/\",\"url\":\"https:\\\/\\\/vilniauspetropovilo.lt\\\/pl\\\/sielovada\\\/gyvasis_rozinis\\\/\",\"name\":\"Ko\u0142o \u017bywego R\u00f3\u017ca\u0144ca - Vilniaus \u0160v. apa\u0161tal\u0173 Petro ir Povilo ba\u017eny\u010dia\",\"isPartOf\":{\"@id\":\"https:\\\/\\\/vilniauspetropovilo.lt\\\/#website\"},\"primaryImageOfPage\":{\"@id\":\"https:\\\/\\\/vilniauspetropovilo.lt\\\/pl\\\/sielovada\\\/gyvasis_rozinis\\\/#primaryimage\"},\"image\":{\"@id\":\"https:\\\/\\\/vilniauspetropovilo.lt\\\/pl\\\/sielovada\\\/gyvasis_rozinis\\\/#primaryimage\"},\"thumbnailUrl\":\"https:\\\/\\\/vilniauspetropovilo.lt\\\/wp-content\\\/uploads\\\/2017\\\/10\\\/rozaniec1-300x165.jpeg\",\"datePublished\":\"2017-10-08T09:01:05+00:00\",\"dateModified\":\"2017-10-23T23:03:15+00:00\",\"breadcrumb\":{\"@id\":\"https:\\\/\\\/vilniauspetropovilo.lt\\\/pl\\\/sielovada\\\/gyvasis_rozinis\\\/#breadcrumb\"},\"inLanguage\":\"pl-PL\",\"potentialAction\":[{\"@type\":\"ReadAction\",\"target\":[\"https:\\\/\\\/vilniauspetropovilo.lt\\\/pl\\\/sielovada\\\/gyvasis_rozinis\\\/\"]}]},{\"@type\":\"ImageObject\",\"inLanguage\":\"pl-PL\",\"@id\":\"https:\\\/\\\/vilniauspetropovilo.lt\\\/pl\\\/sielovada\\\/gyvasis_rozinis\\\/#primaryimage\",\"url\":\"https:\\\/\\\/vilniauspetropovilo.lt\\\/wp-content\\\/uploads\\\/2017\\\/10\\\/rozaniec1-300x165.jpeg\",\"contentUrl\":\"https:\\\/\\\/vilniauspetropovilo.lt\\\/wp-content\\\/uploads\\\/2017\\\/10\\\/rozaniec1-300x165.jpeg\"},{\"@type\":\"BreadcrumbList\",\"@id\":\"https:\\\/\\\/vilniauspetropovilo.lt\\\/pl\\\/sielovada\\\/gyvasis_rozinis\\\/#breadcrumb\",\"itemListElement\":[{\"@type\":\"ListItem\",\"position\":1,\"name\":\"Home\",\"item\":\"https:\\\/\\\/vilniauspetropovilo.lt\\\/\"},{\"@type\":\"ListItem\",\"position\":2,\"name\":\"Duszpasterstwo\",\"item\":\"https:\\\/\\\/vilniauspetropovilo.lt\\\/pl\\\/sielovada\\\/\"},{\"@type\":\"ListItem\",\"position\":3,\"name\":\"Ko\u0142o \u017bywego R\u00f3\u017ca\u0144ca\"}]},{\"@type\":\"WebSite\",\"@id\":\"https:\\\/\\\/vilniauspetropovilo.lt\\\/#website\",\"url\":\"https:\\\/\\\/vilniauspetropovilo.lt\\\/\",\"name\":\"Vilniaus \u0160v. apa\u0161tal\u0173 Petro ir Povilo ba\u017eny\u010dia\",\"description\":\"parafia pw. \u015awi\u0119tych Aposto\u0142\u00f3w Piotra i Paw\u0142a w Wilnie\",\"potentialAction\":[{\"@type\":\"SearchAction\",\"target\":{\"@type\":\"EntryPoint\",\"urlTemplate\":\"https:\\\/\\\/vilniauspetropovilo.lt\\\/?s={search_term_string}\"},\"query-input\":{\"@type\":\"PropertyValueSpecification\",\"valueRequired\":true,\"valueName\":\"search_term_string\"}}],\"inLanguage\":\"pl-PL\"}]}<\/script>\n<!-- \/ Yoast SEO plugin. -->","yoast_head_json":{"title":"Ko\u0142o \u017bywego R\u00f3\u017ca\u0144ca - Vilniaus \u0160v. apa\u0161tal\u0173 Petro ir Povilo ba\u017eny\u010dia","robots":{"index":"index","follow":"follow","max-snippet":"max-snippet:-1","max-image-preview":"max-image-preview:large","max-video-preview":"max-video-preview:-1"},"canonical":"https:\/\/vilniauspetropovilo.lt\/pl\/sielovada\/gyvasis_rozinis\/","og_locale":"pl_PL","og_type":"article","og_title":"Ko\u0142o \u017bywego R\u00f3\u017ca\u0144ca - Vilniaus \u0160v. apa\u0161tal\u0173 Petro ir Povilo ba\u017eny\u010dia","og_description":"Przygotowanie informacji w toku&#8230;","og_url":"https:\/\/vilniauspetropovilo.lt\/pl\/sielovada\/gyvasis_rozinis\/","og_site_name":"Vilniaus \u0160v. apa\u0161tal\u0173 Petro ir Povilo ba\u017eny\u010dia","article_modified_time":"2017-10-23T23:03:15+00:00","og_image":[{"url":"https:\/\/vilniauspetropovilo.lt\/wp-content\/uploads\/2017\/10\/rozaniec1-300x165.jpeg","type":"","width":"","height":""}],"twitter_card":"summary_large_image","schema":{"@context":"https:\/\/schema.org","@graph":[{"@type":"WebPage","@id":"https:\/\/vilniauspetropovilo.lt\/pl\/sielovada\/gyvasis_rozinis\/","url":"https:\/\/vilniauspetropovilo.lt\/pl\/sielovada\/gyvasis_rozinis\/","name":"Ko\u0142o \u017bywego R\u00f3\u017ca\u0144ca - Vilniaus \u0160v. apa\u0161tal\u0173 Petro ir Povilo ba\u017eny\u010dia","isPartOf":{"@id":"https:\/\/vilniauspetropovilo.lt\/#website"},"primaryImageOfPage":{"@id":"https:\/\/vilniauspetropovilo.lt\/pl\/sielovada\/gyvasis_rozinis\/#primaryimage"},"image":{"@id":"https:\/\/vilniauspetropovilo.lt\/pl\/sielovada\/gyvasis_rozinis\/#primaryimage"},"thumbnailUrl":"https:\/\/vilniauspetropovilo.lt\/wp-content\/uploads\/2017\/10\/rozaniec1-300x165.jpeg","datePublished":"2017-10-08T09:01:05+00:00","dateModified":"2017-10-23T23:03:15+00:00","breadcrumb":{"@id":"https:\/\/vilniauspetropovilo.lt\/pl\/sielovada\/gyvasis_rozinis\/#breadcrumb"},"inLanguage":"pl-PL","potentialAction":[{"@type":"ReadAction","target":["https:\/\/vilniauspetropovilo.lt\/pl\/sielovada\/gyvasis_rozinis\/"]}]},{"@type":"ImageObject","inLanguage":"pl-PL","@id":"https:\/\/vilniauspetropovilo.lt\/pl\/sielovada\/gyvasis_rozinis\/#primaryimage","url":"https:\/\/vilniauspetropovilo.lt\/wp-content\/uploads\/2017\/10\/rozaniec1-300x165.jpeg","contentUrl":"https:\/\/vilniauspetropovilo.lt\/wp-content\/uploads\/2017\/10\/rozaniec1-300x165.jpeg"},{"@type":"BreadcrumbList","@id":"https:\/\/vilniauspetropovilo.lt\/pl\/sielovada\/gyvasis_rozinis\/#breadcrumb","itemListElement":[{"@type":"ListItem","position":1,"name":"Home","item":"https:\/\/vilniauspetropovilo.lt\/"},{"@type":"ListItem","position":2,"name":"Duszpasterstwo","item":"https:\/\/vilniauspetropovilo.lt\/pl\/sielovada\/"},{"@type":"ListItem","position":3,"name":"Ko\u0142o \u017bywego R\u00f3\u017ca\u0144ca"}]},{"@type":"WebSite","@id":"https:\/\/vilniauspetropovilo.lt\/#website","url":"https:\/\/vilniauspetropovilo.lt\/","name":"Vilniaus \u0160v. apa\u0161tal\u0173 Petro ir Povilo ba\u017eny\u010dia","description":"parafia pw. \u015awi\u0119tych Aposto\u0142\u00f3w Piotra i Paw\u0142a w Wilnie","potentialAction":[{"@type":"SearchAction","target":{"@type":"EntryPoint","urlTemplate":"https:\/\/vilniauspetropovilo.lt\/?s={search_term_string}"},"query-input":{"@type":"PropertyValueSpecification","valueRequired":true,"valueName":"search_term_string"}}],"inLanguage":"pl-PL"}]}},"_links":{"self":[{"href":"https:\/\/vilniauspetropovilo.lt\/pl\/wp-json\/wp\/v2\/pages\/299","targetHints":{"allow":["GET"]}}],"collection":[{"href":"https:\/\/vilniauspetropovilo.lt\/pl\/wp-json\/wp\/v2\/pages"}],"about":[{"href":"https:\/\/vilniauspetropovilo.lt\/pl\/wp-json\/wp\/v2\/types\/page"}],"author":[{"embeddable":true,"href":"https:\/\/vilniauspetropovilo.lt\/pl\/wp-json\/wp\/v2\/users\/2"}],"replies":[{"embeddable":true,"href":"https:\/\/vilniauspetropovilo.lt\/pl\/wp-json\/wp\/v2\/comments?post=299"}],"version-history":[{"count":6,"href":"https:\/\/vilniauspetropovilo.lt\/pl\/wp-json\/wp\/v2\/pages\/299\/revisions"}],"predecessor-version":[{"id":418,"href":"https:\/\/vilniauspetropovilo.lt\/pl\/wp-json\/wp\/v2\/pages\/299\/revisions\/418"}],"up":[{"embeddable":true,"href":"https:\/\/vilniauspetropovilo.lt\/pl\/wp-json\/wp\/v2\/pages\/19"}],"wp:attachment":[{"href":"https:\/\/vilniauspetropovilo.lt\/pl\/wp-json\/wp\/v2\/media?parent=299"}],"curies":[{"name":"wp","href":"https:\/\/api.w.org\/{rel}","templated":true}]}}