{"id":295,"date":"2017-10-08T11:58:50","date_gmt":"2017-10-08T08:58:50","guid":{"rendered":"https:\/\/vilniauspetropovilo.lt\/?page_id=295"},"modified":"2017-12-13T10:30:33","modified_gmt":"2017-12-13T07:30:33","slug":"neo","status":"publish","type":"page","link":"https:\/\/vilniauspetropovilo.lt\/pl\/sielovada\/maldos-grupeles-2\/neo\/","title":{"rendered":"Wsp\u00f3lnota Drogi Neokatechumenalnej"},"content":{"rendered":"<p><\/p>\n<p><img loading=\"lazy\" decoding=\"async\" class=\"alignnone size-medium wp-image-347\" src=\"https:\/\/vilniauspetropovilo.lt\/wp-content\/uploads\/2017\/10\/I-KIKO-300x300.jpg\" alt=\"\" width=\"300\" height=\"300\" \/><\/p>\n<p>Osoba dla kontakt\u00f3w <strong>Wiktor <\/strong><br \/>\n tel.k.: 8-606-84661<\/p>\n<p><\/p>","protected":false},"excerpt":{"rendered":"<p>Osoba dla kontakt\u00f3w Wiktor tel.k.: 8-606-84661<\/p>\n","protected":false},"author":2,"featured_media":0,"parent":303,"menu_order":0,"comment_status":"closed","ping_status":"closed","template":"","meta":{"footnotes":""},"class_list":["post-295","page","type-page","status-publish","hentry"],"yoast_head":"<!-- This site is optimized with the Yoast SEO plugin v27.3 - https:\/\/yoast.com\/product\/yoast-seo-wordpress\/ -->\n<title>Wsp\u00f3lnota Drogi Neokatechumenalnej - Vilniaus \u0160v. apa\u0161tal\u0173 Petro ir Povilo ba\u017eny\u010dia<\/title>\n<meta name=\"robots\" content=\"index, follow, max-snippet:-1, max-image-preview:large, max-video-preview:-1\" \/>\n<link rel=\"canonical\" href=\"https:\/\/vilniauspetropovilo.lt\/pl\/sielovada\/maldos-grupeles-2\/neo\/\" \/>\n<meta property=\"og:locale\" content=\"pl_PL\" \/>\n<meta property=\"og:type\" content=\"article\" \/>\n<meta property=\"og:title\" content=\"Wsp\u00f3lnota Drogi Neokatechumenalnej - Vilniaus \u0160v. apa\u0161tal\u0173 Petro ir Povilo ba\u017eny\u010dia\" \/>\n<meta property=\"og:description\" content=\"Osoba dla kontakt\u00f3w Wiktor tel.k.: 8-606-84661\" \/>\n<meta property=\"og:url\" content=\"https:\/\/vilniauspetropovilo.lt\/pl\/sielovada\/maldos-grupeles-2\/neo\/\" \/>\n<meta property=\"og:site_name\" content=\"Vilniaus \u0160v. apa\u0161tal\u0173 Petro ir Povilo ba\u017eny\u010dia\" \/>\n<meta property=\"article:modified_time\" content=\"2017-12-13T07:30:33+00:00\" \/>\n<meta property=\"og:image\" content=\"https:\/\/vilniauspetropovilo.lt\/wp-content\/uploads\/2017\/10\/neo-214x300.jpg\" \/>\n<meta name=\"twitter:card\" content=\"summary_large_image\" \/>\n<script type=\"application\/ld+json\" class=\"yoast-schema-graph\">{\"@context\":\"https:\\\/\\\/schema.org\",\"@graph\":[{\"@type\":\"WebPage\",\"@id\":\"https:\\\/\\\/vilniauspetropovilo.lt\\\/pl\\\/sielovada\\\/maldos-grupeles-2\\\/neo\\\/\",\"url\":\"https:\\\/\\\/vilniauspetropovilo.lt\\\/pl\\\/sielovada\\\/maldos-grupeles-2\\\/neo\\\/\",\"name\":\"Wsp\u00f3lnota Drogi Neokatechumenalnej - Vilniaus \u0160v. apa\u0161tal\u0173 Petro ir Povilo ba\u017eny\u010dia\",\"isPartOf\":{\"@id\":\"https:\\\/\\\/vilniauspetropovilo.lt\\\/#website\"},\"primaryImageOfPage\":{\"@id\":\"https:\\\/\\\/vilniauspetropovilo.lt\\\/pl\\\/sielovada\\\/maldos-grupeles-2\\\/neo\\\/#primaryimage\"},\"image\":{\"@id\":\"https:\\\/\\\/vilniauspetropovilo.lt\\\/pl\\\/sielovada\\\/maldos-grupeles-2\\\/neo\\\/#primaryimage\"},\"thumbnailUrl\":\"https:\\\/\\\/vilniauspetropovilo.lt\\\/wp-content\\\/uploads\\\/2017\\\/10\\\/neo-214x300.jpg\",\"datePublished\":\"2017-10-08T08:58:50+00:00\",\"dateModified\":\"2017-12-13T07:30:33+00:00\",\"breadcrumb\":{\"@id\":\"https:\\\/\\\/vilniauspetropovilo.lt\\\/pl\\\/sielovada\\\/maldos-grupeles-2\\\/neo\\\/#breadcrumb\"},\"inLanguage\":\"pl-PL\",\"potentialAction\":[{\"@type\":\"ReadAction\",\"target\":[\"https:\\\/\\\/vilniauspetropovilo.lt\\\/pl\\\/sielovada\\\/maldos-grupeles-2\\\/neo\\\/\"]}]},{\"@type\":\"ImageObject\",\"inLanguage\":\"pl-PL\",\"@id\":\"https:\\\/\\\/vilniauspetropovilo.lt\\\/pl\\\/sielovada\\\/maldos-grupeles-2\\\/neo\\\/#primaryimage\",\"url\":\"https:\\\/\\\/vilniauspetropovilo.lt\\\/wp-content\\\/uploads\\\/2017\\\/10\\\/neo-214x300.jpg\",\"contentUrl\":\"https:\\\/\\\/vilniauspetropovilo.lt\\\/wp-content\\\/uploads\\\/2017\\\/10\\\/neo-214x300.jpg\"},{\"@type\":\"BreadcrumbList\",\"@id\":\"https:\\\/\\\/vilniauspetropovilo.lt\\\/pl\\\/sielovada\\\/maldos-grupeles-2\\\/neo\\\/#breadcrumb\",\"itemListElement\":[{\"@type\":\"ListItem\",\"position\":1,\"name\":\"Home\",\"item\":\"https:\\\/\\\/vilniauspetropovilo.lt\\\/\"},{\"@type\":\"ListItem\",\"position\":2,\"name\":\"Duszpasterstwo\",\"item\":\"https:\\\/\\\/vilniauspetropovilo.lt\\\/pl\\\/sielovada\\\/\"},{\"@type\":\"ListItem\",\"position\":3,\"name\":\"Grupy modlitewne\",\"item\":\"https:\\\/\\\/vilniauspetropovilo.lt\\\/pl\\\/sielovada\\\/maldos-grupeles-2\\\/\"},{\"@type\":\"ListItem\",\"position\":4,\"name\":\"Wsp\u00f3lnota Drogi Neokatechumenalnej\"}]},{\"@type\":\"WebSite\",\"@id\":\"https:\\\/\\\/vilniauspetropovilo.lt\\\/#website\",\"url\":\"https:\\\/\\\/vilniauspetropovilo.lt\\\/\",\"name\":\"Vilniaus \u0160v. apa\u0161tal\u0173 Petro ir Povilo ba\u017eny\u010dia\",\"description\":\"parafia pw. \u015awi\u0119tych Aposto\u0142\u00f3w Piotra i Paw\u0142a w Wilnie\",\"potentialAction\":[{\"@type\":\"SearchAction\",\"target\":{\"@type\":\"EntryPoint\",\"urlTemplate\":\"https:\\\/\\\/vilniauspetropovilo.lt\\\/?s={search_term_string}\"},\"query-input\":{\"@type\":\"PropertyValueSpecification\",\"valueRequired\":true,\"valueName\":\"search_term_string\"}}],\"inLanguage\":\"pl-PL\"}]}<\/script>\n<!-- \/ Yoast SEO plugin. -->","yoast_head_json":{"title":"Wsp\u00f3lnota Drogi Neokatechumenalnej - Vilniaus \u0160v. apa\u0161tal\u0173 Petro ir Povilo ba\u017eny\u010dia","robots":{"index":"index","follow":"follow","max-snippet":"max-snippet:-1","max-image-preview":"max-image-preview:large","max-video-preview":"max-video-preview:-1"},"canonical":"https:\/\/vilniauspetropovilo.lt\/pl\/sielovada\/maldos-grupeles-2\/neo\/","og_locale":"pl_PL","og_type":"article","og_title":"Wsp\u00f3lnota Drogi Neokatechumenalnej - Vilniaus \u0160v. apa\u0161tal\u0173 Petro ir Povilo ba\u017eny\u010dia","og_description":"Osoba dla kontakt\u00f3w Wiktor tel.k.: 8-606-84661","og_url":"https:\/\/vilniauspetropovilo.lt\/pl\/sielovada\/maldos-grupeles-2\/neo\/","og_site_name":"Vilniaus \u0160v. apa\u0161tal\u0173 Petro ir Povilo ba\u017eny\u010dia","article_modified_time":"2017-12-13T07:30:33+00:00","og_image":[{"url":"https:\/\/vilniauspetropovilo.lt\/wp-content\/uploads\/2017\/10\/neo-214x300.jpg","type":"","width":"","height":""}],"twitter_card":"summary_large_image","schema":{"@context":"https:\/\/schema.org","@graph":[{"@type":"WebPage","@id":"https:\/\/vilniauspetropovilo.lt\/pl\/sielovada\/maldos-grupeles-2\/neo\/","url":"https:\/\/vilniauspetropovilo.lt\/pl\/sielovada\/maldos-grupeles-2\/neo\/","name":"Wsp\u00f3lnota Drogi Neokatechumenalnej - Vilniaus \u0160v. apa\u0161tal\u0173 Petro ir Povilo ba\u017eny\u010dia","isPartOf":{"@id":"https:\/\/vilniauspetropovilo.lt\/#website"},"primaryImageOfPage":{"@id":"https:\/\/vilniauspetropovilo.lt\/pl\/sielovada\/maldos-grupeles-2\/neo\/#primaryimage"},"image":{"@id":"https:\/\/vilniauspetropovilo.lt\/pl\/sielovada\/maldos-grupeles-2\/neo\/#primaryimage"},"thumbnailUrl":"https:\/\/vilniauspetropovilo.lt\/wp-content\/uploads\/2017\/10\/neo-214x300.jpg","datePublished":"2017-10-08T08:58:50+00:00","dateModified":"2017-12-13T07:30:33+00:00","breadcrumb":{"@id":"https:\/\/vilniauspetropovilo.lt\/pl\/sielovada\/maldos-grupeles-2\/neo\/#breadcrumb"},"inLanguage":"pl-PL","potentialAction":[{"@type":"ReadAction","target":["https:\/\/vilniauspetropovilo.lt\/pl\/sielovada\/maldos-grupeles-2\/neo\/"]}]},{"@type":"ImageObject","inLanguage":"pl-PL","@id":"https:\/\/vilniauspetropovilo.lt\/pl\/sielovada\/maldos-grupeles-2\/neo\/#primaryimage","url":"https:\/\/vilniauspetropovilo.lt\/wp-content\/uploads\/2017\/10\/neo-214x300.jpg","contentUrl":"https:\/\/vilniauspetropovilo.lt\/wp-content\/uploads\/2017\/10\/neo-214x300.jpg"},{"@type":"BreadcrumbList","@id":"https:\/\/vilniauspetropovilo.lt\/pl\/sielovada\/maldos-grupeles-2\/neo\/#breadcrumb","itemListElement":[{"@type":"ListItem","position":1,"name":"Home","item":"https:\/\/vilniauspetropovilo.lt\/"},{"@type":"ListItem","position":2,"name":"Duszpasterstwo","item":"https:\/\/vilniauspetropovilo.lt\/pl\/sielovada\/"},{"@type":"ListItem","position":3,"name":"Grupy modlitewne","item":"https:\/\/vilniauspetropovilo.lt\/pl\/sielovada\/maldos-grupeles-2\/"},{"@type":"ListItem","position":4,"name":"Wsp\u00f3lnota Drogi Neokatechumenalnej"}]},{"@type":"WebSite","@id":"https:\/\/vilniauspetropovilo.lt\/#website","url":"https:\/\/vilniauspetropovilo.lt\/","name":"Vilniaus \u0160v. apa\u0161tal\u0173 Petro ir Povilo ba\u017eny\u010dia","description":"parafia pw. \u015awi\u0119tych Aposto\u0142\u00f3w Piotra i Paw\u0142a w Wilnie","potentialAction":[{"@type":"SearchAction","target":{"@type":"EntryPoint","urlTemplate":"https:\/\/vilniauspetropovilo.lt\/?s={search_term_string}"},"query-input":{"@type":"PropertyValueSpecification","valueRequired":true,"valueName":"search_term_string"}}],"inLanguage":"pl-PL"}]}},"_links":{"self":[{"href":"https:\/\/vilniauspetropovilo.lt\/pl\/wp-json\/wp\/v2\/pages\/295","targetHints":{"allow":["GET"]}}],"collection":[{"href":"https:\/\/vilniauspetropovilo.lt\/pl\/wp-json\/wp\/v2\/pages"}],"about":[{"href":"https:\/\/vilniauspetropovilo.lt\/pl\/wp-json\/wp\/v2\/types\/page"}],"author":[{"embeddable":true,"href":"https:\/\/vilniauspetropovilo.lt\/pl\/wp-json\/wp\/v2\/users\/2"}],"replies":[{"embeddable":true,"href":"https:\/\/vilniauspetropovilo.lt\/pl\/wp-json\/wp\/v2\/comments?post=295"}],"version-history":[{"count":8,"href":"https:\/\/vilniauspetropovilo.lt\/pl\/wp-json\/wp\/v2\/pages\/295\/revisions"}],"predecessor-version":[{"id":559,"href":"https:\/\/vilniauspetropovilo.lt\/pl\/wp-json\/wp\/v2\/pages\/295\/revisions\/559"}],"up":[{"embeddable":true,"href":"https:\/\/vilniauspetropovilo.lt\/pl\/wp-json\/wp\/v2\/pages\/303"}],"wp:attachment":[{"href":"https:\/\/vilniauspetropovilo.lt\/pl\/wp-json\/wp\/v2\/media?parent=295"}],"curies":[{"name":"wp","href":"https:\/\/api.w.org\/{rel}","templated":true}]}}