{"id":289,"date":"2017-10-08T11:40:54","date_gmt":"2017-10-08T08:40:54","guid":{"rendered":"https:\/\/vilniauspetropovilo.lt\/?page_id=289"},"modified":"2017-12-01T13:53:37","modified_gmt":"2017-12-01T10:53:37","slug":"parapijos-ribos","status":"publish","type":"page","link":"https:\/\/vilniauspetropovilo.lt\/pl\/baznycia\/parapijos-ribos\/","title":{"rendered":"Ulice nale\u017c\u0105ce do parafii"},"content":{"rendered":"<p><\/p>\n<ul>\n<li>Antakalnio. Anapilio, Auk\u0161tagirio;<\/li>\n<li>Bistry\u010dios, Bal\u017eio (Nr. 1-27), S. Batoro (Nr. 36-96), Brukni\u0173 (V), K. B\u016bgos;<\/li>\n<li>Debesijos, M. Dobu\u017einskio, Dvar\u010dioni\u0173;<\/li>\n<li>E\u017eer\u0117li\u0173;<\/li>\n<li>Filaret\u0173 (nuo Nr. 85 ir 70 iki galo);<\/li>\n<li>Gaid\u017ei\u0173, Gaigal\u0173, Gailesting\u0173j\u0173 seser\u0173, Gelvadi\u0161ki\u0173, Giedros, Gra\u017einos, Grybautoj\u0173, V. Grybo, Gvazdik\u0173;<\/li>\n<li>K. Jauniaus, J\u016brat\u0117s,<\/li>\n<li>Kair\u0117n\u0173 (tarp Nemen\u010din\u0117s plento ir Kair\u0117n\u0117s upelio), S. Kairio (D), Kalvos, Kankli\u0173, Kara\u010di\u016bn\u0173, Kari\u0173 kap\u0173, Keramik\u0173 (D), Kerbed\u017eio (D), Ki\u0161ki\u0173 (V), Klinik\u0173, Kokli\u0173 (D), Kop\u016bst\u0173 (V), T. Kostiu\u0161kos, Kreg\u017ed\u017ei\u0173 (D), Krivi\u0173 (nuo Oland\u0173 gatv\u0117s galo \u2013 artimesn\u0117 \u0161v. Ap. Petro ir Povilo ba\u017eny\u010diai pus\u0117), Kuos\u0173;<\/li>\n<li>Lak\u0161tingal\u0173 (V), Lentupio, Lizdeikos (V), Lyglaukio;<\/li>\n<li>Maudyklos (V), Med\u017eiotoj\u0173, Me\u0161keriotoj\u0173 (V), M\u0117lyni\u0173 (V), O. Mila\u0161iaus (V), Mildos, Milei\u0161i\u0161ki\u0173, Mi\u0161ko (D), Moliakalnio (D), P. Mork\u016bno (D);<\/li>\n<li>Naujakuri\u0173, Nemen\u010din\u0117s pl. (Nr. 1-89; 2-194), Nugal\u0117toj\u0173 (V);<\/li>\n<li>M. K. Oginskio, Oland\u0173 (Nr. 1-21, 2-24, i\u0161skyrus Nr. 22);<\/li>\n<li>M. Paco, Pasak\u0173 (V), Pavasario, Pylim\u0117li\u0173, Plytin\u0117s, Pragiedruli\u0173, Puod\u017ei\u0173 (D), Pupoj\u0173 (D);<\/li>\n<li>Rato (V), P. Rim\u0161os, Rokanti\u0161ki\u0173 (artimesn\u0117 kapin\u0117ms pus\u0117 tarp Vir\u0161upio g. ir miesto ribos), Rudens (Nr. 1-29 ir poriniai numeriai), Ruliki\u0161ki\u0173 (V), R\u016bt\u0173;<\/li>\n<li>L. Sapiegos, Saul\u0117s, Saul\u0117tekio al., Slu\u0161k\u0173, Sm\u0117lio, B. Sruogos, Svajoni\u0173 (V);<\/li>\n<li>\u0160atrijos Raganos, \u0160il\u0117n\u0173 (K), \u0160ilo, J. \u0160imoli\u016bno (D), P. \u0160irvio, \u0160vyturio;<\/li>\n<li>Tramvaj\u0173, Turni\u0161ki\u0173, Tvere\u010diaus;<\/li>\n<li>Vaidilut\u0117s (V), Valakampi\u0173, Vanag\u0173, (D), Vasaros, Velniakampio, Ver\u017euvos, (K), P. Vilei\u0161io, Vir\u0161upio (i\u0161skyrus neporinius numerius tarp S. Batoro ir Rokanti\u0161ki\u0173 gatvi\u0173), Vir\u017ei\u0173 (V), Vismaliuko (K), Volung\u0117s;<\/li>\n<li>\u017dirgo, \u017dolyno, \u017duv\u0117dr\u0173 (V).<\/li>\n<\/ul>\n<p><\/p>","protected":false},"excerpt":{"rendered":"<p>Antakalnio. Anapilio, Auk\u0161tagirio; Bistry\u010dios, Bal\u017eio (Nr. 1-27), S. Batoro (Nr. 36-96), Brukni\u0173 (V), K. B\u016bgos; Debesijos, M. Dobu\u017einskio, Dvar\u010dioni\u0173; E\u017eer\u0117li\u0173; Filaret\u0173 (nuo Nr. 85 ir 70 iki galo); Gaid\u017ei\u0173, Gaigal\u0173, \u2026<\/p>\n","protected":false},"author":2,"featured_media":0,"parent":9,"menu_order":0,"comment_status":"closed","ping_status":"closed","template":"","meta":{"footnotes":""},"class_list":["post-289","page","type-page","status-publish","hentry"],"yoast_head":"<!-- This site is optimized with the Yoast SEO plugin v27.3 - https:\/\/yoast.com\/product\/yoast-seo-wordpress\/ -->\n<title>Ulice nale\u017c\u0105ce do parafii - Vilniaus \u0160v. apa\u0161tal\u0173 Petro ir Povilo ba\u017eny\u010dia<\/title>\n<meta name=\"robots\" content=\"index, follow, max-snippet:-1, max-image-preview:large, max-video-preview:-1\" \/>\n<link rel=\"canonical\" href=\"https:\/\/vilniauspetropovilo.lt\/baznycia\/parapijos-ribos\/\" \/>\n<meta property=\"og:locale\" content=\"pl_PL\" \/>\n<meta property=\"og:type\" content=\"article\" \/>\n<meta property=\"og:title\" content=\"Ulice nale\u017c\u0105ce do parafii - Vilniaus \u0160v. apa\u0161tal\u0173 Petro ir Povilo ba\u017eny\u010dia\" \/>\n<meta property=\"og:description\" content=\"Antakalnio. Anapilio, Auk\u0161tagirio; Bistry\u010dios, Bal\u017eio (Nr. 1-27), S. Batoro (Nr. 36-96), Brukni\u0173 (V), K. B\u016bgos; Debesijos, M. Dobu\u017einskio, Dvar\u010dioni\u0173; E\u017eer\u0117li\u0173; Filaret\u0173 (nuo Nr. 85 ir 70 iki galo); Gaid\u017ei\u0173, Gaigal\u0173, \u2026\" \/>\n<meta property=\"og:url\" content=\"https:\/\/vilniauspetropovilo.lt\/baznycia\/parapijos-ribos\/\" \/>\n<meta property=\"og:site_name\" content=\"Vilniaus \u0160v. apa\u0161tal\u0173 Petro ir Povilo ba\u017eny\u010dia\" \/>\n<meta property=\"article:modified_time\" content=\"2017-12-01T10:53:37+00:00\" \/>\n<meta name=\"twitter:card\" content=\"summary_large_image\" \/>\n<meta name=\"twitter:label1\" content=\"Szacowany czas czytania\" \/>\n\t<meta name=\"twitter:data1\" content=\"2 minuty\" \/>\n<script type=\"application\/ld+json\" class=\"yoast-schema-graph\">{\"@context\":\"https:\\\/\\\/schema.org\",\"@graph\":[{\"@type\":\"WebPage\",\"@id\":\"https:\\\/\\\/vilniauspetropovilo.lt\\\/baznycia\\\/parapijos-ribos\\\/\",\"url\":\"https:\\\/\\\/vilniauspetropovilo.lt\\\/baznycia\\\/parapijos-ribos\\\/\",\"name\":\"Ulice nale\u017c\u0105ce do parafii - Vilniaus \u0160v. apa\u0161tal\u0173 Petro ir Povilo ba\u017eny\u010dia\",\"isPartOf\":{\"@id\":\"https:\\\/\\\/vilniauspetropovilo.lt\\\/#website\"},\"datePublished\":\"2017-10-08T08:40:54+00:00\",\"dateModified\":\"2017-12-01T10:53:37+00:00\",\"breadcrumb\":{\"@id\":\"https:\\\/\\\/vilniauspetropovilo.lt\\\/baznycia\\\/parapijos-ribos\\\/#breadcrumb\"},\"inLanguage\":\"pl-PL\",\"potentialAction\":[{\"@type\":\"ReadAction\",\"target\":[\"https:\\\/\\\/vilniauspetropovilo.lt\\\/baznycia\\\/parapijos-ribos\\\/\"]}]},{\"@type\":\"BreadcrumbList\",\"@id\":\"https:\\\/\\\/vilniauspetropovilo.lt\\\/baznycia\\\/parapijos-ribos\\\/#breadcrumb\",\"itemListElement\":[{\"@type\":\"ListItem\",\"position\":1,\"name\":\"Home\",\"item\":\"https:\\\/\\\/vilniauspetropovilo.lt\\\/\"},{\"@type\":\"ListItem\",\"position\":2,\"name\":\"Parapija\",\"item\":\"https:\\\/\\\/vilniauspetropovilo.lt\\\/baznycia\\\/\"},{\"@type\":\"ListItem\",\"position\":3,\"name\":\"Parapijos ribos\"}]},{\"@type\":\"WebSite\",\"@id\":\"https:\\\/\\\/vilniauspetropovilo.lt\\\/#website\",\"url\":\"https:\\\/\\\/vilniauspetropovilo.lt\\\/\",\"name\":\"Vilniaus \u0160v. apa\u0161tal\u0173 Petro ir Povilo ba\u017eny\u010dia\",\"description\":\"parafia pw. \u015awi\u0119tych Aposto\u0142\u00f3w Piotra i Paw\u0142a w Wilnie\",\"potentialAction\":[{\"@type\":\"SearchAction\",\"target\":{\"@type\":\"EntryPoint\",\"urlTemplate\":\"https:\\\/\\\/vilniauspetropovilo.lt\\\/?s={search_term_string}\"},\"query-input\":{\"@type\":\"PropertyValueSpecification\",\"valueRequired\":true,\"valueName\":\"search_term_string\"}}],\"inLanguage\":\"pl-PL\"}]}<\/script>\n<!-- \/ Yoast SEO plugin. -->","yoast_head_json":{"title":"Ulice nale\u017c\u0105ce do parafii - Vilniaus \u0160v. apa\u0161tal\u0173 Petro ir Povilo ba\u017eny\u010dia","robots":{"index":"index","follow":"follow","max-snippet":"max-snippet:-1","max-image-preview":"max-image-preview:large","max-video-preview":"max-video-preview:-1"},"canonical":"https:\/\/vilniauspetropovilo.lt\/baznycia\/parapijos-ribos\/","og_locale":"pl_PL","og_type":"article","og_title":"Ulice nale\u017c\u0105ce do parafii - Vilniaus \u0160v. apa\u0161tal\u0173 Petro ir Povilo ba\u017eny\u010dia","og_description":"Antakalnio. Anapilio, Auk\u0161tagirio; Bistry\u010dios, Bal\u017eio (Nr. 1-27), S. Batoro (Nr. 36-96), Brukni\u0173 (V), K. B\u016bgos; Debesijos, M. Dobu\u017einskio, Dvar\u010dioni\u0173; E\u017eer\u0117li\u0173; Filaret\u0173 (nuo Nr. 85 ir 70 iki galo); Gaid\u017ei\u0173, Gaigal\u0173, \u2026","og_url":"https:\/\/vilniauspetropovilo.lt\/baznycia\/parapijos-ribos\/","og_site_name":"Vilniaus \u0160v. apa\u0161tal\u0173 Petro ir Povilo ba\u017eny\u010dia","article_modified_time":"2017-12-01T10:53:37+00:00","twitter_card":"summary_large_image","twitter_misc":{"Szacowany czas czytania":"2 minuty"},"schema":{"@context":"https:\/\/schema.org","@graph":[{"@type":"WebPage","@id":"https:\/\/vilniauspetropovilo.lt\/baznycia\/parapijos-ribos\/","url":"https:\/\/vilniauspetropovilo.lt\/baznycia\/parapijos-ribos\/","name":"Ulice nale\u017c\u0105ce do parafii - Vilniaus \u0160v. apa\u0161tal\u0173 Petro ir Povilo ba\u017eny\u010dia","isPartOf":{"@id":"https:\/\/vilniauspetropovilo.lt\/#website"},"datePublished":"2017-10-08T08:40:54+00:00","dateModified":"2017-12-01T10:53:37+00:00","breadcrumb":{"@id":"https:\/\/vilniauspetropovilo.lt\/baznycia\/parapijos-ribos\/#breadcrumb"},"inLanguage":"pl-PL","potentialAction":[{"@type":"ReadAction","target":["https:\/\/vilniauspetropovilo.lt\/baznycia\/parapijos-ribos\/"]}]},{"@type":"BreadcrumbList","@id":"https:\/\/vilniauspetropovilo.lt\/baznycia\/parapijos-ribos\/#breadcrumb","itemListElement":[{"@type":"ListItem","position":1,"name":"Home","item":"https:\/\/vilniauspetropovilo.lt\/"},{"@type":"ListItem","position":2,"name":"Parapija","item":"https:\/\/vilniauspetropovilo.lt\/baznycia\/"},{"@type":"ListItem","position":3,"name":"Parapijos ribos"}]},{"@type":"WebSite","@id":"https:\/\/vilniauspetropovilo.lt\/#website","url":"https:\/\/vilniauspetropovilo.lt\/","name":"Vilniaus \u0160v. apa\u0161tal\u0173 Petro ir Povilo ba\u017eny\u010dia","description":"parafia pw. \u015awi\u0119tych Aposto\u0142\u00f3w Piotra i Paw\u0142a w Wilnie","potentialAction":[{"@type":"SearchAction","target":{"@type":"EntryPoint","urlTemplate":"https:\/\/vilniauspetropovilo.lt\/?s={search_term_string}"},"query-input":{"@type":"PropertyValueSpecification","valueRequired":true,"valueName":"search_term_string"}}],"inLanguage":"pl-PL"}]}},"_links":{"self":[{"href":"https:\/\/vilniauspetropovilo.lt\/pl\/wp-json\/wp\/v2\/pages\/289","targetHints":{"allow":["GET"]}}],"collection":[{"href":"https:\/\/vilniauspetropovilo.lt\/pl\/wp-json\/wp\/v2\/pages"}],"about":[{"href":"https:\/\/vilniauspetropovilo.lt\/pl\/wp-json\/wp\/v2\/types\/page"}],"author":[{"embeddable":true,"href":"https:\/\/vilniauspetropovilo.lt\/pl\/wp-json\/wp\/v2\/users\/2"}],"replies":[{"embeddable":true,"href":"https:\/\/vilniauspetropovilo.lt\/pl\/wp-json\/wp\/v2\/comments?post=289"}],"version-history":[{"count":8,"href":"https:\/\/vilniauspetropovilo.lt\/pl\/wp-json\/wp\/v2\/pages\/289\/revisions"}],"predecessor-version":[{"id":513,"href":"https:\/\/vilniauspetropovilo.lt\/pl\/wp-json\/wp\/v2\/pages\/289\/revisions\/513"}],"up":[{"embeddable":true,"href":"https:\/\/vilniauspetropovilo.lt\/pl\/wp-json\/wp\/v2\/pages\/9"}],"wp:attachment":[{"href":"https:\/\/vilniauspetropovilo.lt\/pl\/wp-json\/wp\/v2\/media?parent=289"}],"curies":[{"name":"wp","href":"https:\/\/api.w.org\/{rel}","templated":true}]}}