{"id":1482,"date":"2018-08-21T10:48:37","date_gmt":"2018-08-21T07:48:37","guid":{"rendered":"https:\/\/vilniauspetropovilo.lt\/?page_id=1482"},"modified":"2020-11-30T18:43:46","modified_gmt":"2020-11-30T15:43:46","slug":"informacija-piligrimams","status":"publish","type":"page","link":"https:\/\/vilniauspetropovilo.lt\/pl\/informacija-piligrimams\/","title":{"rendered":"Info dla grup pielgrzymkowych"},"content":{"rendered":"<p><\/p>\n<h3>Dla grup pielgrzymkowych z ksi\u0119\u017cmi istnieje mo\u017cliwo\u015b\u0107 rezerwacji Mszy \u015bw. w naszym ko\u015bciele:<\/h3>\n<ul>\n<li>w zachrystii,<\/li>\n<li>telefonicznie: <a href=\"tel:+37065278684\">+370 652 78 684<\/a>\u00a0 -Jurek,\u00a0<a href=\"tel:+37065270638\">+370 652 70 638<\/a>\u00a0-Marek<\/li>\n<li>poczt\u0105 elektroniczn\u0105: <a href=\"mailto:ppbaznycia@gmail.com\">ppbaznycia@gmail.com<\/a><\/li>\n<\/ul>\n<p><\/p>","protected":false},"excerpt":{"rendered":"<p>Dla grup pielgrzymkowych z ksi\u0119\u017cmi istnieje mo\u017cliwo\u015b\u0107 rezerwacji Mszy \u015bw. w naszym ko\u015bciele: w zachrystii, telefonicznie: +370 652 78 684\u00a0 -Jurek,\u00a0+370 652 70 638\u00a0-Marek poczt\u0105 elektroniczn\u0105: ppbaznycia@gmail.com<\/p>\n","protected":false},"author":2,"featured_media":0,"parent":0,"menu_order":0,"comment_status":"closed","ping_status":"closed","template":"","meta":{"footnotes":""},"class_list":["post-1482","page","type-page","status-publish","hentry"],"yoast_head":"<!-- This site is optimized with the Yoast SEO plugin v27.3 - https:\/\/yoast.com\/product\/yoast-seo-wordpress\/ -->\n<title>Info dla grup pielgrzymkowych - Vilniaus \u0160v. apa\u0161tal\u0173 Petro ir Povilo ba\u017eny\u010dia<\/title>\n<meta name=\"robots\" content=\"index, follow, max-snippet:-1, max-image-preview:large, max-video-preview:-1\" \/>\n<link rel=\"canonical\" href=\"https:\/\/vilniauspetropovilo.lt\/informacija-piligrimams\/\" \/>\n<meta property=\"og:locale\" content=\"pl_PL\" \/>\n<meta property=\"og:type\" content=\"article\" \/>\n<meta property=\"og:title\" content=\"Info dla grup pielgrzymkowych - Vilniaus \u0160v. apa\u0161tal\u0173 Petro ir Povilo ba\u017eny\u010dia\" \/>\n<meta property=\"og:description\" content=\"Dla grup pielgrzymkowych z ksi\u0119\u017cmi istnieje mo\u017cliwo\u015b\u0107 rezerwacji Mszy \u015bw. w naszym ko\u015bciele: w zachrystii, telefonicznie: +370 652 78 684\u00a0 -Jurek,\u00a0+370 652 70 638\u00a0-Marek poczt\u0105 elektroniczn\u0105: ppbaznycia@gmail.com\" \/>\n<meta property=\"og:url\" content=\"https:\/\/vilniauspetropovilo.lt\/informacija-piligrimams\/\" \/>\n<meta property=\"og:site_name\" content=\"Vilniaus \u0160v. apa\u0161tal\u0173 Petro ir Povilo ba\u017eny\u010dia\" \/>\n<meta property=\"article:modified_time\" content=\"2020-11-30T15:43:46+00:00\" \/>\n<meta name=\"twitter:card\" content=\"summary_large_image\" \/>\n<script type=\"application\/ld+json\" class=\"yoast-schema-graph\">{\"@context\":\"https:\\\/\\\/schema.org\",\"@graph\":[{\"@type\":\"WebPage\",\"@id\":\"https:\\\/\\\/vilniauspetropovilo.lt\\\/informacija-piligrimams\\\/\",\"url\":\"https:\\\/\\\/vilniauspetropovilo.lt\\\/informacija-piligrimams\\\/\",\"name\":\"Info dla grup pielgrzymkowych - Vilniaus \u0160v. apa\u0161tal\u0173 Petro ir Povilo ba\u017eny\u010dia\",\"isPartOf\":{\"@id\":\"https:\\\/\\\/vilniauspetropovilo.lt\\\/#website\"},\"datePublished\":\"2018-08-21T07:48:37+00:00\",\"dateModified\":\"2020-11-30T15:43:46+00:00\",\"breadcrumb\":{\"@id\":\"https:\\\/\\\/vilniauspetropovilo.lt\\\/informacija-piligrimams\\\/#breadcrumb\"},\"inLanguage\":\"pl-PL\",\"potentialAction\":[{\"@type\":\"ReadAction\",\"target\":[\"https:\\\/\\\/vilniauspetropovilo.lt\\\/informacija-piligrimams\\\/\"]}]},{\"@type\":\"BreadcrumbList\",\"@id\":\"https:\\\/\\\/vilniauspetropovilo.lt\\\/informacija-piligrimams\\\/#breadcrumb\",\"itemListElement\":[{\"@type\":\"ListItem\",\"position\":1,\"name\":\"Home\",\"item\":\"https:\\\/\\\/vilniauspetropovilo.lt\\\/\"},{\"@type\":\"ListItem\",\"position\":2,\"name\":\"Informacija piligrimams\"}]},{\"@type\":\"WebSite\",\"@id\":\"https:\\\/\\\/vilniauspetropovilo.lt\\\/#website\",\"url\":\"https:\\\/\\\/vilniauspetropovilo.lt\\\/\",\"name\":\"Vilniaus \u0160v. apa\u0161tal\u0173 Petro ir Povilo ba\u017eny\u010dia\",\"description\":\"parafia pw. \u015awi\u0119tych Aposto\u0142\u00f3w Piotra i Paw\u0142a w Wilnie\",\"potentialAction\":[{\"@type\":\"SearchAction\",\"target\":{\"@type\":\"EntryPoint\",\"urlTemplate\":\"https:\\\/\\\/vilniauspetropovilo.lt\\\/?s={search_term_string}\"},\"query-input\":{\"@type\":\"PropertyValueSpecification\",\"valueRequired\":true,\"valueName\":\"search_term_string\"}}],\"inLanguage\":\"pl-PL\"}]}<\/script>\n<!-- \/ Yoast SEO plugin. -->","yoast_head_json":{"title":"Info dla grup pielgrzymkowych - Vilniaus \u0160v. apa\u0161tal\u0173 Petro ir Povilo ba\u017eny\u010dia","robots":{"index":"index","follow":"follow","max-snippet":"max-snippet:-1","max-image-preview":"max-image-preview:large","max-video-preview":"max-video-preview:-1"},"canonical":"https:\/\/vilniauspetropovilo.lt\/informacija-piligrimams\/","og_locale":"pl_PL","og_type":"article","og_title":"Info dla grup pielgrzymkowych - Vilniaus \u0160v. apa\u0161tal\u0173 Petro ir Povilo ba\u017eny\u010dia","og_description":"Dla grup pielgrzymkowych z ksi\u0119\u017cmi istnieje mo\u017cliwo\u015b\u0107 rezerwacji Mszy \u015bw. w naszym ko\u015bciele: w zachrystii, telefonicznie: +370 652 78 684\u00a0 -Jurek,\u00a0+370 652 70 638\u00a0-Marek poczt\u0105 elektroniczn\u0105: ppbaznycia@gmail.com","og_url":"https:\/\/vilniauspetropovilo.lt\/informacija-piligrimams\/","og_site_name":"Vilniaus \u0160v. apa\u0161tal\u0173 Petro ir Povilo ba\u017eny\u010dia","article_modified_time":"2020-11-30T15:43:46+00:00","twitter_card":"summary_large_image","schema":{"@context":"https:\/\/schema.org","@graph":[{"@type":"WebPage","@id":"https:\/\/vilniauspetropovilo.lt\/informacija-piligrimams\/","url":"https:\/\/vilniauspetropovilo.lt\/informacija-piligrimams\/","name":"Info dla grup pielgrzymkowych - Vilniaus \u0160v. apa\u0161tal\u0173 Petro ir Povilo ba\u017eny\u010dia","isPartOf":{"@id":"https:\/\/vilniauspetropovilo.lt\/#website"},"datePublished":"2018-08-21T07:48:37+00:00","dateModified":"2020-11-30T15:43:46+00:00","breadcrumb":{"@id":"https:\/\/vilniauspetropovilo.lt\/informacija-piligrimams\/#breadcrumb"},"inLanguage":"pl-PL","potentialAction":[{"@type":"ReadAction","target":["https:\/\/vilniauspetropovilo.lt\/informacija-piligrimams\/"]}]},{"@type":"BreadcrumbList","@id":"https:\/\/vilniauspetropovilo.lt\/informacija-piligrimams\/#breadcrumb","itemListElement":[{"@type":"ListItem","position":1,"name":"Home","item":"https:\/\/vilniauspetropovilo.lt\/"},{"@type":"ListItem","position":2,"name":"Informacija piligrimams"}]},{"@type":"WebSite","@id":"https:\/\/vilniauspetropovilo.lt\/#website","url":"https:\/\/vilniauspetropovilo.lt\/","name":"Vilniaus \u0160v. apa\u0161tal\u0173 Petro ir Povilo ba\u017eny\u010dia","description":"parafia pw. \u015awi\u0119tych Aposto\u0142\u00f3w Piotra i Paw\u0142a w Wilnie","potentialAction":[{"@type":"SearchAction","target":{"@type":"EntryPoint","urlTemplate":"https:\/\/vilniauspetropovilo.lt\/?s={search_term_string}"},"query-input":{"@type":"PropertyValueSpecification","valueRequired":true,"valueName":"search_term_string"}}],"inLanguage":"pl-PL"}]}},"_links":{"self":[{"href":"https:\/\/vilniauspetropovilo.lt\/pl\/wp-json\/wp\/v2\/pages\/1482","targetHints":{"allow":["GET"]}}],"collection":[{"href":"https:\/\/vilniauspetropovilo.lt\/pl\/wp-json\/wp\/v2\/pages"}],"about":[{"href":"https:\/\/vilniauspetropovilo.lt\/pl\/wp-json\/wp\/v2\/types\/page"}],"author":[{"embeddable":true,"href":"https:\/\/vilniauspetropovilo.lt\/pl\/wp-json\/wp\/v2\/users\/2"}],"replies":[{"embeddable":true,"href":"https:\/\/vilniauspetropovilo.lt\/pl\/wp-json\/wp\/v2\/comments?post=1482"}],"version-history":[{"count":6,"href":"https:\/\/vilniauspetropovilo.lt\/pl\/wp-json\/wp\/v2\/pages\/1482\/revisions"}],"predecessor-version":[{"id":3339,"href":"https:\/\/vilniauspetropovilo.lt\/pl\/wp-json\/wp\/v2\/pages\/1482\/revisions\/3339"}],"wp:attachment":[{"href":"https:\/\/vilniauspetropovilo.lt\/pl\/wp-json\/wp\/v2\/media?parent=1482"}],"curies":[{"name":"wp","href":"https:\/\/api.w.org\/{rel}","templated":true}]}}