{"id":1426,"date":"2018-08-17T18:07:28","date_gmt":"2018-08-17T15:07:28","guid":{"rendered":"https:\/\/vilniauspetropovilo.lt\/?page_id=1426"},"modified":"2019-11-07T13:55:56","modified_gmt":"2019-11-07T10:55:56","slug":"kunigyste","status":"publish","type":"page","link":"https:\/\/vilniauspetropovilo.lt\/pl\/kunigyste\/","title":{"rendered":"Kap\u0142a\u0144stwo"},"content":{"rendered":"<p><\/p>\n<p><img loading=\"lazy\" decoding=\"async\" class=\"size-full wp-image-1427 alignleft\" src=\"https:\/\/vilniauspetropovilo.lt\/wp-content\/uploads\/2018\/08\/nakti.jpg\" alt=\"\" width=\"160\" height=\"230\" srcset=\"https:\/\/vilniauspetropovilo.lt\/wp-content\/uploads\/2018\/08\/nakti.jpg 160w, https:\/\/vilniauspetropovilo.lt\/wp-content\/uploads\/2018\/08\/nakti-70x100.jpg 70w\" sizes=\"auto, (max-width: 160px) 100vw, 160px\" \/><\/p>\n<p>Informacja w toku przygotowania&#8230;<\/p>\n<p><\/p>","protected":false},"excerpt":{"rendered":"<p>Informacja w toku przygotowania&#8230;<\/p>\n","protected":false},"author":2,"featured_media":0,"parent":0,"menu_order":0,"comment_status":"closed","ping_status":"closed","template":"","meta":{"footnotes":""},"class_list":["post-1426","page","type-page","status-publish","hentry"],"yoast_head":"<!-- This site is optimized with the Yoast SEO plugin v27.2 - https:\/\/yoast.com\/product\/yoast-seo-wordpress\/ -->\n<title>Kap\u0142a\u0144stwo - Vilniaus \u0160v. apa\u0161tal\u0173 Petro ir Povilo ba\u017eny\u010dia<\/title>\n<meta name=\"robots\" content=\"index, follow, max-snippet:-1, max-image-preview:large, max-video-preview:-1\" \/>\n<link rel=\"canonical\" href=\"https:\/\/vilniauspetropovilo.lt\/kunigyste\/\" \/>\n<meta property=\"og:locale\" content=\"pl_PL\" \/>\n<meta property=\"og:type\" content=\"article\" \/>\n<meta property=\"og:title\" content=\"Kap\u0142a\u0144stwo - Vilniaus \u0160v. apa\u0161tal\u0173 Petro ir Povilo ba\u017eny\u010dia\" \/>\n<meta property=\"og:description\" content=\"Informacja w toku przygotowania&#8230;\" \/>\n<meta property=\"og:url\" content=\"https:\/\/vilniauspetropovilo.lt\/kunigyste\/\" \/>\n<meta property=\"og:site_name\" content=\"Vilniaus \u0160v. apa\u0161tal\u0173 Petro ir Povilo ba\u017eny\u010dia\" \/>\n<meta property=\"article:modified_time\" content=\"2019-11-07T10:55:56+00:00\" \/>\n<meta property=\"og:image\" content=\"https:\/\/vilniauspetropovilo.lt\/wp-content\/uploads\/2018\/08\/nakti.jpg\" \/>\n<meta name=\"twitter:card\" content=\"summary_large_image\" \/>\n<meta name=\"twitter:label1\" content=\"Szacowany czas czytania\" \/>\n\t<meta name=\"twitter:data1\" content=\"4 minuty\" \/>\n<script type=\"application\/ld+json\" class=\"yoast-schema-graph\">{\"@context\":\"https:\/\/schema.org\",\"@graph\":[{\"@type\":\"WebPage\",\"@id\":\"https:\/\/vilniauspetropovilo.lt\/kunigyste\/\",\"url\":\"https:\/\/vilniauspetropovilo.lt\/kunigyste\/\",\"name\":\"Kap\u0142a\u0144stwo - Vilniaus \u0160v. apa\u0161tal\u0173 Petro ir Povilo ba\u017eny\u010dia\",\"isPartOf\":{\"@id\":\"https:\/\/vilniauspetropovilo.lt\/#website\"},\"primaryImageOfPage\":{\"@id\":\"https:\/\/vilniauspetropovilo.lt\/kunigyste\/#primaryimage\"},\"image\":{\"@id\":\"https:\/\/vilniauspetropovilo.lt\/kunigyste\/#primaryimage\"},\"thumbnailUrl\":\"https:\/\/vilniauspetropovilo.lt\/wp-content\/uploads\/2018\/08\/nakti.jpg\",\"datePublished\":\"2018-08-17T15:07:28+00:00\",\"dateModified\":\"2019-11-07T10:55:56+00:00\",\"breadcrumb\":{\"@id\":\"https:\/\/vilniauspetropovilo.lt\/kunigyste\/#breadcrumb\"},\"inLanguage\":\"pl-PL\",\"potentialAction\":[{\"@type\":\"ReadAction\",\"target\":[\"https:\/\/vilniauspetropovilo.lt\/kunigyste\/\"]}]},{\"@type\":\"ImageObject\",\"inLanguage\":\"pl-PL\",\"@id\":\"https:\/\/vilniauspetropovilo.lt\/kunigyste\/#primaryimage\",\"url\":\"https:\/\/vilniauspetropovilo.lt\/wp-content\/uploads\/2018\/08\/nakti.jpg\",\"contentUrl\":\"https:\/\/vilniauspetropovilo.lt\/wp-content\/uploads\/2018\/08\/nakti.jpg\"},{\"@type\":\"BreadcrumbList\",\"@id\":\"https:\/\/vilniauspetropovilo.lt\/kunigyste\/#breadcrumb\",\"itemListElement\":[{\"@type\":\"ListItem\",\"position\":1,\"name\":\"Home\",\"item\":\"https:\/\/vilniauspetropovilo.lt\/\"},{\"@type\":\"ListItem\",\"position\":2,\"name\":\"Kunigyst\u0117\"}]},{\"@type\":\"WebSite\",\"@id\":\"https:\/\/vilniauspetropovilo.lt\/#website\",\"url\":\"https:\/\/vilniauspetropovilo.lt\/\",\"name\":\"Vilniaus \u0160v. apa\u0161tal\u0173 Petro ir Povilo ba\u017eny\u010dia\",\"description\":\"parafia pw. \u015awi\u0119tych Aposto\u0142\u00f3w Piotra i Paw\u0142a w Wilnie\",\"potentialAction\":[{\"@type\":\"SearchAction\",\"target\":{\"@type\":\"EntryPoint\",\"urlTemplate\":\"https:\/\/vilniauspetropovilo.lt\/?s={search_term_string}\"},\"query-input\":{\"@type\":\"PropertyValueSpecification\",\"valueRequired\":true,\"valueName\":\"search_term_string\"}}],\"inLanguage\":\"pl-PL\"}]}<\/script>\n<!-- \/ Yoast SEO plugin. -->","yoast_head_json":{"title":"Kap\u0142a\u0144stwo - Vilniaus \u0160v. apa\u0161tal\u0173 Petro ir Povilo ba\u017eny\u010dia","robots":{"index":"index","follow":"follow","max-snippet":"max-snippet:-1","max-image-preview":"max-image-preview:large","max-video-preview":"max-video-preview:-1"},"canonical":"https:\/\/vilniauspetropovilo.lt\/kunigyste\/","og_locale":"pl_PL","og_type":"article","og_title":"Kap\u0142a\u0144stwo - Vilniaus \u0160v. apa\u0161tal\u0173 Petro ir Povilo ba\u017eny\u010dia","og_description":"Informacja w toku przygotowania&#8230;","og_url":"https:\/\/vilniauspetropovilo.lt\/kunigyste\/","og_site_name":"Vilniaus \u0160v. apa\u0161tal\u0173 Petro ir Povilo ba\u017eny\u010dia","article_modified_time":"2019-11-07T10:55:56+00:00","og_image":[{"url":"https:\/\/vilniauspetropovilo.lt\/wp-content\/uploads\/2018\/08\/nakti.jpg","type":"","width":"","height":""}],"twitter_card":"summary_large_image","twitter_misc":{"Szacowany czas czytania":"4 minuty"},"schema":{"@context":"https:\/\/schema.org","@graph":[{"@type":"WebPage","@id":"https:\/\/vilniauspetropovilo.lt\/kunigyste\/","url":"https:\/\/vilniauspetropovilo.lt\/kunigyste\/","name":"Kap\u0142a\u0144stwo - Vilniaus \u0160v. apa\u0161tal\u0173 Petro ir Povilo ba\u017eny\u010dia","isPartOf":{"@id":"https:\/\/vilniauspetropovilo.lt\/#website"},"primaryImageOfPage":{"@id":"https:\/\/vilniauspetropovilo.lt\/kunigyste\/#primaryimage"},"image":{"@id":"https:\/\/vilniauspetropovilo.lt\/kunigyste\/#primaryimage"},"thumbnailUrl":"https:\/\/vilniauspetropovilo.lt\/wp-content\/uploads\/2018\/08\/nakti.jpg","datePublished":"2018-08-17T15:07:28+00:00","dateModified":"2019-11-07T10:55:56+00:00","breadcrumb":{"@id":"https:\/\/vilniauspetropovilo.lt\/kunigyste\/#breadcrumb"},"inLanguage":"pl-PL","potentialAction":[{"@type":"ReadAction","target":["https:\/\/vilniauspetropovilo.lt\/kunigyste\/"]}]},{"@type":"ImageObject","inLanguage":"pl-PL","@id":"https:\/\/vilniauspetropovilo.lt\/kunigyste\/#primaryimage","url":"https:\/\/vilniauspetropovilo.lt\/wp-content\/uploads\/2018\/08\/nakti.jpg","contentUrl":"https:\/\/vilniauspetropovilo.lt\/wp-content\/uploads\/2018\/08\/nakti.jpg"},{"@type":"BreadcrumbList","@id":"https:\/\/vilniauspetropovilo.lt\/kunigyste\/#breadcrumb","itemListElement":[{"@type":"ListItem","position":1,"name":"Home","item":"https:\/\/vilniauspetropovilo.lt\/"},{"@type":"ListItem","position":2,"name":"Kunigyst\u0117"}]},{"@type":"WebSite","@id":"https:\/\/vilniauspetropovilo.lt\/#website","url":"https:\/\/vilniauspetropovilo.lt\/","name":"Vilniaus \u0160v. apa\u0161tal\u0173 Petro ir Povilo ba\u017eny\u010dia","description":"parafia pw. \u015awi\u0119tych Aposto\u0142\u00f3w Piotra i Paw\u0142a w Wilnie","potentialAction":[{"@type":"SearchAction","target":{"@type":"EntryPoint","urlTemplate":"https:\/\/vilniauspetropovilo.lt\/?s={search_term_string}"},"query-input":{"@type":"PropertyValueSpecification","valueRequired":true,"valueName":"search_term_string"}}],"inLanguage":"pl-PL"}]}},"_links":{"self":[{"href":"https:\/\/vilniauspetropovilo.lt\/pl\/wp-json\/wp\/v2\/pages\/1426","targetHints":{"allow":["GET"]}}],"collection":[{"href":"https:\/\/vilniauspetropovilo.lt\/pl\/wp-json\/wp\/v2\/pages"}],"about":[{"href":"https:\/\/vilniauspetropovilo.lt\/pl\/wp-json\/wp\/v2\/types\/page"}],"author":[{"embeddable":true,"href":"https:\/\/vilniauspetropovilo.lt\/pl\/wp-json\/wp\/v2\/users\/2"}],"replies":[{"embeddable":true,"href":"https:\/\/vilniauspetropovilo.lt\/pl\/wp-json\/wp\/v2\/comments?post=1426"}],"version-history":[{"count":5,"href":"https:\/\/vilniauspetropovilo.lt\/pl\/wp-json\/wp\/v2\/pages\/1426\/revisions"}],"predecessor-version":[{"id":2412,"href":"https:\/\/vilniauspetropovilo.lt\/pl\/wp-json\/wp\/v2\/pages\/1426\/revisions\/2412"}],"wp:attachment":[{"href":"https:\/\/vilniauspetropovilo.lt\/pl\/wp-json\/wp\/v2\/media?parent=1426"}],"curies":[{"name":"wp","href":"https:\/\/api.w.org\/{rel}","templated":true}]}}