{"id":1403,"date":"2018-08-17T15:58:25","date_gmt":"2018-08-17T12:58:25","guid":{"rendered":"https:\/\/vilniauspetropovilo.lt\/?page_id=1403"},"modified":"2022-02-22T14:46:15","modified_gmt":"2022-02-22T12:46:15","slug":"ligoniu-patepimas","status":"publish","type":"page","link":"https:\/\/vilniauspetropovilo.lt\/pl\/ligoniu-patepimas\/","title":{"rendered":"Namaszczenie chorych"},"content":{"rendered":"<p><\/p>\n<p><img loading=\"lazy\" decoding=\"async\" class=\"alignnone size-medium wp-image-1405\" src=\"https:\/\/vilniauspetropovilo.lt\/wp-content\/uploads\/2018\/08\/nc-300x192.jpg\" alt=\"\" width=\"300\" height=\"192\" srcset=\"https:\/\/vilniauspetropovilo.lt\/wp-content\/uploads\/2018\/08\/nc-300x192.jpg 300w, https:\/\/vilniauspetropovilo.lt\/wp-content\/uploads\/2018\/08\/nc-156x100.jpg 156w, https:\/\/vilniauspetropovilo.lt\/wp-content\/uploads\/2018\/08\/nc.jpg 624w\" sizes=\"auto, (max-width: 300px) 100vw, 300px\" \/><\/p>\n<p>W toku przygotowania<\/p>\n<p><\/p>","protected":false},"excerpt":{"rendered":"<p>W toku przygotowania<\/p>\n","protected":false},"author":2,"featured_media":0,"parent":0,"menu_order":0,"comment_status":"closed","ping_status":"closed","template":"","meta":{"footnotes":""},"class_list":["post-1403","page","type-page","status-publish","hentry"],"yoast_head":"<!-- This site is optimized with the Yoast SEO plugin v27.3 - https:\/\/yoast.com\/product\/yoast-seo-wordpress\/ -->\n<title>Namaszczenie chorych - Vilniaus \u0160v. apa\u0161tal\u0173 Petro ir Povilo ba\u017eny\u010dia<\/title>\n<meta name=\"robots\" content=\"index, follow, max-snippet:-1, max-image-preview:large, max-video-preview:-1\" \/>\n<link rel=\"canonical\" href=\"https:\/\/vilniauspetropovilo.lt\/ligoniu-patepimas\/\" \/>\n<meta property=\"og:locale\" content=\"pl_PL\" \/>\n<meta property=\"og:type\" content=\"article\" \/>\n<meta property=\"og:title\" content=\"Namaszczenie chorych - Vilniaus \u0160v. apa\u0161tal\u0173 Petro ir Povilo ba\u017eny\u010dia\" \/>\n<meta property=\"og:description\" content=\"W toku przygotowania\" \/>\n<meta property=\"og:url\" content=\"https:\/\/vilniauspetropovilo.lt\/ligoniu-patepimas\/\" \/>\n<meta property=\"og:site_name\" content=\"Vilniaus \u0160v. apa\u0161tal\u0173 Petro ir Povilo ba\u017eny\u010dia\" \/>\n<meta property=\"article:modified_time\" content=\"2022-02-22T12:46:15+00:00\" \/>\n<meta property=\"og:image\" content=\"https:\/\/vilniauspetropovilo.lt\/wp-content\/uploads\/2018\/08\/nc-300x192.jpg\" \/>\n<meta name=\"twitter:card\" content=\"summary_large_image\" \/>\n<meta name=\"twitter:label1\" content=\"Szacowany czas czytania\" \/>\n\t<meta name=\"twitter:data1\" content=\"4 minuty\" \/>\n<script type=\"application\/ld+json\" class=\"yoast-schema-graph\">{\"@context\":\"https:\\\/\\\/schema.org\",\"@graph\":[{\"@type\":\"WebPage\",\"@id\":\"https:\\\/\\\/vilniauspetropovilo.lt\\\/ligoniu-patepimas\\\/\",\"url\":\"https:\\\/\\\/vilniauspetropovilo.lt\\\/ligoniu-patepimas\\\/\",\"name\":\"Namaszczenie chorych - Vilniaus \u0160v. apa\u0161tal\u0173 Petro ir Povilo ba\u017eny\u010dia\",\"isPartOf\":{\"@id\":\"https:\\\/\\\/vilniauspetropovilo.lt\\\/#website\"},\"primaryImageOfPage\":{\"@id\":\"https:\\\/\\\/vilniauspetropovilo.lt\\\/ligoniu-patepimas\\\/#primaryimage\"},\"image\":{\"@id\":\"https:\\\/\\\/vilniauspetropovilo.lt\\\/ligoniu-patepimas\\\/#primaryimage\"},\"thumbnailUrl\":\"https:\\\/\\\/vilniauspetropovilo.lt\\\/wp-content\\\/uploads\\\/2018\\\/08\\\/nc-300x192.jpg\",\"datePublished\":\"2018-08-17T12:58:25+00:00\",\"dateModified\":\"2022-02-22T12:46:15+00:00\",\"breadcrumb\":{\"@id\":\"https:\\\/\\\/vilniauspetropovilo.lt\\\/ligoniu-patepimas\\\/#breadcrumb\"},\"inLanguage\":\"pl-PL\",\"potentialAction\":[{\"@type\":\"ReadAction\",\"target\":[\"https:\\\/\\\/vilniauspetropovilo.lt\\\/ligoniu-patepimas\\\/\"]}]},{\"@type\":\"ImageObject\",\"inLanguage\":\"pl-PL\",\"@id\":\"https:\\\/\\\/vilniauspetropovilo.lt\\\/ligoniu-patepimas\\\/#primaryimage\",\"url\":\"https:\\\/\\\/vilniauspetropovilo.lt\\\/wp-content\\\/uploads\\\/2018\\\/08\\\/nc-300x192.jpg\",\"contentUrl\":\"https:\\\/\\\/vilniauspetropovilo.lt\\\/wp-content\\\/uploads\\\/2018\\\/08\\\/nc-300x192.jpg\"},{\"@type\":\"BreadcrumbList\",\"@id\":\"https:\\\/\\\/vilniauspetropovilo.lt\\\/ligoniu-patepimas\\\/#breadcrumb\",\"itemListElement\":[{\"@type\":\"ListItem\",\"position\":1,\"name\":\"Home\",\"item\":\"https:\\\/\\\/vilniauspetropovilo.lt\\\/\"},{\"@type\":\"ListItem\",\"position\":2,\"name\":\"Ligoni\u0173 patepimas\"}]},{\"@type\":\"WebSite\",\"@id\":\"https:\\\/\\\/vilniauspetropovilo.lt\\\/#website\",\"url\":\"https:\\\/\\\/vilniauspetropovilo.lt\\\/\",\"name\":\"Vilniaus \u0160v. apa\u0161tal\u0173 Petro ir Povilo ba\u017eny\u010dia\",\"description\":\"parafia pw. \u015awi\u0119tych Aposto\u0142\u00f3w Piotra i Paw\u0142a w Wilnie\",\"potentialAction\":[{\"@type\":\"SearchAction\",\"target\":{\"@type\":\"EntryPoint\",\"urlTemplate\":\"https:\\\/\\\/vilniauspetropovilo.lt\\\/?s={search_term_string}\"},\"query-input\":{\"@type\":\"PropertyValueSpecification\",\"valueRequired\":true,\"valueName\":\"search_term_string\"}}],\"inLanguage\":\"pl-PL\"}]}<\/script>\n<!-- \/ Yoast SEO plugin. -->","yoast_head_json":{"title":"Namaszczenie chorych - Vilniaus \u0160v. apa\u0161tal\u0173 Petro ir Povilo ba\u017eny\u010dia","robots":{"index":"index","follow":"follow","max-snippet":"max-snippet:-1","max-image-preview":"max-image-preview:large","max-video-preview":"max-video-preview:-1"},"canonical":"https:\/\/vilniauspetropovilo.lt\/ligoniu-patepimas\/","og_locale":"pl_PL","og_type":"article","og_title":"Namaszczenie chorych - Vilniaus \u0160v. apa\u0161tal\u0173 Petro ir Povilo ba\u017eny\u010dia","og_description":"W toku przygotowania","og_url":"https:\/\/vilniauspetropovilo.lt\/ligoniu-patepimas\/","og_site_name":"Vilniaus \u0160v. apa\u0161tal\u0173 Petro ir Povilo ba\u017eny\u010dia","article_modified_time":"2022-02-22T12:46:15+00:00","og_image":[{"url":"https:\/\/vilniauspetropovilo.lt\/wp-content\/uploads\/2018\/08\/nc-300x192.jpg","type":"","width":"","height":""}],"twitter_card":"summary_large_image","twitter_misc":{"Szacowany czas czytania":"4 minuty"},"schema":{"@context":"https:\/\/schema.org","@graph":[{"@type":"WebPage","@id":"https:\/\/vilniauspetropovilo.lt\/ligoniu-patepimas\/","url":"https:\/\/vilniauspetropovilo.lt\/ligoniu-patepimas\/","name":"Namaszczenie chorych - Vilniaus \u0160v. apa\u0161tal\u0173 Petro ir Povilo ba\u017eny\u010dia","isPartOf":{"@id":"https:\/\/vilniauspetropovilo.lt\/#website"},"primaryImageOfPage":{"@id":"https:\/\/vilniauspetropovilo.lt\/ligoniu-patepimas\/#primaryimage"},"image":{"@id":"https:\/\/vilniauspetropovilo.lt\/ligoniu-patepimas\/#primaryimage"},"thumbnailUrl":"https:\/\/vilniauspetropovilo.lt\/wp-content\/uploads\/2018\/08\/nc-300x192.jpg","datePublished":"2018-08-17T12:58:25+00:00","dateModified":"2022-02-22T12:46:15+00:00","breadcrumb":{"@id":"https:\/\/vilniauspetropovilo.lt\/ligoniu-patepimas\/#breadcrumb"},"inLanguage":"pl-PL","potentialAction":[{"@type":"ReadAction","target":["https:\/\/vilniauspetropovilo.lt\/ligoniu-patepimas\/"]}]},{"@type":"ImageObject","inLanguage":"pl-PL","@id":"https:\/\/vilniauspetropovilo.lt\/ligoniu-patepimas\/#primaryimage","url":"https:\/\/vilniauspetropovilo.lt\/wp-content\/uploads\/2018\/08\/nc-300x192.jpg","contentUrl":"https:\/\/vilniauspetropovilo.lt\/wp-content\/uploads\/2018\/08\/nc-300x192.jpg"},{"@type":"BreadcrumbList","@id":"https:\/\/vilniauspetropovilo.lt\/ligoniu-patepimas\/#breadcrumb","itemListElement":[{"@type":"ListItem","position":1,"name":"Home","item":"https:\/\/vilniauspetropovilo.lt\/"},{"@type":"ListItem","position":2,"name":"Ligoni\u0173 patepimas"}]},{"@type":"WebSite","@id":"https:\/\/vilniauspetropovilo.lt\/#website","url":"https:\/\/vilniauspetropovilo.lt\/","name":"Vilniaus \u0160v. apa\u0161tal\u0173 Petro ir Povilo ba\u017eny\u010dia","description":"parafia pw. \u015awi\u0119tych Aposto\u0142\u00f3w Piotra i Paw\u0142a w Wilnie","potentialAction":[{"@type":"SearchAction","target":{"@type":"EntryPoint","urlTemplate":"https:\/\/vilniauspetropovilo.lt\/?s={search_term_string}"},"query-input":{"@type":"PropertyValueSpecification","valueRequired":true,"valueName":"search_term_string"}}],"inLanguage":"pl-PL"}]}},"_links":{"self":[{"href":"https:\/\/vilniauspetropovilo.lt\/pl\/wp-json\/wp\/v2\/pages\/1403","targetHints":{"allow":["GET"]}}],"collection":[{"href":"https:\/\/vilniauspetropovilo.lt\/pl\/wp-json\/wp\/v2\/pages"}],"about":[{"href":"https:\/\/vilniauspetropovilo.lt\/pl\/wp-json\/wp\/v2\/types\/page"}],"author":[{"embeddable":true,"href":"https:\/\/vilniauspetropovilo.lt\/pl\/wp-json\/wp\/v2\/users\/2"}],"replies":[{"embeddable":true,"href":"https:\/\/vilniauspetropovilo.lt\/pl\/wp-json\/wp\/v2\/comments?post=1403"}],"version-history":[{"count":27,"href":"https:\/\/vilniauspetropovilo.lt\/pl\/wp-json\/wp\/v2\/pages\/1403\/revisions"}],"predecessor-version":[{"id":4198,"href":"https:\/\/vilniauspetropovilo.lt\/pl\/wp-json\/wp\/v2\/pages\/1403\/revisions\/4198"}],"wp:attachment":[{"href":"https:\/\/vilniauspetropovilo.lt\/pl\/wp-json\/wp\/v2\/media?parent=1403"}],"curies":[{"name":"wp","href":"https:\/\/api.w.org\/{rel}","templated":true}]}}