{"id":1355,"date":"2018-07-24T14:44:23","date_gmt":"2018-07-24T11:44:23","guid":{"rendered":"https:\/\/vilniauspetropovilo.lt\/?page_id=1355"},"modified":"2025-08-14T15:29:03","modified_gmt":"2025-08-14T13:29:03","slug":"sutvirtinimas","status":"publish","type":"page","link":"https:\/\/vilniauspetropovilo.lt\/pl\/sutvirtinimas\/","title":{"rendered":"Bierzmowanie"},"content":{"rendered":"<p><\/p>\n<h2><strong>REJESTRACJA KANDYTAT\u00d3W DO BIERZMOWANIA 2025\/2026<\/strong><\/h2>\n<p><strong>Do 27 pa\u017adziernika 2025 r.<\/strong> prowadzone s\u0105 zapisy m\u0142odzie\u017cy (od klasy 9 wzwy\u017c), kt\u00f3ra w 2026 r. planuje przyst\u0105pi\u0107 do Sakramentu Bierzmowania.<\/p>\n<p>Spotkania z kandydatami rozpoczn\u0105 si\u0119 w listopadzie 2025 r. Szczeg\u00f3\u0142owe informacje dotycz\u0105ce pierwszego spotkania zostan\u0105 podane 31 pa\u017adziernika.<\/p>\n<p>Zg\u0142oszenia do przyj\u0119cia Sakramentu Bierzmowania przyjmowane s\u0105 w zakrystii lub drog\u0105 elektroniczn\u0105.<\/p>\n<p>Dla rejestracji kandydat\u00f3w prosimy o:<\/p>\n<ol>\n<li><strong>Wype\u0142nienie ankiety<\/strong> elektronicznej <strong>&gt;&gt;&gt; <a href=\"https:\/\/forms.gle\/KffiYDQ65ytVW8Cy8\">Rejestracja kandydata do Bierzmowania 2025-2026<\/a> &lt;&lt;&lt;<\/strong><\/li>\n<li><strong>Wype\u0142nienie<\/strong> formularzu \u201e<strong>Pro\u015bba, o przygotowanie do Bierzmowania<\/strong>.\u201d, kt\u00f3ry mo\u017cna pobra\u0107 z podanego linku <a href=\"https:\/\/vilniauspetropovilo.lt\/wp-content\/uploads\/2025\/08\/Sutvirtinimo-sakramento-prasymas.pdf\">&#8211;<strong>&gt;&gt;&gt; Sutvirtinimo sakramento pras\u030cymas &lt;&lt;&lt;-<\/strong> <\/a><span style=\"text-decoration: underline;\"><strong>\u00a0<\/strong><\/span>oddrukowa\u0107, wype\u0142ni\u0107 go i przynie\u015b\u0107 ze sob\u0105 na pierwsze spotkanie. Je\u015bli nie macie mo\u017cliwo\u015bci oddrukowania, to formularz ten mo\u017cna wype\u0142ni\u0107 w zakrystii lub na pierwszym spotkaniu.<\/li>\n<li><strong>Na pierwsze spotkanie przynie\u015b\u0107 wype\u0142nion\u0105 pro\u015bb\u0119 i kopi\u0119 metryki chrztu.<\/strong><\/li>\n<\/ol>\n<p>W razie pyta\u0144 prosimy o kontakt:<\/p>\n<ul>\n<li style=\"list-style-type: none;\">\n<ul>\n<li><a href=\"mailto:ppbaznycia@gmail.com\">ppbaznycia@gmail.com<\/a><\/li>\n<li><a href=\"tel:+37065270638\">+370 652 70638<\/a> Marek<\/li>\n<\/ul>\n<\/li>\n<\/ul>\n<ul>\n<li style=\"list-style-type: none;\">\n<ul>\n<li style=\"list-style-type: none;\">\n<ul>\n<li style=\"list-style-type: none;\">\n<ul>\n<li style=\"list-style-type: none;\">\u00a0<\/li>\n<\/ul>\n<\/li>\n<\/ul>\n<\/li>\n<\/ul>\n<\/li>\n<\/ul>\n<p><\/p>","protected":false},"excerpt":{"rendered":"<p>REJESTRACJA KANDYTAT\u00d3W DO BIERZMOWANIA 2025\/2026 Do 27 pa\u017adziernika 2025 r. prowadzone s\u0105 zapisy m\u0142odzie\u017cy (od klasy 9 wzwy\u017c), kt\u00f3ra w 2026 r. planuje przyst\u0105pi\u0107 do Sakramentu Bierzmowania. Spotkania z kandydatami \u2026<\/p>\n","protected":false},"author":2,"featured_media":0,"parent":0,"menu_order":0,"comment_status":"closed","ping_status":"closed","template":"","meta":{"footnotes":""},"class_list":["post-1355","page","type-page","status-publish","hentry"],"yoast_head":"<!-- This site is optimized with the Yoast SEO plugin v27.3 - https:\/\/yoast.com\/product\/yoast-seo-wordpress\/ -->\n<title>Bierzmowanie - Vilniaus \u0160v. apa\u0161tal\u0173 Petro ir Povilo ba\u017eny\u010dia<\/title>\n<meta name=\"robots\" content=\"index, follow, max-snippet:-1, max-image-preview:large, max-video-preview:-1\" \/>\n<link rel=\"canonical\" href=\"https:\/\/vilniauspetropovilo.lt\/sutvirtinimas\/\" \/>\n<meta property=\"og:locale\" content=\"pl_PL\" \/>\n<meta property=\"og:type\" content=\"article\" \/>\n<meta property=\"og:title\" content=\"Bierzmowanie - Vilniaus \u0160v. apa\u0161tal\u0173 Petro ir Povilo ba\u017eny\u010dia\" \/>\n<meta property=\"og:description\" content=\"REJESTRACJA KANDYTAT\u00d3W DO BIERZMOWANIA 2025\/2026 Do 27 pa\u017adziernika 2025 r. prowadzone s\u0105 zapisy m\u0142odzie\u017cy (od klasy 9 wzwy\u017c), kt\u00f3ra w 2026 r. planuje przyst\u0105pi\u0107 do Sakramentu Bierzmowania. Spotkania z kandydatami \u2026\" \/>\n<meta property=\"og:url\" content=\"https:\/\/vilniauspetropovilo.lt\/sutvirtinimas\/\" \/>\n<meta property=\"og:site_name\" content=\"Vilniaus \u0160v. apa\u0161tal\u0173 Petro ir Povilo ba\u017eny\u010dia\" \/>\n<meta property=\"article:modified_time\" content=\"2025-08-14T13:29:03+00:00\" \/>\n<meta name=\"twitter:card\" content=\"summary_large_image\" \/>\n<meta name=\"twitter:label1\" content=\"Szacowany czas czytania\" \/>\n\t<meta name=\"twitter:data1\" content=\"1 minuta\" \/>\n<script type=\"application\/ld+json\" class=\"yoast-schema-graph\">{\"@context\":\"https:\\\/\\\/schema.org\",\"@graph\":[{\"@type\":\"WebPage\",\"@id\":\"https:\\\/\\\/vilniauspetropovilo.lt\\\/sutvirtinimas\\\/\",\"url\":\"https:\\\/\\\/vilniauspetropovilo.lt\\\/sutvirtinimas\\\/\",\"name\":\"Bierzmowanie - Vilniaus \u0160v. apa\u0161tal\u0173 Petro ir Povilo ba\u017eny\u010dia\",\"isPartOf\":{\"@id\":\"https:\\\/\\\/vilniauspetropovilo.lt\\\/#website\"},\"datePublished\":\"2018-07-24T11:44:23+00:00\",\"dateModified\":\"2025-08-14T13:29:03+00:00\",\"breadcrumb\":{\"@id\":\"https:\\\/\\\/vilniauspetropovilo.lt\\\/sutvirtinimas\\\/#breadcrumb\"},\"inLanguage\":\"pl-PL\",\"potentialAction\":[{\"@type\":\"ReadAction\",\"target\":[\"https:\\\/\\\/vilniauspetropovilo.lt\\\/sutvirtinimas\\\/\"]}]},{\"@type\":\"BreadcrumbList\",\"@id\":\"https:\\\/\\\/vilniauspetropovilo.lt\\\/sutvirtinimas\\\/#breadcrumb\",\"itemListElement\":[{\"@type\":\"ListItem\",\"position\":1,\"name\":\"Home\",\"item\":\"https:\\\/\\\/vilniauspetropovilo.lt\\\/\"},{\"@type\":\"ListItem\",\"position\":2,\"name\":\"Sutvirtinimas\"}]},{\"@type\":\"WebSite\",\"@id\":\"https:\\\/\\\/vilniauspetropovilo.lt\\\/#website\",\"url\":\"https:\\\/\\\/vilniauspetropovilo.lt\\\/\",\"name\":\"Vilniaus \u0160v. apa\u0161tal\u0173 Petro ir Povilo ba\u017eny\u010dia\",\"description\":\"parafia pw. \u015awi\u0119tych Aposto\u0142\u00f3w Piotra i Paw\u0142a w Wilnie\",\"potentialAction\":[{\"@type\":\"SearchAction\",\"target\":{\"@type\":\"EntryPoint\",\"urlTemplate\":\"https:\\\/\\\/vilniauspetropovilo.lt\\\/?s={search_term_string}\"},\"query-input\":{\"@type\":\"PropertyValueSpecification\",\"valueRequired\":true,\"valueName\":\"search_term_string\"}}],\"inLanguage\":\"pl-PL\"}]}<\/script>\n<!-- \/ Yoast SEO plugin. -->","yoast_head_json":{"title":"Bierzmowanie - Vilniaus \u0160v. apa\u0161tal\u0173 Petro ir Povilo ba\u017eny\u010dia","robots":{"index":"index","follow":"follow","max-snippet":"max-snippet:-1","max-image-preview":"max-image-preview:large","max-video-preview":"max-video-preview:-1"},"canonical":"https:\/\/vilniauspetropovilo.lt\/sutvirtinimas\/","og_locale":"pl_PL","og_type":"article","og_title":"Bierzmowanie - Vilniaus \u0160v. apa\u0161tal\u0173 Petro ir Povilo ba\u017eny\u010dia","og_description":"REJESTRACJA KANDYTAT\u00d3W DO BIERZMOWANIA 2025\/2026 Do 27 pa\u017adziernika 2025 r. prowadzone s\u0105 zapisy m\u0142odzie\u017cy (od klasy 9 wzwy\u017c), kt\u00f3ra w 2026 r. planuje przyst\u0105pi\u0107 do Sakramentu Bierzmowania. Spotkania z kandydatami \u2026","og_url":"https:\/\/vilniauspetropovilo.lt\/sutvirtinimas\/","og_site_name":"Vilniaus \u0160v. apa\u0161tal\u0173 Petro ir Povilo ba\u017eny\u010dia","article_modified_time":"2025-08-14T13:29:03+00:00","twitter_card":"summary_large_image","twitter_misc":{"Szacowany czas czytania":"1 minuta"},"schema":{"@context":"https:\/\/schema.org","@graph":[{"@type":"WebPage","@id":"https:\/\/vilniauspetropovilo.lt\/sutvirtinimas\/","url":"https:\/\/vilniauspetropovilo.lt\/sutvirtinimas\/","name":"Bierzmowanie - Vilniaus \u0160v. apa\u0161tal\u0173 Petro ir Povilo ba\u017eny\u010dia","isPartOf":{"@id":"https:\/\/vilniauspetropovilo.lt\/#website"},"datePublished":"2018-07-24T11:44:23+00:00","dateModified":"2025-08-14T13:29:03+00:00","breadcrumb":{"@id":"https:\/\/vilniauspetropovilo.lt\/sutvirtinimas\/#breadcrumb"},"inLanguage":"pl-PL","potentialAction":[{"@type":"ReadAction","target":["https:\/\/vilniauspetropovilo.lt\/sutvirtinimas\/"]}]},{"@type":"BreadcrumbList","@id":"https:\/\/vilniauspetropovilo.lt\/sutvirtinimas\/#breadcrumb","itemListElement":[{"@type":"ListItem","position":1,"name":"Home","item":"https:\/\/vilniauspetropovilo.lt\/"},{"@type":"ListItem","position":2,"name":"Sutvirtinimas"}]},{"@type":"WebSite","@id":"https:\/\/vilniauspetropovilo.lt\/#website","url":"https:\/\/vilniauspetropovilo.lt\/","name":"Vilniaus \u0160v. apa\u0161tal\u0173 Petro ir Povilo ba\u017eny\u010dia","description":"parafia pw. \u015awi\u0119tych Aposto\u0142\u00f3w Piotra i Paw\u0142a w Wilnie","potentialAction":[{"@type":"SearchAction","target":{"@type":"EntryPoint","urlTemplate":"https:\/\/vilniauspetropovilo.lt\/?s={search_term_string}"},"query-input":{"@type":"PropertyValueSpecification","valueRequired":true,"valueName":"search_term_string"}}],"inLanguage":"pl-PL"}]}},"_links":{"self":[{"href":"https:\/\/vilniauspetropovilo.lt\/pl\/wp-json\/wp\/v2\/pages\/1355","targetHints":{"allow":["GET"]}}],"collection":[{"href":"https:\/\/vilniauspetropovilo.lt\/pl\/wp-json\/wp\/v2\/pages"}],"about":[{"href":"https:\/\/vilniauspetropovilo.lt\/pl\/wp-json\/wp\/v2\/types\/page"}],"author":[{"embeddable":true,"href":"https:\/\/vilniauspetropovilo.lt\/pl\/wp-json\/wp\/v2\/users\/2"}],"replies":[{"embeddable":true,"href":"https:\/\/vilniauspetropovilo.lt\/pl\/wp-json\/wp\/v2\/comments?post=1355"}],"version-history":[{"count":63,"href":"https:\/\/vilniauspetropovilo.lt\/pl\/wp-json\/wp\/v2\/pages\/1355\/revisions"}],"predecessor-version":[{"id":5921,"href":"https:\/\/vilniauspetropovilo.lt\/pl\/wp-json\/wp\/v2\/pages\/1355\/revisions\/5921"}],"wp:attachment":[{"href":"https:\/\/vilniauspetropovilo.lt\/pl\/wp-json\/wp\/v2\/media?parent=1355"}],"curies":[{"name":"wp","href":"https:\/\/api.w.org\/{rel}","templated":true}]}}