{"id":1353,"date":"2018-07-24T14:43:48","date_gmt":"2018-07-24T11:43:48","guid":{"rendered":"https:\/\/vilniauspetropovilo.lt\/?page_id=1353"},"modified":"2025-08-14T15:26:57","modified_gmt":"2025-08-14T13:26:57","slug":"pirmoji-komunija","status":"publish","type":"page","link":"https:\/\/vilniauspetropovilo.lt\/pl\/pirmoji-komunija\/","title":{"rendered":"Eucharystia (Pierwsza Komunia)"},"content":{"rendered":"<p><\/p>\n<h3><strong>Rejestracja do Pierwszej Komuni<\/strong><\/h3>\n<p><strong>do 30 wrze\u015bnia 2025 r.<\/strong> zapisujemy dzieci (od 3 klasy i starsze), kt\u00f3re w 2026 roku chcieliby przyst\u0105pi\u0107 do pierwszej Komunii \u015awi\u0119tej.<\/p>\n<p>Pocz\u0105tek spotka\u0144 z dzie\u0107mi \u2013 w drug\u0105 niedziel\u0119 pa\u017adziernika (12 pa\u017adziernika), na Mszy \u015bw. o 13.00 godz.<\/p>\n<p>Rodzice lub opiekunowie mog\u0105 zapisa\u0107 dzieci w zakrystii lub elektronicznie:<\/p>\n<ol>\n<li>Dla rejestracji prosimy o wype\u0142nienie ankiety elektronicznej: \u201e<a href=\"https:\/\/forms.gle\/BjmiauKVwWVbKHEYA\"><strong>REJESTRACJA DO PIERWSZEJ KOMUNII \u015aW. 2025\/2026 <\/strong><\/a>\u201d<\/li>\n<li>Po wype\u0142nieniu ankiety, prosimy tak\u017ce o wype\u0142nienie formularzu, kt\u00f3ry mo\u017cecie pobra\u0107 z podanego linku: <a href=\"https:\/\/vilniauspetropovilo.lt\/wp-content\/uploads\/2025\/08\/Pirmosios-komunijos-prasymas-2025.pdf\">&#8212;&gt;&gt;&gt; Pro\u015bba o przygotowanie dziecka do pierwszej Komunii \u015aw. &lt;&lt;&lt;&#8212;<\/a>\u00a0oddrukowa\u0107, wype\u0142ni\u0107 go i przynie\u015b\u0107 ze sob\u0105 na pierwsze spotkanie. Je\u015bli nie macie mo\u017cliwo\u015bci oddrukowania, to formularz ten mo\u017cna b\u0119dzie wype\u0142ni\u0107 w zakrystii na pierwszym spotkaniu.<\/li>\n<li>Razem z formularzem na pierwsze spotkanie prosimy przynie\u015b\u0107 kopi\u0119 metryki Chrztu dziecka.<\/li>\n<\/ol>\n<p>&nbsp;<\/p>\n<p>W razie pyta\u0144 prosimy o kontakt:<\/p>\n<ul>\n<li style=\"list-style-type: none;\">\n<ul>\n<li>telefonicznie: <a href=\"tel:+37065270638\">+370 652 70 638<\/a>\u00a0\u2013 Marek<\/li>\n<li>poprzez poczt\u0119 el.:\u00a0<a href=\"mailto:ppbaznycia@gmail.com\">ppbaznycia@gmail.com<\/a><\/li>\n<\/ul>\n<\/li>\n<\/ul>\n<p><\/p>","protected":false},"excerpt":{"rendered":"<p>Rejestracja do Pierwszej Komuni do 30 wrze\u015bnia 2025 r. zapisujemy dzieci (od 3 klasy i starsze), kt\u00f3re w 2026 roku chcieliby przyst\u0105pi\u0107 do pierwszej Komunii \u015awi\u0119tej. Pocz\u0105tek spotka\u0144 z dzie\u0107mi \u2026<\/p>\n","protected":false},"author":2,"featured_media":0,"parent":0,"menu_order":0,"comment_status":"closed","ping_status":"closed","template":"","meta":{"footnotes":""},"class_list":["post-1353","page","type-page","status-publish","hentry"],"yoast_head":"<!-- This site is optimized with the Yoast SEO plugin v27.3 - https:\/\/yoast.com\/product\/yoast-seo-wordpress\/ -->\n<title>Eucharystia (Pierwsza Komunia) - Vilniaus \u0160v. apa\u0161tal\u0173 Petro ir Povilo ba\u017eny\u010dia<\/title>\n<meta name=\"robots\" content=\"index, follow, max-snippet:-1, max-image-preview:large, max-video-preview:-1\" \/>\n<link rel=\"canonical\" href=\"https:\/\/vilniauspetropovilo.lt\/pirmoji-komunija\/\" \/>\n<meta property=\"og:locale\" content=\"pl_PL\" \/>\n<meta property=\"og:type\" content=\"article\" \/>\n<meta property=\"og:title\" content=\"Eucharystia (Pierwsza Komunia) - Vilniaus \u0160v. apa\u0161tal\u0173 Petro ir Povilo ba\u017eny\u010dia\" \/>\n<meta property=\"og:description\" content=\"Rejestracja do Pierwszej Komuni do 30 wrze\u015bnia 2025 r. zapisujemy dzieci (od 3 klasy i starsze), kt\u00f3re w 2026 roku chcieliby przyst\u0105pi\u0107 do pierwszej Komunii \u015awi\u0119tej. Pocz\u0105tek spotka\u0144 z dzie\u0107mi \u2026\" \/>\n<meta property=\"og:url\" content=\"https:\/\/vilniauspetropovilo.lt\/pirmoji-komunija\/\" \/>\n<meta property=\"og:site_name\" content=\"Vilniaus \u0160v. apa\u0161tal\u0173 Petro ir Povilo ba\u017eny\u010dia\" \/>\n<meta property=\"article:modified_time\" content=\"2025-08-14T13:26:57+00:00\" \/>\n<meta name=\"twitter:card\" content=\"summary_large_image\" \/>\n<meta name=\"twitter:label1\" content=\"Szacowany czas czytania\" \/>\n\t<meta name=\"twitter:data1\" content=\"1 minuta\" \/>\n<script type=\"application\/ld+json\" class=\"yoast-schema-graph\">{\"@context\":\"https:\\\/\\\/schema.org\",\"@graph\":[{\"@type\":\"WebPage\",\"@id\":\"https:\\\/\\\/vilniauspetropovilo.lt\\\/pirmoji-komunija\\\/\",\"url\":\"https:\\\/\\\/vilniauspetropovilo.lt\\\/pirmoji-komunija\\\/\",\"name\":\"Eucharystia (Pierwsza Komunia) - Vilniaus \u0160v. apa\u0161tal\u0173 Petro ir Povilo ba\u017eny\u010dia\",\"isPartOf\":{\"@id\":\"https:\\\/\\\/vilniauspetropovilo.lt\\\/#website\"},\"datePublished\":\"2018-07-24T11:43:48+00:00\",\"dateModified\":\"2025-08-14T13:26:57+00:00\",\"breadcrumb\":{\"@id\":\"https:\\\/\\\/vilniauspetropovilo.lt\\\/pirmoji-komunija\\\/#breadcrumb\"},\"inLanguage\":\"pl-PL\",\"potentialAction\":[{\"@type\":\"ReadAction\",\"target\":[\"https:\\\/\\\/vilniauspetropovilo.lt\\\/pirmoji-komunija\\\/\"]}]},{\"@type\":\"BreadcrumbList\",\"@id\":\"https:\\\/\\\/vilniauspetropovilo.lt\\\/pirmoji-komunija\\\/#breadcrumb\",\"itemListElement\":[{\"@type\":\"ListItem\",\"position\":1,\"name\":\"Home\",\"item\":\"https:\\\/\\\/vilniauspetropovilo.lt\\\/\"},{\"@type\":\"ListItem\",\"position\":2,\"name\":\"Eucharistija (Pirmoji Komunija)\"}]},{\"@type\":\"WebSite\",\"@id\":\"https:\\\/\\\/vilniauspetropovilo.lt\\\/#website\",\"url\":\"https:\\\/\\\/vilniauspetropovilo.lt\\\/\",\"name\":\"Vilniaus \u0160v. apa\u0161tal\u0173 Petro ir Povilo ba\u017eny\u010dia\",\"description\":\"parafia pw. \u015awi\u0119tych Aposto\u0142\u00f3w Piotra i Paw\u0142a w Wilnie\",\"potentialAction\":[{\"@type\":\"SearchAction\",\"target\":{\"@type\":\"EntryPoint\",\"urlTemplate\":\"https:\\\/\\\/vilniauspetropovilo.lt\\\/?s={search_term_string}\"},\"query-input\":{\"@type\":\"PropertyValueSpecification\",\"valueRequired\":true,\"valueName\":\"search_term_string\"}}],\"inLanguage\":\"pl-PL\"}]}<\/script>\n<!-- \/ Yoast SEO plugin. -->","yoast_head_json":{"title":"Eucharystia (Pierwsza Komunia) - Vilniaus \u0160v. apa\u0161tal\u0173 Petro ir Povilo ba\u017eny\u010dia","robots":{"index":"index","follow":"follow","max-snippet":"max-snippet:-1","max-image-preview":"max-image-preview:large","max-video-preview":"max-video-preview:-1"},"canonical":"https:\/\/vilniauspetropovilo.lt\/pirmoji-komunija\/","og_locale":"pl_PL","og_type":"article","og_title":"Eucharystia (Pierwsza Komunia) - Vilniaus \u0160v. apa\u0161tal\u0173 Petro ir Povilo ba\u017eny\u010dia","og_description":"Rejestracja do Pierwszej Komuni do 30 wrze\u015bnia 2025 r. zapisujemy dzieci (od 3 klasy i starsze), kt\u00f3re w 2026 roku chcieliby przyst\u0105pi\u0107 do pierwszej Komunii \u015awi\u0119tej. Pocz\u0105tek spotka\u0144 z dzie\u0107mi \u2026","og_url":"https:\/\/vilniauspetropovilo.lt\/pirmoji-komunija\/","og_site_name":"Vilniaus \u0160v. apa\u0161tal\u0173 Petro ir Povilo ba\u017eny\u010dia","article_modified_time":"2025-08-14T13:26:57+00:00","twitter_card":"summary_large_image","twitter_misc":{"Szacowany czas czytania":"1 minuta"},"schema":{"@context":"https:\/\/schema.org","@graph":[{"@type":"WebPage","@id":"https:\/\/vilniauspetropovilo.lt\/pirmoji-komunija\/","url":"https:\/\/vilniauspetropovilo.lt\/pirmoji-komunija\/","name":"Eucharystia (Pierwsza Komunia) - Vilniaus \u0160v. apa\u0161tal\u0173 Petro ir Povilo ba\u017eny\u010dia","isPartOf":{"@id":"https:\/\/vilniauspetropovilo.lt\/#website"},"datePublished":"2018-07-24T11:43:48+00:00","dateModified":"2025-08-14T13:26:57+00:00","breadcrumb":{"@id":"https:\/\/vilniauspetropovilo.lt\/pirmoji-komunija\/#breadcrumb"},"inLanguage":"pl-PL","potentialAction":[{"@type":"ReadAction","target":["https:\/\/vilniauspetropovilo.lt\/pirmoji-komunija\/"]}]},{"@type":"BreadcrumbList","@id":"https:\/\/vilniauspetropovilo.lt\/pirmoji-komunija\/#breadcrumb","itemListElement":[{"@type":"ListItem","position":1,"name":"Home","item":"https:\/\/vilniauspetropovilo.lt\/"},{"@type":"ListItem","position":2,"name":"Eucharistija (Pirmoji Komunija)"}]},{"@type":"WebSite","@id":"https:\/\/vilniauspetropovilo.lt\/#website","url":"https:\/\/vilniauspetropovilo.lt\/","name":"Vilniaus \u0160v. apa\u0161tal\u0173 Petro ir Povilo ba\u017eny\u010dia","description":"parafia pw. \u015awi\u0119tych Aposto\u0142\u00f3w Piotra i Paw\u0142a w Wilnie","potentialAction":[{"@type":"SearchAction","target":{"@type":"EntryPoint","urlTemplate":"https:\/\/vilniauspetropovilo.lt\/?s={search_term_string}"},"query-input":{"@type":"PropertyValueSpecification","valueRequired":true,"valueName":"search_term_string"}}],"inLanguage":"pl-PL"}]}},"_links":{"self":[{"href":"https:\/\/vilniauspetropovilo.lt\/pl\/wp-json\/wp\/v2\/pages\/1353","targetHints":{"allow":["GET"]}}],"collection":[{"href":"https:\/\/vilniauspetropovilo.lt\/pl\/wp-json\/wp\/v2\/pages"}],"about":[{"href":"https:\/\/vilniauspetropovilo.lt\/pl\/wp-json\/wp\/v2\/types\/page"}],"author":[{"embeddable":true,"href":"https:\/\/vilniauspetropovilo.lt\/pl\/wp-json\/wp\/v2\/users\/2"}],"replies":[{"embeddable":true,"href":"https:\/\/vilniauspetropovilo.lt\/pl\/wp-json\/wp\/v2\/comments?post=1353"}],"version-history":[{"count":56,"href":"https:\/\/vilniauspetropovilo.lt\/pl\/wp-json\/wp\/v2\/pages\/1353\/revisions"}],"predecessor-version":[{"id":5920,"href":"https:\/\/vilniauspetropovilo.lt\/pl\/wp-json\/wp\/v2\/pages\/1353\/revisions\/5920"}],"wp:attachment":[{"href":"https:\/\/vilniauspetropovilo.lt\/pl\/wp-json\/wp\/v2\/media?parent=1353"}],"curies":[{"name":"wp","href":"https:\/\/api.w.org\/{rel}","templated":true}]}}