{"id":1340,"date":"2018-07-24T14:04:20","date_gmt":"2018-07-24T11:04:20","guid":{"rendered":"https:\/\/vilniauspetropovilo.lt\/?page_id=1340"},"modified":"2026-01-31T02:36:20","modified_gmt":"2026-01-31T00:36:20","slug":"krikstas","status":"publish","type":"page","link":"https:\/\/vilniauspetropovilo.lt\/pl\/krikstas\/","title":{"rendered":"Chrzest"},"content":{"rendered":"<p><\/p>\n<h1>Informacja dla pragn\u0105cych ochrzci\u0107 dziecko w naszym ko\u015bciele<\/h1>\n<h2><img loading=\"lazy\" decoding=\"async\" class=\"size-medium wp-image-6069 alignleft\" src=\"https:\/\/vilniauspetropovilo.lt\/wp-content\/uploads\/2026\/01\/pakrikstyti-768x768-1-300x300.jpg\" alt=\"\" width=\"300\" height=\"300\" srcset=\"https:\/\/vilniauspetropovilo.lt\/wp-content\/uploads\/2026\/01\/pakrikstyti-768x768-1-300x300.jpg 300w, https:\/\/vilniauspetropovilo.lt\/wp-content\/uploads\/2026\/01\/pakrikstyti-768x768-1-150x150.jpg 150w, https:\/\/vilniauspetropovilo.lt\/wp-content\/uploads\/2026\/01\/pakrikstyti-768x768-1-100x100.jpg 100w, https:\/\/vilniauspetropovilo.lt\/wp-content\/uploads\/2026\/01\/pakrikstyti-768x768-1.jpg 768w\" sizes=\"auto, (max-width: 300px) 100vw, 300px\" \/>Chrzest dzieci do 7 roku \u017cycia<\/h2>\n<p>Aby ochrzci\u0107 dziecko w naszym ko\u015bciele, nale\u017cy najpierw (nie p\u00f3\u017aniej ni\u017c 1 miesi\u0105c przed planowan\u0105 dat\u0105 chrztu) zg\u0142osi\u0107 si\u0119 do zakrystii lub skontaktowa\u0107 si\u0119 mailowo: <a href=\"mailto:ppbaznycia@gmail.com\">ppbaznycia@gmail.com<\/a>, w celu ustalenia i rezerwacji terminu Chrztu \u015awi\u0119tego.<\/p>\n<p>Nast\u0119pnie prosimy o wype\u0142nienie formularza zg\u0142oszeniowego do chrztu (dane dziecka, rodzic\u00f3w oraz rodzic\u00f3w chrzestnych). Formularz mo\u017cna wype\u0142ni\u0107 w zakrystii albo pobra\u0107 i dostarczy\u0107 nie p\u00f3\u017aniej ni\u017c 2 tygodnie przed chrztem.<\/p>\n<p>&nbsp;<\/p>\n<p>&nbsp;<\/p>\n<p>&nbsp;<\/p>\n<pre><a href=\"https:\/\/vilniauspetropovilo.lt\/wp-content\/uploads\/2026\/01\/Atsisiusti-Kriksto-registarcijos-anketa.pdf\">Pobierz formularz zg\u0142oszeniowy do Chrztu<\/a><\/pre>\n<h3>\u00a0<\/h3>\n<h2>Chrzest dzieci i m\u0142odzie\u017cy od 7 roku \u017cycia<\/h2>\n<p>Dzieci i m\u0142odzie\u017c od 7 roku \u017cycia mog\u0105 przyj\u0105\u0107 Chrzest \u015awi\u0119ty dopiero po uko\u0144czeniu przygotowania do Chrztu oraz Pierwszej Komunii \u015awi\u0119tej.<\/p>\n<p>Spotkania przygotowawcze odbywaj\u0105 si\u0119 od pa\u017adziernika do maja. Zapisy og\u0142aszane s\u0105 we wrze\u015bniu, w niedziele podczas Mszy \u015awi\u0119tych oraz na stronie internetowej parafii.<\/p>\n<h2>Chrzest doros\u0142ych<\/h2>\n<p>W sprawie chrztu doros\u0142ych prosimy o kontakt z ksi\u0119dzem w parafii podczas dy\u017curu.<\/p>\n<h2>Kto mo\u017ce by\u0107 rodzicem chrzestnym?<\/h2>\n<ul>\n<li>by\u0107 katolikiem (chrze\u015bcijanin niekatolik mo\u017ce by\u0107 jedynie \u015bwiadkiem chrztu).<\/li>\n<li>mie\u0107 uko\u0144czone co najmniej 16 lat.<\/li>\n<li>mie\u0107 przyj\u0119ty sakrament bierzmowania.<\/li>\n<li>Je\u015bli \u017cyje w ma\u0142\u017ce\u0144stwie \u2013 powinien mie\u0107 przyj\u0119ty sakrament ma\u0142\u017ce\u0144stwa.<\/li>\n<\/ul>\n<h2>Na obrz\u0119d chrztu nale\u017cy zabra\u0107<\/h2>\n<ul>\n<li><strong>bia\u0142\u0105 szatk\u0119 chrzcieln\u0105<\/strong> (dziecko mo\u017ce by\u0107 wcze\u015bniej ubrane na bia\u0142o),<\/li>\n<li><strong>\u015bwiec\u0119 chrzcieln\u0105<\/strong>,<\/li>\n<li><strong>dokumenty to\u017csamo\u015bci<\/strong> rodzic\u00f3w i rodzic\u00f3w chrzestnych (potrzebne w zakrystii przed chrztem).<\/li>\n<\/ul>\n<h2>Dy\u017cur ksi\u0119\u017cy w zakrystii<\/h2>\n<ul>\n<li>Poniedzia\u0142ek\u2013sobota: 8.00\u20139.00 oraz 15.00\u201318.30<\/li>\n<li>Niedziela: 8.00\u201314.00<\/li>\n<\/ul>\n<hr \/>\n<p><\/p>","protected":false},"excerpt":{"rendered":"<p>Informacja dla pragn\u0105cych ochrzci\u0107 dziecko w naszym ko\u015bciele Chrzest dzieci do 7 roku \u017cycia Aby ochrzci\u0107 dziecko w naszym ko\u015bciele, nale\u017cy najpierw (nie p\u00f3\u017aniej ni\u017c 1 miesi\u0105c przed planowan\u0105 dat\u0105 \u2026<\/p>\n","protected":false},"author":2,"featured_media":0,"parent":0,"menu_order":0,"comment_status":"closed","ping_status":"closed","template":"","meta":{"footnotes":""},"class_list":["post-1340","page","type-page","status-publish","hentry"],"yoast_head":"<!-- This site is optimized with the Yoast SEO plugin v27.3 - https:\/\/yoast.com\/product\/yoast-seo-wordpress\/ -->\n<title>Chrzest - Vilniaus \u0160v. apa\u0161tal\u0173 Petro ir Povilo ba\u017eny\u010dia<\/title>\n<meta name=\"robots\" content=\"index, follow, max-snippet:-1, max-image-preview:large, max-video-preview:-1\" \/>\n<link rel=\"canonical\" href=\"https:\/\/vilniauspetropovilo.lt\/krikstas\/\" \/>\n<meta property=\"og:locale\" content=\"pl_PL\" \/>\n<meta property=\"og:type\" content=\"article\" \/>\n<meta property=\"og:title\" content=\"Chrzest - Vilniaus \u0160v. apa\u0161tal\u0173 Petro ir Povilo ba\u017eny\u010dia\" \/>\n<meta property=\"og:description\" content=\"Informacja dla pragn\u0105cych ochrzci\u0107 dziecko w naszym ko\u015bciele Chrzest dzieci do 7 roku \u017cycia Aby ochrzci\u0107 dziecko w naszym ko\u015bciele, nale\u017cy najpierw (nie p\u00f3\u017aniej ni\u017c 1 miesi\u0105c przed planowan\u0105 dat\u0105 \u2026\" \/>\n<meta property=\"og:url\" content=\"https:\/\/vilniauspetropovilo.lt\/krikstas\/\" \/>\n<meta property=\"og:site_name\" content=\"Vilniaus \u0160v. apa\u0161tal\u0173 Petro ir Povilo ba\u017eny\u010dia\" \/>\n<meta property=\"article:modified_time\" content=\"2026-01-31T00:36:20+00:00\" \/>\n<meta property=\"og:image\" content=\"https:\/\/vilniauspetropovilo.lt\/wp-content\/uploads\/2026\/01\/pakrikstyti-768x768-1.jpg\" \/>\n\t<meta property=\"og:image:width\" content=\"768\" \/>\n\t<meta property=\"og:image:height\" content=\"768\" \/>\n\t<meta property=\"og:image:type\" content=\"image\/jpeg\" \/>\n<meta name=\"twitter:card\" content=\"summary_large_image\" \/>\n<meta name=\"twitter:label1\" content=\"Szacowany czas czytania\" \/>\n\t<meta name=\"twitter:data1\" content=\"2 minuty\" \/>\n<script type=\"application\/ld+json\" class=\"yoast-schema-graph\">{\"@context\":\"https:\\\/\\\/schema.org\",\"@graph\":[{\"@type\":\"WebPage\",\"@id\":\"https:\\\/\\\/vilniauspetropovilo.lt\\\/krikstas\\\/\",\"url\":\"https:\\\/\\\/vilniauspetropovilo.lt\\\/krikstas\\\/\",\"name\":\"Chrzest - Vilniaus \u0160v. apa\u0161tal\u0173 Petro ir Povilo ba\u017eny\u010dia\",\"isPartOf\":{\"@id\":\"https:\\\/\\\/vilniauspetropovilo.lt\\\/#website\"},\"primaryImageOfPage\":{\"@id\":\"https:\\\/\\\/vilniauspetropovilo.lt\\\/krikstas\\\/#primaryimage\"},\"image\":{\"@id\":\"https:\\\/\\\/vilniauspetropovilo.lt\\\/krikstas\\\/#primaryimage\"},\"thumbnailUrl\":\"https:\\\/\\\/vilniauspetropovilo.lt\\\/wp-content\\\/uploads\\\/2026\\\/01\\\/pakrikstyti-768x768-1-300x300.jpg\",\"datePublished\":\"2018-07-24T11:04:20+00:00\",\"dateModified\":\"2026-01-31T00:36:20+00:00\",\"breadcrumb\":{\"@id\":\"https:\\\/\\\/vilniauspetropovilo.lt\\\/krikstas\\\/#breadcrumb\"},\"inLanguage\":\"pl-PL\",\"potentialAction\":[{\"@type\":\"ReadAction\",\"target\":[\"https:\\\/\\\/vilniauspetropovilo.lt\\\/krikstas\\\/\"]}]},{\"@type\":\"ImageObject\",\"inLanguage\":\"pl-PL\",\"@id\":\"https:\\\/\\\/vilniauspetropovilo.lt\\\/krikstas\\\/#primaryimage\",\"url\":\"https:\\\/\\\/vilniauspetropovilo.lt\\\/wp-content\\\/uploads\\\/2026\\\/01\\\/pakrikstyti-768x768-1-300x300.jpg\",\"contentUrl\":\"https:\\\/\\\/vilniauspetropovilo.lt\\\/wp-content\\\/uploads\\\/2026\\\/01\\\/pakrikstyti-768x768-1-300x300.jpg\"},{\"@type\":\"BreadcrumbList\",\"@id\":\"https:\\\/\\\/vilniauspetropovilo.lt\\\/krikstas\\\/#breadcrumb\",\"itemListElement\":[{\"@type\":\"ListItem\",\"position\":1,\"name\":\"Home\",\"item\":\"https:\\\/\\\/vilniauspetropovilo.lt\\\/\"},{\"@type\":\"ListItem\",\"position\":2,\"name\":\"Krik\u0161tas\"}]},{\"@type\":\"WebSite\",\"@id\":\"https:\\\/\\\/vilniauspetropovilo.lt\\\/#website\",\"url\":\"https:\\\/\\\/vilniauspetropovilo.lt\\\/\",\"name\":\"Vilniaus \u0160v. apa\u0161tal\u0173 Petro ir Povilo ba\u017eny\u010dia\",\"description\":\"parafia pw. \u015awi\u0119tych Aposto\u0142\u00f3w Piotra i Paw\u0142a w Wilnie\",\"potentialAction\":[{\"@type\":\"SearchAction\",\"target\":{\"@type\":\"EntryPoint\",\"urlTemplate\":\"https:\\\/\\\/vilniauspetropovilo.lt\\\/?s={search_term_string}\"},\"query-input\":{\"@type\":\"PropertyValueSpecification\",\"valueRequired\":true,\"valueName\":\"search_term_string\"}}],\"inLanguage\":\"pl-PL\"}]}<\/script>\n<!-- \/ Yoast SEO plugin. -->","yoast_head_json":{"title":"Chrzest - Vilniaus \u0160v. apa\u0161tal\u0173 Petro ir Povilo ba\u017eny\u010dia","robots":{"index":"index","follow":"follow","max-snippet":"max-snippet:-1","max-image-preview":"max-image-preview:large","max-video-preview":"max-video-preview:-1"},"canonical":"https:\/\/vilniauspetropovilo.lt\/krikstas\/","og_locale":"pl_PL","og_type":"article","og_title":"Chrzest - Vilniaus \u0160v. apa\u0161tal\u0173 Petro ir Povilo ba\u017eny\u010dia","og_description":"Informacja dla pragn\u0105cych ochrzci\u0107 dziecko w naszym ko\u015bciele Chrzest dzieci do 7 roku \u017cycia Aby ochrzci\u0107 dziecko w naszym ko\u015bciele, nale\u017cy najpierw (nie p\u00f3\u017aniej ni\u017c 1 miesi\u0105c przed planowan\u0105 dat\u0105 \u2026","og_url":"https:\/\/vilniauspetropovilo.lt\/krikstas\/","og_site_name":"Vilniaus \u0160v. apa\u0161tal\u0173 Petro ir Povilo ba\u017eny\u010dia","article_modified_time":"2026-01-31T00:36:20+00:00","og_image":[{"width":768,"height":768,"url":"https:\/\/vilniauspetropovilo.lt\/wp-content\/uploads\/2026\/01\/pakrikstyti-768x768-1.jpg","type":"image\/jpeg"}],"twitter_card":"summary_large_image","twitter_misc":{"Szacowany czas czytania":"2 minuty"},"schema":{"@context":"https:\/\/schema.org","@graph":[{"@type":"WebPage","@id":"https:\/\/vilniauspetropovilo.lt\/krikstas\/","url":"https:\/\/vilniauspetropovilo.lt\/krikstas\/","name":"Chrzest - Vilniaus \u0160v. apa\u0161tal\u0173 Petro ir Povilo ba\u017eny\u010dia","isPartOf":{"@id":"https:\/\/vilniauspetropovilo.lt\/#website"},"primaryImageOfPage":{"@id":"https:\/\/vilniauspetropovilo.lt\/krikstas\/#primaryimage"},"image":{"@id":"https:\/\/vilniauspetropovilo.lt\/krikstas\/#primaryimage"},"thumbnailUrl":"https:\/\/vilniauspetropovilo.lt\/wp-content\/uploads\/2026\/01\/pakrikstyti-768x768-1-300x300.jpg","datePublished":"2018-07-24T11:04:20+00:00","dateModified":"2026-01-31T00:36:20+00:00","breadcrumb":{"@id":"https:\/\/vilniauspetropovilo.lt\/krikstas\/#breadcrumb"},"inLanguage":"pl-PL","potentialAction":[{"@type":"ReadAction","target":["https:\/\/vilniauspetropovilo.lt\/krikstas\/"]}]},{"@type":"ImageObject","inLanguage":"pl-PL","@id":"https:\/\/vilniauspetropovilo.lt\/krikstas\/#primaryimage","url":"https:\/\/vilniauspetropovilo.lt\/wp-content\/uploads\/2026\/01\/pakrikstyti-768x768-1-300x300.jpg","contentUrl":"https:\/\/vilniauspetropovilo.lt\/wp-content\/uploads\/2026\/01\/pakrikstyti-768x768-1-300x300.jpg"},{"@type":"BreadcrumbList","@id":"https:\/\/vilniauspetropovilo.lt\/krikstas\/#breadcrumb","itemListElement":[{"@type":"ListItem","position":1,"name":"Home","item":"https:\/\/vilniauspetropovilo.lt\/"},{"@type":"ListItem","position":2,"name":"Krik\u0161tas"}]},{"@type":"WebSite","@id":"https:\/\/vilniauspetropovilo.lt\/#website","url":"https:\/\/vilniauspetropovilo.lt\/","name":"Vilniaus \u0160v. apa\u0161tal\u0173 Petro ir Povilo ba\u017eny\u010dia","description":"parafia pw. \u015awi\u0119tych Aposto\u0142\u00f3w Piotra i Paw\u0142a w Wilnie","potentialAction":[{"@type":"SearchAction","target":{"@type":"EntryPoint","urlTemplate":"https:\/\/vilniauspetropovilo.lt\/?s={search_term_string}"},"query-input":{"@type":"PropertyValueSpecification","valueRequired":true,"valueName":"search_term_string"}}],"inLanguage":"pl-PL"}]}},"_links":{"self":[{"href":"https:\/\/vilniauspetropovilo.lt\/pl\/wp-json\/wp\/v2\/pages\/1340","targetHints":{"allow":["GET"]}}],"collection":[{"href":"https:\/\/vilniauspetropovilo.lt\/pl\/wp-json\/wp\/v2\/pages"}],"about":[{"href":"https:\/\/vilniauspetropovilo.lt\/pl\/wp-json\/wp\/v2\/types\/page"}],"author":[{"embeddable":true,"href":"https:\/\/vilniauspetropovilo.lt\/pl\/wp-json\/wp\/v2\/users\/2"}],"replies":[{"embeddable":true,"href":"https:\/\/vilniauspetropovilo.lt\/pl\/wp-json\/wp\/v2\/comments?post=1340"}],"version-history":[{"count":48,"href":"https:\/\/vilniauspetropovilo.lt\/pl\/wp-json\/wp\/v2\/pages\/1340\/revisions"}],"predecessor-version":[{"id":6091,"href":"https:\/\/vilniauspetropovilo.lt\/pl\/wp-json\/wp\/v2\/pages\/1340\/revisions\/6091"}],"wp:attachment":[{"href":"https:\/\/vilniauspetropovilo.lt\/pl\/wp-json\/wp\/v2\/media?parent=1340"}],"curies":[{"name":"wp","href":"https:\/\/api.w.org\/{rel}","templated":true}]}}