{"id":11,"date":"2017-09-25T07:38:19","date_gmt":"2017-09-25T09:38:19","guid":{"rendered":"https:\/\/vilniauspetropovilo.lt\/?page_id=11"},"modified":"2026-04-10T07:43:01","modified_gmt":"2026-04-10T05:43:01","slug":"pamaldu-tvarkarastis","status":"publish","type":"page","link":"https:\/\/vilniauspetropovilo.lt\/pl\/pamaldu-tvarkarastis\/","title":{"rendered":"Rozk\u0142ad nabo\u017ce\u0144stw"},"content":{"rendered":"<p><\/p>\n<h1><span style=\"font-size: 24pt;\"><strong>Porz\u0105dek Mszy \u015bw.<\/strong><\/span><\/h1>\n<p><strong style=\"font-size: 18pt;\">W dni robocze:<\/strong><\/p>\n<ul>\n<li><span style=\"font-size: 14pt;\">7.00 w j\u0119z. litewskim<\/span><\/li>\n<li><span style=\"font-size: 14pt;\">17.00 w j\u0119z. polskim<\/span><\/li>\n<li><span style=\"font-size: 14pt;\">18.00\u00a0w j\u0119z. litewskim<\/span><\/li>\n<\/ul>\n<p>&nbsp;<\/p>\n<p><strong style=\"font-size: 18pt;\">W sobot\u0119:<\/strong><\/p>\n<ul>\n<li><span style=\"font-size: 14pt;\">9.00 w j\u0119z. litewskim<\/span><\/li>\n<li><span style=\"font-size: 14pt;\">17.00 w j\u0119z. polskim<\/span><\/li>\n<li><span style=\"font-size: 14pt;\">18.00\u00a0w j\u0119z. litewskim<\/span><\/li>\n<\/ul>\n<p>&nbsp;<\/p>\n<h2><strong>W niedziel\u0119:<\/strong><\/h2>\n<ul>\n<li><span style=\"font-size: 14pt;\">7.30 w j\u0119z. litewskim<\/span><\/li>\n<li><span style=\"font-size: 14pt;\">8.30 w j\u0119z. polskim<\/span><\/li>\n<li><span style=\"font-size: 14pt;\">10.00 w j\u0119z. litewskim<\/span><\/li>\n<li><span style=\"font-size: 14pt;\">11.30 w j\u0119z. litewskim<\/span><\/li>\n<li><span style=\"font-size: 14pt;\">13.00 w j\u0119z. polskim<\/span><\/li>\n<li><span style=\"font-size: 14pt;\">17.00 w j\u0119z. polskim<\/span><\/li>\n<li><span style=\"font-size: 14pt;\">18.00\u00a0w j\u0119z. litewskim<\/span><\/li>\n<\/ul>\n<p>&nbsp;<\/p>\n<p><strong style=\"font-size: 18pt;\">W \u015bwi\u0119ta poza niedziel\u0105:<\/strong><\/p>\n<ul>\n<li><span style=\"font-size: 14pt;\">7.00 w j\u0119z. litewskim<\/span><\/li>\n<li><span style=\"font-size: 14pt;\">8.30 w j\u0119z. polskim<\/span><\/li>\n<li><span style=\"font-size: 14pt;\">10.00 w j\u0119z. litewskim<\/span><\/li>\n<li><span style=\"font-size: 14pt;\">17.00 w j\u0119z. polskim<\/span><\/li>\n<li><span style=\"font-size: 14pt;\">18.00\u00a0w j\u0119z. litewskim<\/span><\/li>\n<\/ul>\n<p>&nbsp;<\/p>\n<h2><strong>Ksi\u0119\u017ca dy\u017curuj\u0105 w dni powszednie:<\/strong><\/h2>\n<ul>\n<li><span style=\"font-size: 14pt;\">8.00 &#8211; 9.00<\/span><\/li>\n<li><span style=\"font-size: 14pt;\">15.00 &#8211; 18.30<\/span><\/li>\n<\/ul>\n<p>&nbsp;<\/p>\n<h2><strong>Spowied\u017a:<\/strong><\/h2>\n<ul>\n<li><span style=\"font-size: 14pt;\">Ka\u017cdego dnia 10 min. przed Msz\u0105 \u015bw. oraz w czasie Mszy \u015bw.<\/span><\/li>\n<\/ul>\n<p>&nbsp;<\/p>\n<h2><strong>Ko\u015bci\u00f3\u0142 otwarty:<\/strong><\/h2>\n<ul>\n<li><span style=\"font-size: 14pt;\">7.00 &#8211; 18.30<\/span><\/li>\n<\/ul>\n<p>&nbsp;<\/p>\n<ul style=\"list-style-type: circle;\">\n<li><span style=\"font-size: 12pt;\"><em>We\u00a0<strong>czwartek<\/strong> po Mszy \u015bw. o 17.00 i 18.00 godz. <strong>Koronka do Bo\u017cego Mi\u0142osierdzia<\/strong><\/em><\/span><\/li>\n<li><span style=\"font-size: 12pt;\"><em>W\u00a0<strong>pierwszy wtorek miesi\u0105ca<\/strong> po Mszy \u015bw o 17.00 i 18.00 godz. modlimy si\u0119 do <strong>\u015bw. Antoniego<\/strong><\/em><\/span><\/li>\n<li><span style=\"font-size: 12pt;\"><em>W\u00a0<strong>pierwsz\u0105 \u015brod\u0119 miesi\u0105ca<\/strong> po Mszy \u015bw o 17.00 i 18.00 godz. modlimy si\u0119 do <strong>\u015bw. J\u00f3zefa<\/strong><\/em><\/span><\/li>\n<li><span style=\"font-size: 12pt;\"><em>W\u00a0<strong>pierwszy pi\u0105tek miesi\u0105ca<\/strong> po Mszy \u015bw o 17.00 i 18.00 godz. modlimy si\u0119 do <b>Naj\u015bwi\u0119tszego Serca Jezusa<\/b><\/em><\/span><\/li>\n<li><span style=\"font-size: 12pt;\"><em>W\u00a0<strong>pierwsz\u0105 sobot\u0119 miesi\u0105ca<\/strong> po Mszy \u015bw o 17.00 i 18.00 godz. modlimy si\u0119 do <b>Naj\u015bwi\u0119tszej Maryi Panny<\/b><\/em><\/span><\/li>\n<\/ul>\n<p><\/p>","protected":false},"excerpt":{"rendered":"<p>Porz\u0105dek Mszy \u015bw. W dni robocze: 7.00 w j\u0119z. litewskim 17.00 w j\u0119z. polskim 18.00\u00a0w j\u0119z. litewskim &nbsp; W sobot\u0119: 9.00 w j\u0119z. litewskim 17.00 w j\u0119z. polskim 18.00\u00a0w j\u0119z. \u2026<\/p>\n","protected":false},"author":1,"featured_media":0,"parent":0,"menu_order":0,"comment_status":"closed","ping_status":"closed","template":"","meta":{"footnotes":""},"class_list":["post-11","page","type-page","status-publish","hentry"],"yoast_head":"<!-- This site is optimized with the Yoast SEO plugin v27.3 - https:\/\/yoast.com\/product\/yoast-seo-wordpress\/ -->\n<title>Rozk\u0142ad nabo\u017ce\u0144stw - Vilniaus \u0160v. apa\u0161tal\u0173 Petro ir Povilo ba\u017eny\u010dia<\/title>\n<meta name=\"robots\" content=\"index, follow, max-snippet:-1, max-image-preview:large, max-video-preview:-1\" \/>\n<link rel=\"canonical\" href=\"https:\/\/vilniauspetropovilo.lt\/pamaldu-tvarkarastis\/\" \/>\n<meta property=\"og:locale\" content=\"pl_PL\" \/>\n<meta property=\"og:type\" content=\"article\" \/>\n<meta property=\"og:title\" content=\"Rozk\u0142ad nabo\u017ce\u0144stw - Vilniaus \u0160v. apa\u0161tal\u0173 Petro ir Povilo ba\u017eny\u010dia\" \/>\n<meta property=\"og:description\" content=\"Porz\u0105dek Mszy \u015bw. W dni robocze: 7.00 w j\u0119z. litewskim 17.00 w j\u0119z. polskim 18.00\u00a0w j\u0119z. litewskim &nbsp; W sobot\u0119: 9.00 w j\u0119z. litewskim 17.00 w j\u0119z. polskim 18.00\u00a0w j\u0119z. \u2026\" \/>\n<meta property=\"og:url\" content=\"https:\/\/vilniauspetropovilo.lt\/pamaldu-tvarkarastis\/\" \/>\n<meta property=\"og:site_name\" content=\"Vilniaus \u0160v. apa\u0161tal\u0173 Petro ir Povilo ba\u017eny\u010dia\" \/>\n<meta property=\"article:modified_time\" content=\"2026-04-10T05:43:01+00:00\" \/>\n<meta name=\"twitter:card\" content=\"summary_large_image\" \/>\n<meta name=\"twitter:label1\" content=\"Szacowany czas czytania\" \/>\n\t<meta name=\"twitter:data1\" content=\"1 minuta\" \/>\n<script type=\"application\/ld+json\" class=\"yoast-schema-graph\">{\"@context\":\"https:\\\/\\\/schema.org\",\"@graph\":[{\"@type\":\"WebPage\",\"@id\":\"https:\\\/\\\/vilniauspetropovilo.lt\\\/pamaldu-tvarkarastis\\\/\",\"url\":\"https:\\\/\\\/vilniauspetropovilo.lt\\\/pamaldu-tvarkarastis\\\/\",\"name\":\"Rozk\u0142ad nabo\u017ce\u0144stw - Vilniaus \u0160v. apa\u0161tal\u0173 Petro ir Povilo ba\u017eny\u010dia\",\"isPartOf\":{\"@id\":\"https:\\\/\\\/vilniauspetropovilo.lt\\\/#website\"},\"datePublished\":\"2017-09-25T09:38:19+00:00\",\"dateModified\":\"2026-04-10T05:43:01+00:00\",\"breadcrumb\":{\"@id\":\"https:\\\/\\\/vilniauspetropovilo.lt\\\/pamaldu-tvarkarastis\\\/#breadcrumb\"},\"inLanguage\":\"pl-PL\",\"potentialAction\":[{\"@type\":\"ReadAction\",\"target\":[\"https:\\\/\\\/vilniauspetropovilo.lt\\\/pamaldu-tvarkarastis\\\/\"]}]},{\"@type\":\"BreadcrumbList\",\"@id\":\"https:\\\/\\\/vilniauspetropovilo.lt\\\/pamaldu-tvarkarastis\\\/#breadcrumb\",\"itemListElement\":[{\"@type\":\"ListItem\",\"position\":1,\"name\":\"Home\",\"item\":\"https:\\\/\\\/vilniauspetropovilo.lt\\\/\"},{\"@type\":\"ListItem\",\"position\":2,\"name\":\"Pamald\u0173 tvarkara\u0161tis\"}]},{\"@type\":\"WebSite\",\"@id\":\"https:\\\/\\\/vilniauspetropovilo.lt\\\/#website\",\"url\":\"https:\\\/\\\/vilniauspetropovilo.lt\\\/\",\"name\":\"Vilniaus \u0160v. apa\u0161tal\u0173 Petro ir Povilo ba\u017eny\u010dia\",\"description\":\"parafia pw. \u015awi\u0119tych Aposto\u0142\u00f3w Piotra i Paw\u0142a w Wilnie\",\"potentialAction\":[{\"@type\":\"SearchAction\",\"target\":{\"@type\":\"EntryPoint\",\"urlTemplate\":\"https:\\\/\\\/vilniauspetropovilo.lt\\\/?s={search_term_string}\"},\"query-input\":{\"@type\":\"PropertyValueSpecification\",\"valueRequired\":true,\"valueName\":\"search_term_string\"}}],\"inLanguage\":\"pl-PL\"}]}<\/script>\n<!-- \/ Yoast SEO plugin. -->","yoast_head_json":{"title":"Rozk\u0142ad nabo\u017ce\u0144stw - Vilniaus \u0160v. apa\u0161tal\u0173 Petro ir Povilo ba\u017eny\u010dia","robots":{"index":"index","follow":"follow","max-snippet":"max-snippet:-1","max-image-preview":"max-image-preview:large","max-video-preview":"max-video-preview:-1"},"canonical":"https:\/\/vilniauspetropovilo.lt\/pamaldu-tvarkarastis\/","og_locale":"pl_PL","og_type":"article","og_title":"Rozk\u0142ad nabo\u017ce\u0144stw - Vilniaus \u0160v. apa\u0161tal\u0173 Petro ir Povilo ba\u017eny\u010dia","og_description":"Porz\u0105dek Mszy \u015bw. W dni robocze: 7.00 w j\u0119z. litewskim 17.00 w j\u0119z. polskim 18.00\u00a0w j\u0119z. litewskim &nbsp; W sobot\u0119: 9.00 w j\u0119z. litewskim 17.00 w j\u0119z. polskim 18.00\u00a0w j\u0119z. \u2026","og_url":"https:\/\/vilniauspetropovilo.lt\/pamaldu-tvarkarastis\/","og_site_name":"Vilniaus \u0160v. apa\u0161tal\u0173 Petro ir Povilo ba\u017eny\u010dia","article_modified_time":"2026-04-10T05:43:01+00:00","twitter_card":"summary_large_image","twitter_misc":{"Szacowany czas czytania":"1 minuta"},"schema":{"@context":"https:\/\/schema.org","@graph":[{"@type":"WebPage","@id":"https:\/\/vilniauspetropovilo.lt\/pamaldu-tvarkarastis\/","url":"https:\/\/vilniauspetropovilo.lt\/pamaldu-tvarkarastis\/","name":"Rozk\u0142ad nabo\u017ce\u0144stw - Vilniaus \u0160v. apa\u0161tal\u0173 Petro ir Povilo ba\u017eny\u010dia","isPartOf":{"@id":"https:\/\/vilniauspetropovilo.lt\/#website"},"datePublished":"2017-09-25T09:38:19+00:00","dateModified":"2026-04-10T05:43:01+00:00","breadcrumb":{"@id":"https:\/\/vilniauspetropovilo.lt\/pamaldu-tvarkarastis\/#breadcrumb"},"inLanguage":"pl-PL","potentialAction":[{"@type":"ReadAction","target":["https:\/\/vilniauspetropovilo.lt\/pamaldu-tvarkarastis\/"]}]},{"@type":"BreadcrumbList","@id":"https:\/\/vilniauspetropovilo.lt\/pamaldu-tvarkarastis\/#breadcrumb","itemListElement":[{"@type":"ListItem","position":1,"name":"Home","item":"https:\/\/vilniauspetropovilo.lt\/"},{"@type":"ListItem","position":2,"name":"Pamald\u0173 tvarkara\u0161tis"}]},{"@type":"WebSite","@id":"https:\/\/vilniauspetropovilo.lt\/#website","url":"https:\/\/vilniauspetropovilo.lt\/","name":"Vilniaus \u0160v. apa\u0161tal\u0173 Petro ir Povilo ba\u017eny\u010dia","description":"parafia pw. \u015awi\u0119tych Aposto\u0142\u00f3w Piotra i Paw\u0142a w Wilnie","potentialAction":[{"@type":"SearchAction","target":{"@type":"EntryPoint","urlTemplate":"https:\/\/vilniauspetropovilo.lt\/?s={search_term_string}"},"query-input":{"@type":"PropertyValueSpecification","valueRequired":true,"valueName":"search_term_string"}}],"inLanguage":"pl-PL"}]}},"_links":{"self":[{"href":"https:\/\/vilniauspetropovilo.lt\/pl\/wp-json\/wp\/v2\/pages\/11","targetHints":{"allow":["GET"]}}],"collection":[{"href":"https:\/\/vilniauspetropovilo.lt\/pl\/wp-json\/wp\/v2\/pages"}],"about":[{"href":"https:\/\/vilniauspetropovilo.lt\/pl\/wp-json\/wp\/v2\/types\/page"}],"author":[{"embeddable":true,"href":"https:\/\/vilniauspetropovilo.lt\/pl\/wp-json\/wp\/v2\/users\/1"}],"replies":[{"embeddable":true,"href":"https:\/\/vilniauspetropovilo.lt\/pl\/wp-json\/wp\/v2\/comments?post=11"}],"version-history":[{"count":77,"href":"https:\/\/vilniauspetropovilo.lt\/pl\/wp-json\/wp\/v2\/pages\/11\/revisions"}],"predecessor-version":[{"id":6442,"href":"https:\/\/vilniauspetropovilo.lt\/pl\/wp-json\/wp\/v2\/pages\/11\/revisions\/6442"}],"wp:attachment":[{"href":"https:\/\/vilniauspetropovilo.lt\/pl\/wp-json\/wp\/v2\/media?parent=11"}],"curies":[{"name":"wp","href":"https:\/\/api.w.org\/{rel}","templated":true}]}}