{"id":1051,"date":"2018-06-18T11:35:03","date_gmt":"2018-06-18T08:35:03","guid":{"rendered":"https:\/\/vilniauspetropovilo.lt\/?page_id=1051"},"modified":"2022-10-25T15:34:08","modified_gmt":"2022-10-25T13:34:08","slug":"prasymas-isduoti-leidima-susituokti","status":"publish","type":"page","link":"https:\/\/vilniauspetropovilo.lt\/pl\/prasymas-isduoti-leidima-susituokti\/","title":{"rendered":"(Lietuvi\u0173) Pra\u0161ymas i\u0161duoti leidim\u0105 susituokti u\u017e parapijos rib\u0173"},"content":{"rendered":"<p class=\"qtranxs-available-languages-message qtranxs-available-languages-message-pl\">Przepraszamy, ten wpis jest dost\u0119pny tylko w j\u0119zyku <a href=\"https:\/\/vilniauspetropovilo.lt\/lt\/wp-json\/wp\/v2\/pages\/1051\" class=\"qtranxs-available-language-link qtranxs-available-language-link-lt\" title=\"Lietuvi\u0173\">Lietuvi\u0173<\/a>.<\/p>","protected":false},"excerpt":{"rendered":"<p>Przepraszamy, ten wpis jest dost\u0119pny tylko w j\u0119zyku Lietuvi\u0173.<\/p>\n","protected":false},"author":2,"featured_media":0,"parent":0,"menu_order":0,"comment_status":"closed","ping_status":"closed","template":"","meta":{"footnotes":""},"class_list":["post-1051","page","type-page","status-publish","hentry"],"yoast_head":"<!-- This site is optimized with the Yoast SEO plugin v27.3 - https:\/\/yoast.com\/product\/yoast-seo-wordpress\/ -->\n<title>(Lietuvi\u0173) Pra\u0161ymas i\u0161duoti leidim\u0105 susituokti u\u017e parapijos rib\u0173 - Vilniaus \u0160v. apa\u0161tal\u0173 Petro ir Povilo ba\u017eny\u010dia<\/title>\n<meta name=\"robots\" content=\"index, follow, max-snippet:-1, max-image-preview:large, max-video-preview:-1\" \/>\n<link rel=\"canonical\" href=\"https:\/\/vilniauspetropovilo.lt\/prasymas-isduoti-leidima-susituokti\/\" \/>\n<meta property=\"og:locale\" content=\"pl_PL\" \/>\n<meta property=\"og:type\" content=\"article\" \/>\n<meta property=\"og:title\" content=\"(Lietuvi\u0173) Pra\u0161ymas i\u0161duoti leidim\u0105 susituokti u\u017e parapijos rib\u0173 - Vilniaus \u0160v. apa\u0161tal\u0173 Petro ir Povilo ba\u017eny\u010dia\" \/>\n<meta property=\"og:description\" content=\"Przepraszamy, ten wpis jest dost\u0119pny tylko w j\u0119zyku Lietuvi\u0173.\" \/>\n<meta property=\"og:url\" content=\"https:\/\/vilniauspetropovilo.lt\/prasymas-isduoti-leidima-susituokti\/\" \/>\n<meta property=\"og:site_name\" content=\"Vilniaus \u0160v. apa\u0161tal\u0173 Petro ir Povilo ba\u017eny\u010dia\" \/>\n<meta property=\"article:modified_time\" content=\"2022-10-25T13:34:08+00:00\" \/>\n<meta name=\"twitter:card\" content=\"summary_large_image\" \/>\n<meta name=\"twitter:label1\" content=\"Szacowany czas czytania\" \/>\n\t<meta name=\"twitter:data1\" content=\"1 minuta\" \/>\n<script type=\"application\/ld+json\" class=\"yoast-schema-graph\">{\"@context\":\"https:\\\/\\\/schema.org\",\"@graph\":[{\"@type\":\"WebPage\",\"@id\":\"https:\\\/\\\/vilniauspetropovilo.lt\\\/prasymas-isduoti-leidima-susituokti\\\/\",\"url\":\"https:\\\/\\\/vilniauspetropovilo.lt\\\/prasymas-isduoti-leidima-susituokti\\\/\",\"name\":\"(Lietuvi\u0173) Pra\u0161ymas i\u0161duoti leidim\u0105 susituokti u\u017e parapijos rib\u0173 - Vilniaus \u0160v. apa\u0161tal\u0173 Petro ir Povilo ba\u017eny\u010dia\",\"isPartOf\":{\"@id\":\"https:\\\/\\\/vilniauspetropovilo.lt\\\/#website\"},\"datePublished\":\"2018-06-18T08:35:03+00:00\",\"dateModified\":\"2022-10-25T13:34:08+00:00\",\"breadcrumb\":{\"@id\":\"https:\\\/\\\/vilniauspetropovilo.lt\\\/prasymas-isduoti-leidima-susituokti\\\/#breadcrumb\"},\"inLanguage\":\"pl-PL\",\"potentialAction\":[{\"@type\":\"ReadAction\",\"target\":[\"https:\\\/\\\/vilniauspetropovilo.lt\\\/prasymas-isduoti-leidima-susituokti\\\/\"]}]},{\"@type\":\"BreadcrumbList\",\"@id\":\"https:\\\/\\\/vilniauspetropovilo.lt\\\/prasymas-isduoti-leidima-susituokti\\\/#breadcrumb\",\"itemListElement\":[{\"@type\":\"ListItem\",\"position\":1,\"name\":\"Home\",\"item\":\"https:\\\/\\\/vilniauspetropovilo.lt\\\/\"},{\"@type\":\"ListItem\",\"position\":2,\"name\":\"Pra\u0161ymas i\u0161duoti leidim\u0105 susituokti u\u017e parapijos rib\u0173\"}]},{\"@type\":\"WebSite\",\"@id\":\"https:\\\/\\\/vilniauspetropovilo.lt\\\/#website\",\"url\":\"https:\\\/\\\/vilniauspetropovilo.lt\\\/\",\"name\":\"Vilniaus \u0160v. apa\u0161tal\u0173 Petro ir Povilo ba\u017eny\u010dia\",\"description\":\"parafia pw. \u015awi\u0119tych Aposto\u0142\u00f3w Piotra i Paw\u0142a w Wilnie\",\"potentialAction\":[{\"@type\":\"SearchAction\",\"target\":{\"@type\":\"EntryPoint\",\"urlTemplate\":\"https:\\\/\\\/vilniauspetropovilo.lt\\\/?s={search_term_string}\"},\"query-input\":{\"@type\":\"PropertyValueSpecification\",\"valueRequired\":true,\"valueName\":\"search_term_string\"}}],\"inLanguage\":\"pl-PL\"}]}<\/script>\n<!-- \/ Yoast SEO plugin. -->","yoast_head_json":{"title":"(Lietuvi\u0173) Pra\u0161ymas i\u0161duoti leidim\u0105 susituokti u\u017e parapijos rib\u0173 - Vilniaus \u0160v. apa\u0161tal\u0173 Petro ir Povilo ba\u017eny\u010dia","robots":{"index":"index","follow":"follow","max-snippet":"max-snippet:-1","max-image-preview":"max-image-preview:large","max-video-preview":"max-video-preview:-1"},"canonical":"https:\/\/vilniauspetropovilo.lt\/prasymas-isduoti-leidima-susituokti\/","og_locale":"pl_PL","og_type":"article","og_title":"(Lietuvi\u0173) Pra\u0161ymas i\u0161duoti leidim\u0105 susituokti u\u017e parapijos rib\u0173 - Vilniaus \u0160v. apa\u0161tal\u0173 Petro ir Povilo ba\u017eny\u010dia","og_description":"Przepraszamy, ten wpis jest dost\u0119pny tylko w j\u0119zyku Lietuvi\u0173.","og_url":"https:\/\/vilniauspetropovilo.lt\/prasymas-isduoti-leidima-susituokti\/","og_site_name":"Vilniaus \u0160v. apa\u0161tal\u0173 Petro ir Povilo ba\u017eny\u010dia","article_modified_time":"2022-10-25T13:34:08+00:00","twitter_card":"summary_large_image","twitter_misc":{"Szacowany czas czytania":"1 minuta"},"schema":{"@context":"https:\/\/schema.org","@graph":[{"@type":"WebPage","@id":"https:\/\/vilniauspetropovilo.lt\/prasymas-isduoti-leidima-susituokti\/","url":"https:\/\/vilniauspetropovilo.lt\/prasymas-isduoti-leidima-susituokti\/","name":"(Lietuvi\u0173) Pra\u0161ymas i\u0161duoti leidim\u0105 susituokti u\u017e parapijos rib\u0173 - Vilniaus \u0160v. apa\u0161tal\u0173 Petro ir Povilo ba\u017eny\u010dia","isPartOf":{"@id":"https:\/\/vilniauspetropovilo.lt\/#website"},"datePublished":"2018-06-18T08:35:03+00:00","dateModified":"2022-10-25T13:34:08+00:00","breadcrumb":{"@id":"https:\/\/vilniauspetropovilo.lt\/prasymas-isduoti-leidima-susituokti\/#breadcrumb"},"inLanguage":"pl-PL","potentialAction":[{"@type":"ReadAction","target":["https:\/\/vilniauspetropovilo.lt\/prasymas-isduoti-leidima-susituokti\/"]}]},{"@type":"BreadcrumbList","@id":"https:\/\/vilniauspetropovilo.lt\/prasymas-isduoti-leidima-susituokti\/#breadcrumb","itemListElement":[{"@type":"ListItem","position":1,"name":"Home","item":"https:\/\/vilniauspetropovilo.lt\/"},{"@type":"ListItem","position":2,"name":"Pra\u0161ymas i\u0161duoti leidim\u0105 susituokti u\u017e parapijos rib\u0173"}]},{"@type":"WebSite","@id":"https:\/\/vilniauspetropovilo.lt\/#website","url":"https:\/\/vilniauspetropovilo.lt\/","name":"Vilniaus \u0160v. apa\u0161tal\u0173 Petro ir Povilo ba\u017eny\u010dia","description":"parafia pw. \u015awi\u0119tych Aposto\u0142\u00f3w Piotra i Paw\u0142a w Wilnie","potentialAction":[{"@type":"SearchAction","target":{"@type":"EntryPoint","urlTemplate":"https:\/\/vilniauspetropovilo.lt\/?s={search_term_string}"},"query-input":{"@type":"PropertyValueSpecification","valueRequired":true,"valueName":"search_term_string"}}],"inLanguage":"pl-PL"}]}},"_links":{"self":[{"href":"https:\/\/vilniauspetropovilo.lt\/pl\/wp-json\/wp\/v2\/pages\/1051","targetHints":{"allow":["GET"]}}],"collection":[{"href":"https:\/\/vilniauspetropovilo.lt\/pl\/wp-json\/wp\/v2\/pages"}],"about":[{"href":"https:\/\/vilniauspetropovilo.lt\/pl\/wp-json\/wp\/v2\/types\/page"}],"author":[{"embeddable":true,"href":"https:\/\/vilniauspetropovilo.lt\/pl\/wp-json\/wp\/v2\/users\/2"}],"replies":[{"embeddable":true,"href":"https:\/\/vilniauspetropovilo.lt\/pl\/wp-json\/wp\/v2\/comments?post=1051"}],"version-history":[{"count":7,"href":"https:\/\/vilniauspetropovilo.lt\/pl\/wp-json\/wp\/v2\/pages\/1051\/revisions"}],"predecessor-version":[{"id":4719,"href":"https:\/\/vilniauspetropovilo.lt\/pl\/wp-json\/wp\/v2\/pages\/1051\/revisions\/4719"}],"wp:attachment":[{"href":"https:\/\/vilniauspetropovilo.lt\/pl\/wp-json\/wp\/v2\/media?parent=1051"}],"curies":[{"name":"wp","href":"https:\/\/api.w.org\/{rel}","templated":true}]}}