{"id":176,"date":"2017-09-29T13:24:00","date_gmt":"2017-09-29T10:24:00","guid":{"rendered":"https:\/\/vilniauspetropovilo.lt\/?page_id=176"},"modified":"2026-04-10T07:40:40","modified_gmt":"2026-04-10T05:40:40","slug":"istorija","status":"publish","type":"page","link":"https:\/\/vilniauspetropovilo.lt\/en\/istorija\/","title":{"rendered":"History"},"content":{"rendered":"<p><\/p>\n<p>The Church of Saint Apostles Peter and Paul is located in Antakalnis on a site which once used to be the place of pagan cult. According to one legend the church dates back to the XIV<sup> th<\/sup> century. In 1638 a monastery of the Canons Regular of the Lateran was built next to it which therefore was closed in 1864 by Russians. The current buildings, namely the church and the monastery emerged after the Muscovite invasian at the begining of the XVII <sup>th<\/sup> century. In 1668 the construction of the new church was began by the Hetman of the Grand Duchy of Lithuania and governor of Vilnius \u00a0Michal Kazimierz Pac who as it is believed commissioned to build it in gratitude for God for personal salvation during the war with Moscow. The paintings hanging in the presbitery depicting a devout believer are the following: a \u00a0formal portrait of the founder Michal Kazimierz Pac, a painting of Saint Mary Magdalene of Pazzi, a painting depicting Archangel Michael, and a painting of crusified Jesus. It is said that he last painting (from the previously mentioned) was taken with Pac to wars.<\/p>\n<p>DECORATION<\/p>\n<p>The church is distinguished by a special interior d\u00e9cor encompassing numerous stucco figures by famous Italian Baroque sculptors G. P. Perti and G. M. Galli. Its interior is comprised of one central nave, six chapels on the sides, and a transept. The first two small chapels are found below the church towers. St. Francis along with Crucifix sculpture is located on the right whereas a baroque marble baptistery with baptismal font from the XVII <sup>th<\/sup> century is on the left. Further to the right &#8211; St. Knights\u2019 chapel with a scene depicting St. Casimir, magically inspiring Lithuanian soldiers over the victory against the Muscovites. In front of it &#8211; St. Queens\u2019 chapel dedicated to honour noble women, exemplary mothers and wives and their thoughtfulness for the needy. Moving on, the next chapel on the right of is that of St. Ursula reminding female martyrs who were killed because of religious hatred by barbaric soldiers. This is a monument dedicated to the suffering of the women of Vilnius during the recent occupation of the capital.\u00a0 The St. Augustine\u2019s chapel which was governed by the Lateran Canons faces St. Ursula\u2019s chapel.<\/p>\n<p><\/p>","protected":false},"excerpt":{"rendered":"<p>Sorry, this entry is only available in Lietuvi\u0173.<\/p>\n","protected":false},"author":1,"featured_media":0,"parent":0,"menu_order":0,"comment_status":"closed","ping_status":"closed","template":"","meta":{"footnotes":""},"class_list":["post-176","page","type-page","status-publish","hentry"],"yoast_head":"<!-- This site is optimized with the Yoast SEO plugin v27.3 - https:\/\/yoast.com\/product\/yoast-seo-wordpress\/ -->\n<title>History - Vilniaus \u0160v. apa\u0161tal\u0173 Petro ir Povilo ba\u017eny\u010dia<\/title>\n<meta name=\"robots\" content=\"index, follow, max-snippet:-1, max-image-preview:large, max-video-preview:-1\" \/>\n<link rel=\"canonical\" href=\"https:\/\/vilniauspetropovilo.lt\/istorija\/\" \/>\n<meta property=\"og:locale\" content=\"en_US\" \/>\n<meta property=\"og:type\" content=\"article\" \/>\n<meta property=\"og:title\" content=\"History - Vilniaus \u0160v. apa\u0161tal\u0173 Petro ir Povilo ba\u017eny\u010dia\" \/>\n<meta property=\"og:description\" content=\"Sorry, this entry is only available in Lietuvi\u0173.\" \/>\n<meta property=\"og:url\" content=\"https:\/\/vilniauspetropovilo.lt\/istorija\/\" \/>\n<meta property=\"og:site_name\" content=\"Vilniaus \u0160v. apa\u0161tal\u0173 Petro ir Povilo ba\u017eny\u010dia\" \/>\n<meta property=\"article:modified_time\" content=\"2026-04-10T05:40:40+00:00\" \/>\n<meta property=\"og:image\" content=\"https:\/\/vilniauspetropovilo.lt\/wp-content\/uploads\/2017\/09\/pac.jpg\" \/>\n\t<meta property=\"og:image:width\" content=\"153\" \/>\n\t<meta property=\"og:image:height\" content=\"300\" \/>\n\t<meta property=\"og:image:type\" content=\"image\/jpeg\" \/>\n<meta name=\"twitter:card\" content=\"summary_large_image\" \/>\n<meta name=\"twitter:label1\" content=\"Est. reading time\" \/>\n\t<meta name=\"twitter:data1\" content=\"5 minutes\" \/>\n<script type=\"application\/ld+json\" class=\"yoast-schema-graph\">{\"@context\":\"https:\\\/\\\/schema.org\",\"@graph\":[{\"@type\":\"WebPage\",\"@id\":\"https:\\\/\\\/vilniauspetropovilo.lt\\\/istorija\\\/\",\"url\":\"https:\\\/\\\/vilniauspetropovilo.lt\\\/istorija\\\/\",\"name\":\"History - Vilniaus \u0160v. apa\u0161tal\u0173 Petro ir Povilo ba\u017eny\u010dia\",\"isPartOf\":{\"@id\":\"https:\\\/\\\/vilniauspetropovilo.lt\\\/#website\"},\"primaryImageOfPage\":{\"@id\":\"https:\\\/\\\/vilniauspetropovilo.lt\\\/istorija\\\/#primaryimage\"},\"image\":{\"@id\":\"https:\\\/\\\/vilniauspetropovilo.lt\\\/istorija\\\/#primaryimage\"},\"thumbnailUrl\":\"https:\\\/\\\/vilniauspetropovilo.lt\\\/wp-content\\\/uploads\\\/2017\\\/09\\\/pac-153x300.jpg\",\"datePublished\":\"2017-09-29T10:24:00+00:00\",\"dateModified\":\"2026-04-10T05:40:40+00:00\",\"breadcrumb\":{\"@id\":\"https:\\\/\\\/vilniauspetropovilo.lt\\\/istorija\\\/#breadcrumb\"},\"inLanguage\":\"en-US\",\"potentialAction\":[{\"@type\":\"ReadAction\",\"target\":[\"https:\\\/\\\/vilniauspetropovilo.lt\\\/istorija\\\/\"]}]},{\"@type\":\"ImageObject\",\"inLanguage\":\"en-US\",\"@id\":\"https:\\\/\\\/vilniauspetropovilo.lt\\\/istorija\\\/#primaryimage\",\"url\":\"https:\\\/\\\/vilniauspetropovilo.lt\\\/wp-content\\\/uploads\\\/2017\\\/09\\\/pac-153x300.jpg\",\"contentUrl\":\"https:\\\/\\\/vilniauspetropovilo.lt\\\/wp-content\\\/uploads\\\/2017\\\/09\\\/pac-153x300.jpg\"},{\"@type\":\"BreadcrumbList\",\"@id\":\"https:\\\/\\\/vilniauspetropovilo.lt\\\/istorija\\\/#breadcrumb\",\"itemListElement\":[{\"@type\":\"ListItem\",\"position\":1,\"name\":\"Home\",\"item\":\"https:\\\/\\\/vilniauspetropovilo.lt\\\/\"},{\"@type\":\"ListItem\",\"position\":2,\"name\":\"Ba\u017eny\u010dios istorija\"}]},{\"@type\":\"WebSite\",\"@id\":\"https:\\\/\\\/vilniauspetropovilo.lt\\\/#website\",\"url\":\"https:\\\/\\\/vilniauspetropovilo.lt\\\/\",\"name\":\"Vilniaus \u0160v. apa\u0161tal\u0173 Petro ir Povilo ba\u017eny\u010dia\",\"description\":\"(Lietuvi\u0173) Vilniaus \u0160v. apa\u0161tal\u0173 Petro ir Povilo ba\u017eny\u010dia\",\"potentialAction\":[{\"@type\":\"SearchAction\",\"target\":{\"@type\":\"EntryPoint\",\"urlTemplate\":\"https:\\\/\\\/vilniauspetropovilo.lt\\\/?s={search_term_string}\"},\"query-input\":{\"@type\":\"PropertyValueSpecification\",\"valueRequired\":true,\"valueName\":\"search_term_string\"}}],\"inLanguage\":\"en-US\"}]}<\/script>\n<!-- \/ Yoast SEO plugin. -->","yoast_head_json":{"title":"History - Vilniaus \u0160v. apa\u0161tal\u0173 Petro ir Povilo ba\u017eny\u010dia","robots":{"index":"index","follow":"follow","max-snippet":"max-snippet:-1","max-image-preview":"max-image-preview:large","max-video-preview":"max-video-preview:-1"},"canonical":"https:\/\/vilniauspetropovilo.lt\/istorija\/","og_locale":"en_US","og_type":"article","og_title":"History - Vilniaus \u0160v. apa\u0161tal\u0173 Petro ir Povilo ba\u017eny\u010dia","og_description":"Sorry, this entry is only available in Lietuvi\u0173.","og_url":"https:\/\/vilniauspetropovilo.lt\/istorija\/","og_site_name":"Vilniaus \u0160v. apa\u0161tal\u0173 Petro ir Povilo ba\u017eny\u010dia","article_modified_time":"2026-04-10T05:40:40+00:00","og_image":[{"width":153,"height":300,"url":"https:\/\/vilniauspetropovilo.lt\/wp-content\/uploads\/2017\/09\/pac.jpg","type":"image\/jpeg"}],"twitter_card":"summary_large_image","twitter_misc":{"Est. reading time":"5 minutes"},"schema":{"@context":"https:\/\/schema.org","@graph":[{"@type":"WebPage","@id":"https:\/\/vilniauspetropovilo.lt\/istorija\/","url":"https:\/\/vilniauspetropovilo.lt\/istorija\/","name":"History - Vilniaus \u0160v. apa\u0161tal\u0173 Petro ir Povilo ba\u017eny\u010dia","isPartOf":{"@id":"https:\/\/vilniauspetropovilo.lt\/#website"},"primaryImageOfPage":{"@id":"https:\/\/vilniauspetropovilo.lt\/istorija\/#primaryimage"},"image":{"@id":"https:\/\/vilniauspetropovilo.lt\/istorija\/#primaryimage"},"thumbnailUrl":"https:\/\/vilniauspetropovilo.lt\/wp-content\/uploads\/2017\/09\/pac-153x300.jpg","datePublished":"2017-09-29T10:24:00+00:00","dateModified":"2026-04-10T05:40:40+00:00","breadcrumb":{"@id":"https:\/\/vilniauspetropovilo.lt\/istorija\/#breadcrumb"},"inLanguage":"en-US","potentialAction":[{"@type":"ReadAction","target":["https:\/\/vilniauspetropovilo.lt\/istorija\/"]}]},{"@type":"ImageObject","inLanguage":"en-US","@id":"https:\/\/vilniauspetropovilo.lt\/istorija\/#primaryimage","url":"https:\/\/vilniauspetropovilo.lt\/wp-content\/uploads\/2017\/09\/pac-153x300.jpg","contentUrl":"https:\/\/vilniauspetropovilo.lt\/wp-content\/uploads\/2017\/09\/pac-153x300.jpg"},{"@type":"BreadcrumbList","@id":"https:\/\/vilniauspetropovilo.lt\/istorija\/#breadcrumb","itemListElement":[{"@type":"ListItem","position":1,"name":"Home","item":"https:\/\/vilniauspetropovilo.lt\/"},{"@type":"ListItem","position":2,"name":"Ba\u017eny\u010dios istorija"}]},{"@type":"WebSite","@id":"https:\/\/vilniauspetropovilo.lt\/#website","url":"https:\/\/vilniauspetropovilo.lt\/","name":"Vilniaus \u0160v. apa\u0161tal\u0173 Petro ir Povilo ba\u017eny\u010dia","description":"(Lietuvi\u0173) Vilniaus \u0160v. apa\u0161tal\u0173 Petro ir Povilo ba\u017eny\u010dia","potentialAction":[{"@type":"SearchAction","target":{"@type":"EntryPoint","urlTemplate":"https:\/\/vilniauspetropovilo.lt\/?s={search_term_string}"},"query-input":{"@type":"PropertyValueSpecification","valueRequired":true,"valueName":"search_term_string"}}],"inLanguage":"en-US"}]}},"_links":{"self":[{"href":"https:\/\/vilniauspetropovilo.lt\/en\/wp-json\/wp\/v2\/pages\/176","targetHints":{"allow":["GET"]}}],"collection":[{"href":"https:\/\/vilniauspetropovilo.lt\/en\/wp-json\/wp\/v2\/pages"}],"about":[{"href":"https:\/\/vilniauspetropovilo.lt\/en\/wp-json\/wp\/v2\/types\/page"}],"author":[{"embeddable":true,"href":"https:\/\/vilniauspetropovilo.lt\/en\/wp-json\/wp\/v2\/users\/1"}],"replies":[{"embeddable":true,"href":"https:\/\/vilniauspetropovilo.lt\/en\/wp-json\/wp\/v2\/comments?post=176"}],"version-history":[{"count":12,"href":"https:\/\/vilniauspetropovilo.lt\/en\/wp-json\/wp\/v2\/pages\/176\/revisions"}],"predecessor-version":[{"id":6441,"href":"https:\/\/vilniauspetropovilo.lt\/en\/wp-json\/wp\/v2\/pages\/176\/revisions\/6441"}],"wp:attachment":[{"href":"https:\/\/vilniauspetropovilo.lt\/en\/wp-json\/wp\/v2\/media?parent=176"}],"curies":[{"name":"wp","href":"https:\/\/api.w.org\/{rel}","templated":true}]}}