{"id":156,"date":"2017-09-28T10:13:28","date_gmt":"2017-09-28T07:13:28","guid":{"rendered":"https:\/\/vilniauspetropovilo.lt\/?page_id=156"},"modified":"2026-03-13T12:26:56","modified_gmt":"2026-03-13T10:26:56","slug":"parama","status":"publish","type":"page","link":"https:\/\/vilniauspetropovilo.lt\/en\/parama\/","title":{"rendered":"Donation"},"content":{"rendered":"<p><\/p>\n<h2><span lang=\"EN-US\">&#xfe0f;Support Our Parish<\/span><\/h2>\n<p>Every donation is a ray of light helping to preserve and restore our church. We sincerely thank all who support the Parish of St. Peter and St. Paul in Vilnius through prayer, work, or financial help.<\/p>\n<p>&nbsp;<\/p>\n<p><a style=\"display: inline-block; padding: 12px 22px; border-radius: 10px; text-decoration: none; font-weight: 600; background-color: #d4af37; color: #fff; box-shadow: 0 3px 8px rgba(0,0,0,0.15);\" href=\"https:\/\/apps.opay.lt\/donation\/vilniauspetropovilo?utm_source=website&amp;utm_medium=button&amp;utm_campaign=kupolo_remontas\" target=\"_blank\" rel=\"noopener\" aria-label=\"Aukoti kupolo remontui per OPay\"> DONATE ONLINE <\/a><\/p>\n<p>&nbsp;<\/p>\n<hr \/>\n<h2><strong>Bank Payment\u00a0<\/strong><\/h2>\n<p><img decoding=\"async\" src=\"https:\/\/vilniauspetropovilo.lt\/wp-content\/uploads\/2021\/05\/swedbank_100px_transp_mot_v.gif\" \/><\/p>\n<ul>\n<li>Beneficiary Maintenance:\u00a0<strong>Vilniaus \u0160v. apa\u0161tal\u0173 Petro ir Povilo parapija (Parish of St. Peter and St. Paul, Vilnius)<\/strong><\/li>\n<li>Account: <strong>LT797300010002448078<\/strong><\/li>\n<li>Bank:\u00a0<strong>Swedbank AB<\/strong><\/li>\n<li>SWIFT:\u00a0<strong>HABALT22<\/strong><\/li>\n<li>Company code: <strong>191309922<\/strong><\/li>\n<li>Address:\u00a0<strong>Antakalnio g. 1, LT-10312 Vilnius<\/strong><\/li>\n<\/ul>\n<p>&nbsp;<\/p>\n<div class=\"wp-block-buttons is-content-justification-center\">\n<hr \/>\n<p>&nbsp;<\/p>\n<p><strong><img loading=\"lazy\" decoding=\"async\" class=\"alignnone  wp-image-3327\" src=\"https:\/\/vilniauspetropovilo.lt\/wp-content\/uploads\/2020\/11\/paypal-logo-300x117.png\" alt=\"\" width=\"203\" height=\"79\" srcset=\"https:\/\/vilniauspetropovilo.lt\/wp-content\/uploads\/2020\/11\/paypal-logo-300x117.png 300w, https:\/\/vilniauspetropovilo.lt\/wp-content\/uploads\/2020\/11\/paypal-logo-170x66.png 170w, https:\/\/vilniauspetropovilo.lt\/wp-content\/uploads\/2020\/11\/paypal-logo.png 672w\" sizes=\"auto, (max-width: 203px) 100vw, 203px\" \/><\/strong><\/p>\n<form action=\"https:\/\/www.paypal.com\/cgi-bin\/webscr\" method=\"post\" target=\"_top\">\n<p><input name=\"cmd\" type=\"hidden\" value=\"_donations\" \/> <input name=\"business\" type=\"hidden\" value=\"ppbaznycia@gmail.com\" \/> <input name=\"lc\" type=\"hidden\" value=\"US\" \/> <input name=\"item_name\" type=\"hidden\" value=\"Vilniaus Sv. Apast. Petro ir Povilo parapija\" \/> <input name=\"item_number\" type=\"hidden\" value=\"191309922\" \/> <input name=\"no_note\" type=\"hidden\" value=\"0\" \/> <input name=\"currency_code\" type=\"hidden\" value=\"EUR\" \/> <input name=\"bn\" type=\"hidden\" value=\"PP-DonationsBF:btn_donateCC_LG.gif:NonHostedGuest\" \/> <input alt=\"PayPal - The safer, easier way to pay online!\" name=\"submit\" src=\"https:\/\/www.paypalobjects.com\/en_US\/i\/btn\/btn_donateCC_LG.gif\" type=\"image\" \/> <img loading=\"lazy\" decoding=\"async\" src=\"https:\/\/www.paypalobjects.com\/en_US\/i\/scr\/pixel.gif\" alt=\"\" width=\"1\" height=\"1\" border=\"0\" \/><\/p>\n<p>&nbsp;<\/p>\n<\/form>\n<hr \/>\n<p>&nbsp;<\/p>\n<\/div>\n<p><\/p>","protected":false},"excerpt":{"rendered":"<p>&#xfe0f;Support Our Parish Every donation is a ray of light helping to preserve and restore our church. We sincerely thank all who support the Parish of St. Peter and St. \u2026<\/p>\n","protected":false},"author":1,"featured_media":0,"parent":0,"menu_order":0,"comment_status":"closed","ping_status":"closed","template":"","meta":{"footnotes":""},"class_list":["post-156","page","type-page","status-publish","hentry"],"yoast_head":"<!-- This site is optimized with the Yoast SEO plugin v27.3 - https:\/\/yoast.com\/product\/yoast-seo-wordpress\/ -->\n<title>Donation - Vilniaus \u0160v. apa\u0161tal\u0173 Petro ir Povilo ba\u017eny\u010dia<\/title>\n<meta name=\"robots\" content=\"index, follow, max-snippet:-1, max-image-preview:large, max-video-preview:-1\" \/>\n<link rel=\"canonical\" href=\"https:\/\/vilniauspetropovilo.lt\/parama\/\" \/>\n<meta property=\"og:locale\" content=\"en_US\" \/>\n<meta property=\"og:type\" content=\"article\" \/>\n<meta property=\"og:title\" content=\"Donation - Vilniaus \u0160v. apa\u0161tal\u0173 Petro ir Povilo ba\u017eny\u010dia\" \/>\n<meta property=\"og:description\" content=\"&#xfe0f;Support Our Parish Every donation is a ray of light helping to preserve and restore our church. We sincerely thank all who support the Parish of St. Peter and St. \u2026\" \/>\n<meta property=\"og:url\" content=\"https:\/\/vilniauspetropovilo.lt\/parama\/\" \/>\n<meta property=\"og:site_name\" content=\"Vilniaus \u0160v. apa\u0161tal\u0173 Petro ir Povilo ba\u017eny\u010dia\" \/>\n<meta property=\"article:modified_time\" content=\"2026-03-13T10:26:56+00:00\" \/>\n<meta property=\"og:image\" content=\"https:\/\/vilniauspetropovilo.lt\/wp-content\/uploads\/2021\/05\/swedbank_100px_transp_mot_v.gif\" \/>\n<meta name=\"twitter:card\" content=\"summary_large_image\" \/>\n<meta name=\"twitter:label1\" content=\"Est. reading time\" \/>\n\t<meta name=\"twitter:data1\" content=\"1 minute\" \/>\n<script type=\"application\/ld+json\" class=\"yoast-schema-graph\">{\"@context\":\"https:\\\/\\\/schema.org\",\"@graph\":[{\"@type\":\"WebPage\",\"@id\":\"https:\\\/\\\/vilniauspetropovilo.lt\\\/parama\\\/\",\"url\":\"https:\\\/\\\/vilniauspetropovilo.lt\\\/parama\\\/\",\"name\":\"Donation - Vilniaus \u0160v. apa\u0161tal\u0173 Petro ir Povilo ba\u017eny\u010dia\",\"isPartOf\":{\"@id\":\"https:\\\/\\\/vilniauspetropovilo.lt\\\/#website\"},\"primaryImageOfPage\":{\"@id\":\"https:\\\/\\\/vilniauspetropovilo.lt\\\/parama\\\/#primaryimage\"},\"image\":{\"@id\":\"https:\\\/\\\/vilniauspetropovilo.lt\\\/parama\\\/#primaryimage\"},\"thumbnailUrl\":\"https:\\\/\\\/vilniauspetropovilo.lt\\\/wp-content\\\/uploads\\\/2021\\\/05\\\/swedbank_100px_transp_mot_v.gif\",\"datePublished\":\"2017-09-28T07:13:28+00:00\",\"dateModified\":\"2026-03-13T10:26:56+00:00\",\"breadcrumb\":{\"@id\":\"https:\\\/\\\/vilniauspetropovilo.lt\\\/parama\\\/#breadcrumb\"},\"inLanguage\":\"en-US\",\"potentialAction\":[{\"@type\":\"ReadAction\",\"target\":[\"https:\\\/\\\/vilniauspetropovilo.lt\\\/parama\\\/\"]}]},{\"@type\":\"ImageObject\",\"inLanguage\":\"en-US\",\"@id\":\"https:\\\/\\\/vilniauspetropovilo.lt\\\/parama\\\/#primaryimage\",\"url\":\"https:\\\/\\\/vilniauspetropovilo.lt\\\/wp-content\\\/uploads\\\/2021\\\/05\\\/swedbank_100px_transp_mot_v.gif\",\"contentUrl\":\"https:\\\/\\\/vilniauspetropovilo.lt\\\/wp-content\\\/uploads\\\/2021\\\/05\\\/swedbank_100px_transp_mot_v.gif\"},{\"@type\":\"BreadcrumbList\",\"@id\":\"https:\\\/\\\/vilniauspetropovilo.lt\\\/parama\\\/#breadcrumb\",\"itemListElement\":[{\"@type\":\"ListItem\",\"position\":1,\"name\":\"Home\",\"item\":\"https:\\\/\\\/vilniauspetropovilo.lt\\\/\"},{\"@type\":\"ListItem\",\"position\":2,\"name\":\"Parama\"}]},{\"@type\":\"WebSite\",\"@id\":\"https:\\\/\\\/vilniauspetropovilo.lt\\\/#website\",\"url\":\"https:\\\/\\\/vilniauspetropovilo.lt\\\/\",\"name\":\"Vilniaus \u0160v. apa\u0161tal\u0173 Petro ir Povilo ba\u017eny\u010dia\",\"description\":\"(Lietuvi\u0173) Vilniaus \u0160v. apa\u0161tal\u0173 Petro ir Povilo ba\u017eny\u010dia\",\"potentialAction\":[{\"@type\":\"SearchAction\",\"target\":{\"@type\":\"EntryPoint\",\"urlTemplate\":\"https:\\\/\\\/vilniauspetropovilo.lt\\\/?s={search_term_string}\"},\"query-input\":{\"@type\":\"PropertyValueSpecification\",\"valueRequired\":true,\"valueName\":\"search_term_string\"}}],\"inLanguage\":\"en-US\"}]}<\/script>\n<!-- \/ Yoast SEO plugin. -->","yoast_head_json":{"title":"Donation - Vilniaus \u0160v. apa\u0161tal\u0173 Petro ir Povilo ba\u017eny\u010dia","robots":{"index":"index","follow":"follow","max-snippet":"max-snippet:-1","max-image-preview":"max-image-preview:large","max-video-preview":"max-video-preview:-1"},"canonical":"https:\/\/vilniauspetropovilo.lt\/parama\/","og_locale":"en_US","og_type":"article","og_title":"Donation - Vilniaus \u0160v. apa\u0161tal\u0173 Petro ir Povilo ba\u017eny\u010dia","og_description":"&#xfe0f;Support Our Parish Every donation is a ray of light helping to preserve and restore our church. We sincerely thank all who support the Parish of St. Peter and St. \u2026","og_url":"https:\/\/vilniauspetropovilo.lt\/parama\/","og_site_name":"Vilniaus \u0160v. apa\u0161tal\u0173 Petro ir Povilo ba\u017eny\u010dia","article_modified_time":"2026-03-13T10:26:56+00:00","og_image":[{"url":"https:\/\/vilniauspetropovilo.lt\/wp-content\/uploads\/2021\/05\/swedbank_100px_transp_mot_v.gif","type":"","width":"","height":""}],"twitter_card":"summary_large_image","twitter_misc":{"Est. reading time":"1 minute"},"schema":{"@context":"https:\/\/schema.org","@graph":[{"@type":"WebPage","@id":"https:\/\/vilniauspetropovilo.lt\/parama\/","url":"https:\/\/vilniauspetropovilo.lt\/parama\/","name":"Donation - Vilniaus \u0160v. apa\u0161tal\u0173 Petro ir Povilo ba\u017eny\u010dia","isPartOf":{"@id":"https:\/\/vilniauspetropovilo.lt\/#website"},"primaryImageOfPage":{"@id":"https:\/\/vilniauspetropovilo.lt\/parama\/#primaryimage"},"image":{"@id":"https:\/\/vilniauspetropovilo.lt\/parama\/#primaryimage"},"thumbnailUrl":"https:\/\/vilniauspetropovilo.lt\/wp-content\/uploads\/2021\/05\/swedbank_100px_transp_mot_v.gif","datePublished":"2017-09-28T07:13:28+00:00","dateModified":"2026-03-13T10:26:56+00:00","breadcrumb":{"@id":"https:\/\/vilniauspetropovilo.lt\/parama\/#breadcrumb"},"inLanguage":"en-US","potentialAction":[{"@type":"ReadAction","target":["https:\/\/vilniauspetropovilo.lt\/parama\/"]}]},{"@type":"ImageObject","inLanguage":"en-US","@id":"https:\/\/vilniauspetropovilo.lt\/parama\/#primaryimage","url":"https:\/\/vilniauspetropovilo.lt\/wp-content\/uploads\/2021\/05\/swedbank_100px_transp_mot_v.gif","contentUrl":"https:\/\/vilniauspetropovilo.lt\/wp-content\/uploads\/2021\/05\/swedbank_100px_transp_mot_v.gif"},{"@type":"BreadcrumbList","@id":"https:\/\/vilniauspetropovilo.lt\/parama\/#breadcrumb","itemListElement":[{"@type":"ListItem","position":1,"name":"Home","item":"https:\/\/vilniauspetropovilo.lt\/"},{"@type":"ListItem","position":2,"name":"Parama"}]},{"@type":"WebSite","@id":"https:\/\/vilniauspetropovilo.lt\/#website","url":"https:\/\/vilniauspetropovilo.lt\/","name":"Vilniaus \u0160v. apa\u0161tal\u0173 Petro ir Povilo ba\u017eny\u010dia","description":"(Lietuvi\u0173) Vilniaus \u0160v. apa\u0161tal\u0173 Petro ir Povilo ba\u017eny\u010dia","potentialAction":[{"@type":"SearchAction","target":{"@type":"EntryPoint","urlTemplate":"https:\/\/vilniauspetropovilo.lt\/?s={search_term_string}"},"query-input":{"@type":"PropertyValueSpecification","valueRequired":true,"valueName":"search_term_string"}}],"inLanguage":"en-US"}]}},"_links":{"self":[{"href":"https:\/\/vilniauspetropovilo.lt\/en\/wp-json\/wp\/v2\/pages\/156","targetHints":{"allow":["GET"]}}],"collection":[{"href":"https:\/\/vilniauspetropovilo.lt\/en\/wp-json\/wp\/v2\/pages"}],"about":[{"href":"https:\/\/vilniauspetropovilo.lt\/en\/wp-json\/wp\/v2\/types\/page"}],"author":[{"embeddable":true,"href":"https:\/\/vilniauspetropovilo.lt\/en\/wp-json\/wp\/v2\/users\/1"}],"replies":[{"embeddable":true,"href":"https:\/\/vilniauspetropovilo.lt\/en\/wp-json\/wp\/v2\/comments?post=156"}],"version-history":[{"count":100,"href":"https:\/\/vilniauspetropovilo.lt\/en\/wp-json\/wp\/v2\/pages\/156\/revisions"}],"predecessor-version":[{"id":6120,"href":"https:\/\/vilniauspetropovilo.lt\/en\/wp-json\/wp\/v2\/pages\/156\/revisions\/6120"}],"wp:attachment":[{"href":"https:\/\/vilniauspetropovilo.lt\/en\/wp-json\/wp\/v2\/media?parent=156"}],"curies":[{"name":"wp","href":"https:\/\/api.w.org\/{rel}","templated":true}]}}