{"id":1340,"date":"2018-07-24T14:04:20","date_gmt":"2018-07-24T11:04:20","guid":{"rendered":"https:\/\/vilniauspetropovilo.lt\/?page_id=1340"},"modified":"2026-01-31T02:36:20","modified_gmt":"2026-01-31T00:36:20","slug":"krikstas","status":"publish","type":"page","link":"https:\/\/vilniauspetropovilo.lt\/en\/krikstas\/","title":{"rendered":"Baptizm"},"content":{"rendered":"<p><\/p>\n<h1>Information for Those Wishing to Baptize a Child in Our Church<\/h1>\n<h2><img loading=\"lazy\" decoding=\"async\" class=\"size-medium wp-image-6069 alignleft\" src=\"https:\/\/vilniauspetropovilo.lt\/wp-content\/uploads\/2026\/01\/pakrikstyti-768x768-1-300x300.jpg\" alt=\"\" width=\"300\" height=\"300\" srcset=\"https:\/\/vilniauspetropovilo.lt\/wp-content\/uploads\/2026\/01\/pakrikstyti-768x768-1-300x300.jpg 300w, https:\/\/vilniauspetropovilo.lt\/wp-content\/uploads\/2026\/01\/pakrikstyti-768x768-1-150x150.jpg 150w, https:\/\/vilniauspetropovilo.lt\/wp-content\/uploads\/2026\/01\/pakrikstyti-768x768-1-100x100.jpg 100w, https:\/\/vilniauspetropovilo.lt\/wp-content\/uploads\/2026\/01\/pakrikstyti-768x768-1.jpg 768w\" sizes=\"auto, (max-width: 300px) 100vw, 300px\" \/>Baptism of Children up to 7 Years of Age<\/h2>\n<p>To baptize a child in our church, please first (no later than 1 month before the planned date of Baptism) contact the sacristy or email <a href=\"mailto:ppbaznycia@gmail.com\">ppbaznycia@gmail.com<\/a> to arrange and reserve the date and time of the Sacrament of Baptism.<\/p>\n<p>Afterwards, please complete the Baptism registration form (details of the child, parents, and godparents). The form may be completed in the sacristy or downloaded and submitted no later than 2 weeks before the Baptism.<\/p>\n<p>&nbsp;<\/p>\n<p>&nbsp;<\/p>\n<pre><a href=\"https:\/\/vilniauspetropovilo.lt\/wp-content\/uploads\/2026\/01\/Atsisiusti-Kriksto-registarcijos-anketa.pdf\">Download the Baptism Registration Form<\/a><\/pre>\n<h2>\u00a0<\/h2>\n<h2>Baptism of Children and Youth Aged 7 and Above<\/h2>\n<p>Children and youth from the age of 7 may be baptized only after completing preparation for the Sacraments of Baptism and First Holy Communion.<\/p>\n<p>Preparation classes take place from October to May. Registration is announced each September, on Sundays during Holy Mass and on the parish website.<\/p>\n<h2>Baptism of Adults<\/h2>\n<p>For adult Baptism, please contact the parish priest during office hours.<\/p>\n<h2>Who May Be a Godparent?<\/h2>\n<ul>\n<li>Must be a Catholic (a non-Catholic Christian may serve only as a Christian witness).<\/li>\n<li>Must be at least 16 years of age.<\/li>\n<li>Must have received the Sacrament of Confirmation.<\/li>\n<li>If married, must have received the Sacrament of Matrimony.<\/li>\n<\/ul>\n<h2>Items Required for the Baptism Ceremony<\/h2>\n<ul>\n<li>a <strong>white baptismal garment<\/strong> (the child may be dressed in white beforehand),<\/li>\n<li>a <strong>baptismal candle<\/strong>,<\/li>\n<li><strong>valid identification documents<\/strong> of parents and godparents (required in the sacristy before Baptism).<\/li>\n<\/ul>\n<h2>Priests\u2019 Office Hours in the Sacristy<\/h2>\n<ul>\n<li>Monday\u2013Saturday: 8:00\u20139:00 and 15:00\u201318:30<\/li>\n<li>Sunday: 8:00\u201314:00<\/li>\n<\/ul>\n<p><\/p>","protected":false},"excerpt":{"rendered":"<p>Information for Those Wishing to Baptize a Child in Our Church Baptism of Children up to 7 Years of Age To baptize a child in our church, please first (no \u2026<\/p>\n","protected":false},"author":2,"featured_media":0,"parent":0,"menu_order":0,"comment_status":"closed","ping_status":"closed","template":"","meta":{"footnotes":""},"class_list":["post-1340","page","type-page","status-publish","hentry"],"yoast_head":"<!-- This site is optimized with the Yoast SEO plugin v27.3 - https:\/\/yoast.com\/product\/yoast-seo-wordpress\/ -->\n<title>Baptizm - Vilniaus \u0160v. apa\u0161tal\u0173 Petro ir Povilo ba\u017eny\u010dia<\/title>\n<meta name=\"robots\" content=\"index, follow, max-snippet:-1, max-image-preview:large, max-video-preview:-1\" \/>\n<link rel=\"canonical\" href=\"https:\/\/vilniauspetropovilo.lt\/krikstas\/\" \/>\n<meta property=\"og:locale\" content=\"en_US\" \/>\n<meta property=\"og:type\" content=\"article\" \/>\n<meta property=\"og:title\" content=\"Baptizm - Vilniaus \u0160v. apa\u0161tal\u0173 Petro ir Povilo ba\u017eny\u010dia\" \/>\n<meta property=\"og:description\" content=\"Information for Those Wishing to Baptize a Child in Our Church Baptism of Children up to 7 Years of Age To baptize a child in our church, please first (no \u2026\" \/>\n<meta property=\"og:url\" content=\"https:\/\/vilniauspetropovilo.lt\/krikstas\/\" \/>\n<meta property=\"og:site_name\" content=\"Vilniaus \u0160v. apa\u0161tal\u0173 Petro ir Povilo ba\u017eny\u010dia\" \/>\n<meta property=\"article:modified_time\" content=\"2026-01-31T00:36:20+00:00\" \/>\n<meta property=\"og:image\" content=\"https:\/\/vilniauspetropovilo.lt\/wp-content\/uploads\/2026\/01\/pakrikstyti-768x768-1.jpg\" \/>\n\t<meta property=\"og:image:width\" content=\"768\" \/>\n\t<meta property=\"og:image:height\" content=\"768\" \/>\n\t<meta property=\"og:image:type\" content=\"image\/jpeg\" \/>\n<meta name=\"twitter:card\" content=\"summary_large_image\" \/>\n<meta name=\"twitter:label1\" content=\"Est. reading time\" \/>\n\t<meta name=\"twitter:data1\" content=\"2 minutes\" \/>\n<script type=\"application\/ld+json\" class=\"yoast-schema-graph\">{\"@context\":\"https:\\\/\\\/schema.org\",\"@graph\":[{\"@type\":\"WebPage\",\"@id\":\"https:\\\/\\\/vilniauspetropovilo.lt\\\/krikstas\\\/\",\"url\":\"https:\\\/\\\/vilniauspetropovilo.lt\\\/krikstas\\\/\",\"name\":\"Baptizm - Vilniaus \u0160v. apa\u0161tal\u0173 Petro ir Povilo ba\u017eny\u010dia\",\"isPartOf\":{\"@id\":\"https:\\\/\\\/vilniauspetropovilo.lt\\\/#website\"},\"primaryImageOfPage\":{\"@id\":\"https:\\\/\\\/vilniauspetropovilo.lt\\\/krikstas\\\/#primaryimage\"},\"image\":{\"@id\":\"https:\\\/\\\/vilniauspetropovilo.lt\\\/krikstas\\\/#primaryimage\"},\"thumbnailUrl\":\"https:\\\/\\\/vilniauspetropovilo.lt\\\/wp-content\\\/uploads\\\/2026\\\/01\\\/pakrikstyti-768x768-1-300x300.jpg\",\"datePublished\":\"2018-07-24T11:04:20+00:00\",\"dateModified\":\"2026-01-31T00:36:20+00:00\",\"breadcrumb\":{\"@id\":\"https:\\\/\\\/vilniauspetropovilo.lt\\\/krikstas\\\/#breadcrumb\"},\"inLanguage\":\"en-US\",\"potentialAction\":[{\"@type\":\"ReadAction\",\"target\":[\"https:\\\/\\\/vilniauspetropovilo.lt\\\/krikstas\\\/\"]}]},{\"@type\":\"ImageObject\",\"inLanguage\":\"en-US\",\"@id\":\"https:\\\/\\\/vilniauspetropovilo.lt\\\/krikstas\\\/#primaryimage\",\"url\":\"https:\\\/\\\/vilniauspetropovilo.lt\\\/wp-content\\\/uploads\\\/2026\\\/01\\\/pakrikstyti-768x768-1-300x300.jpg\",\"contentUrl\":\"https:\\\/\\\/vilniauspetropovilo.lt\\\/wp-content\\\/uploads\\\/2026\\\/01\\\/pakrikstyti-768x768-1-300x300.jpg\"},{\"@type\":\"BreadcrumbList\",\"@id\":\"https:\\\/\\\/vilniauspetropovilo.lt\\\/krikstas\\\/#breadcrumb\",\"itemListElement\":[{\"@type\":\"ListItem\",\"position\":1,\"name\":\"Home\",\"item\":\"https:\\\/\\\/vilniauspetropovilo.lt\\\/\"},{\"@type\":\"ListItem\",\"position\":2,\"name\":\"Krik\u0161tas\"}]},{\"@type\":\"WebSite\",\"@id\":\"https:\\\/\\\/vilniauspetropovilo.lt\\\/#website\",\"url\":\"https:\\\/\\\/vilniauspetropovilo.lt\\\/\",\"name\":\"Vilniaus \u0160v. apa\u0161tal\u0173 Petro ir Povilo ba\u017eny\u010dia\",\"description\":\"(Lietuvi\u0173) Vilniaus \u0160v. apa\u0161tal\u0173 Petro ir Povilo ba\u017eny\u010dia\",\"potentialAction\":[{\"@type\":\"SearchAction\",\"target\":{\"@type\":\"EntryPoint\",\"urlTemplate\":\"https:\\\/\\\/vilniauspetropovilo.lt\\\/?s={search_term_string}\"},\"query-input\":{\"@type\":\"PropertyValueSpecification\",\"valueRequired\":true,\"valueName\":\"search_term_string\"}}],\"inLanguage\":\"en-US\"}]}<\/script>\n<!-- \/ Yoast SEO plugin. -->","yoast_head_json":{"title":"Baptizm - Vilniaus \u0160v. apa\u0161tal\u0173 Petro ir Povilo ba\u017eny\u010dia","robots":{"index":"index","follow":"follow","max-snippet":"max-snippet:-1","max-image-preview":"max-image-preview:large","max-video-preview":"max-video-preview:-1"},"canonical":"https:\/\/vilniauspetropovilo.lt\/krikstas\/","og_locale":"en_US","og_type":"article","og_title":"Baptizm - Vilniaus \u0160v. apa\u0161tal\u0173 Petro ir Povilo ba\u017eny\u010dia","og_description":"Information for Those Wishing to Baptize a Child in Our Church Baptism of Children up to 7 Years of Age To baptize a child in our church, please first (no \u2026","og_url":"https:\/\/vilniauspetropovilo.lt\/krikstas\/","og_site_name":"Vilniaus \u0160v. apa\u0161tal\u0173 Petro ir Povilo ba\u017eny\u010dia","article_modified_time":"2026-01-31T00:36:20+00:00","og_image":[{"width":768,"height":768,"url":"https:\/\/vilniauspetropovilo.lt\/wp-content\/uploads\/2026\/01\/pakrikstyti-768x768-1.jpg","type":"image\/jpeg"}],"twitter_card":"summary_large_image","twitter_misc":{"Est. reading time":"2 minutes"},"schema":{"@context":"https:\/\/schema.org","@graph":[{"@type":"WebPage","@id":"https:\/\/vilniauspetropovilo.lt\/krikstas\/","url":"https:\/\/vilniauspetropovilo.lt\/krikstas\/","name":"Baptizm - Vilniaus \u0160v. apa\u0161tal\u0173 Petro ir Povilo ba\u017eny\u010dia","isPartOf":{"@id":"https:\/\/vilniauspetropovilo.lt\/#website"},"primaryImageOfPage":{"@id":"https:\/\/vilniauspetropovilo.lt\/krikstas\/#primaryimage"},"image":{"@id":"https:\/\/vilniauspetropovilo.lt\/krikstas\/#primaryimage"},"thumbnailUrl":"https:\/\/vilniauspetropovilo.lt\/wp-content\/uploads\/2026\/01\/pakrikstyti-768x768-1-300x300.jpg","datePublished":"2018-07-24T11:04:20+00:00","dateModified":"2026-01-31T00:36:20+00:00","breadcrumb":{"@id":"https:\/\/vilniauspetropovilo.lt\/krikstas\/#breadcrumb"},"inLanguage":"en-US","potentialAction":[{"@type":"ReadAction","target":["https:\/\/vilniauspetropovilo.lt\/krikstas\/"]}]},{"@type":"ImageObject","inLanguage":"en-US","@id":"https:\/\/vilniauspetropovilo.lt\/krikstas\/#primaryimage","url":"https:\/\/vilniauspetropovilo.lt\/wp-content\/uploads\/2026\/01\/pakrikstyti-768x768-1-300x300.jpg","contentUrl":"https:\/\/vilniauspetropovilo.lt\/wp-content\/uploads\/2026\/01\/pakrikstyti-768x768-1-300x300.jpg"},{"@type":"BreadcrumbList","@id":"https:\/\/vilniauspetropovilo.lt\/krikstas\/#breadcrumb","itemListElement":[{"@type":"ListItem","position":1,"name":"Home","item":"https:\/\/vilniauspetropovilo.lt\/"},{"@type":"ListItem","position":2,"name":"Krik\u0161tas"}]},{"@type":"WebSite","@id":"https:\/\/vilniauspetropovilo.lt\/#website","url":"https:\/\/vilniauspetropovilo.lt\/","name":"Vilniaus \u0160v. apa\u0161tal\u0173 Petro ir Povilo ba\u017eny\u010dia","description":"(Lietuvi\u0173) Vilniaus \u0160v. apa\u0161tal\u0173 Petro ir Povilo ba\u017eny\u010dia","potentialAction":[{"@type":"SearchAction","target":{"@type":"EntryPoint","urlTemplate":"https:\/\/vilniauspetropovilo.lt\/?s={search_term_string}"},"query-input":{"@type":"PropertyValueSpecification","valueRequired":true,"valueName":"search_term_string"}}],"inLanguage":"en-US"}]}},"_links":{"self":[{"href":"https:\/\/vilniauspetropovilo.lt\/en\/wp-json\/wp\/v2\/pages\/1340","targetHints":{"allow":["GET"]}}],"collection":[{"href":"https:\/\/vilniauspetropovilo.lt\/en\/wp-json\/wp\/v2\/pages"}],"about":[{"href":"https:\/\/vilniauspetropovilo.lt\/en\/wp-json\/wp\/v2\/types\/page"}],"author":[{"embeddable":true,"href":"https:\/\/vilniauspetropovilo.lt\/en\/wp-json\/wp\/v2\/users\/2"}],"replies":[{"embeddable":true,"href":"https:\/\/vilniauspetropovilo.lt\/en\/wp-json\/wp\/v2\/comments?post=1340"}],"version-history":[{"count":48,"href":"https:\/\/vilniauspetropovilo.lt\/en\/wp-json\/wp\/v2\/pages\/1340\/revisions"}],"predecessor-version":[{"id":6091,"href":"https:\/\/vilniauspetropovilo.lt\/en\/wp-json\/wp\/v2\/pages\/1340\/revisions\/6091"}],"wp:attachment":[{"href":"https:\/\/vilniauspetropovilo.lt\/en\/wp-json\/wp\/v2\/media?parent=1340"}],"curies":[{"name":"wp","href":"https:\/\/api.w.org\/{rel}","templated":true}]}}