{"id":11,"date":"2017-09-25T07:38:19","date_gmt":"2017-09-25T09:38:19","guid":{"rendered":"https:\/\/vilniauspetropovilo.lt\/?page_id=11"},"modified":"2026-04-10T07:43:01","modified_gmt":"2026-04-10T05:43:01","slug":"pamaldu-tvarkarastis","status":"publish","type":"page","link":"https:\/\/vilniauspetropovilo.lt\/en\/pamaldu-tvarkarastis\/","title":{"rendered":"Worship Schedule"},"content":{"rendered":"<p><\/p>\n<h1 style=\"text-align: left;\"><span style=\"font-size: 24pt;\">Worship schedule<\/span><\/h1>\n<h2 style=\"text-align: left; padding-left: 30px;\"><span style=\"font-size: 18pt;\"><strong>Workdays:<\/strong><\/span><\/h2>\n<ul>\n<li><span style=\"font-size: 14pt;\">7.00 LT<\/span><\/li>\n<li><span style=\"font-size: 14pt;\">10.00 LT<\/span><\/li>\n<li><span style=\"font-size: 14pt;\">17.00 PL<\/span><\/li>\n<li><span style=\"font-size: 14pt;\">18.00 LT<\/span><\/li>\n<\/ul>\n<p>&nbsp;<\/p>\n<h2 style=\"padding-left: 30px;\"><span style=\"font-size: 18pt;\"><strong>Saturdays:<\/strong><\/span><\/h2>\n<ul>\n<li><span style=\"font-size: 14pt;\">7.00 LT<\/span><\/li>\n<li><span style=\"font-size: 14pt;\">17.00 PL<\/span><\/li>\n<li><span style=\"font-size: 14pt;\">18.00 LT<\/span><\/li>\n<\/ul>\n<p>&nbsp;<\/p>\n<h2 style=\"padding-left: 30px;\"><span style=\"font-size: 18pt;\"><strong>Sundays:<\/strong><\/span><\/h2>\n<ul>\n<li><span style=\"font-size: 14pt;\">7.30 LT<\/span><\/li>\n<li><span style=\"font-size: 14pt;\">8.30 PL<\/span><\/li>\n<li><span style=\"font-size: 14pt;\">10.00 LT<\/span><\/li>\n<li><span style=\"font-size: 14pt;\">11.30 LT<\/span><\/li>\n<li><span style=\"font-size: 14pt;\">13.00 PL<\/span><\/li>\n<li><span style=\"font-size: 14pt;\">17.00 PL<\/span><\/li>\n<li><span style=\"font-size: 14pt;\">18.00 LT<\/span><\/li>\n<\/ul>\n<p>&nbsp;<\/p>\n<h2 style=\"padding-left: 30px;\"><strong>Vigil on weekday<\/strong><strong>s:<\/strong><\/h2>\n<ul>\n<li><span style=\"font-size: 14pt;\">8.00 &#8211; 9.00<\/span><\/li>\n<li><span style=\"font-size: 14pt;\">15.00 &#8211; 18.30<\/span><\/li>\n<\/ul>\n<p>&nbsp;<\/p>\n<h2 style=\"text-align: left; padding-left: 30px;\"><strong>Confession:<\/strong><\/h2>\n<ul>\n<li style=\"text-align: left;\"><span style=\"font-size: 14pt;\">Confession is heard 10 minutes before Holy Mass<\/span><\/li>\n<\/ul>\n<p>&nbsp;<\/p>\n<h2 style=\"text-align: left; padding-left: 30px;\"><strong>Opening hours:<\/strong><\/h2>\n<ul>\n<li><span style=\"font-size: 14pt;\">7.00 &#8211; 18.30<\/span><\/li>\n<\/ul>\n<p><\/p>","protected":false},"excerpt":{"rendered":"<p>Worship schedule Workdays: 7.00 LT 10.00 LT 17.00 PL 18.00 LT &nbsp; Saturdays: 7.00 LT 17.00 PL 18.00 LT &nbsp; Sundays: 7.30 LT 8.30 PL 10.00 LT 11.30 LT 13.00 \u2026<\/p>\n","protected":false},"author":1,"featured_media":0,"parent":0,"menu_order":0,"comment_status":"closed","ping_status":"closed","template":"","meta":{"footnotes":""},"class_list":["post-11","page","type-page","status-publish","hentry"],"yoast_head":"<!-- This site is optimized with the Yoast SEO plugin v27.3 - https:\/\/yoast.com\/product\/yoast-seo-wordpress\/ -->\n<title>Worship Schedule - Vilniaus \u0160v. apa\u0161tal\u0173 Petro ir Povilo ba\u017eny\u010dia<\/title>\n<meta name=\"robots\" content=\"index, follow, max-snippet:-1, max-image-preview:large, max-video-preview:-1\" \/>\n<link rel=\"canonical\" href=\"https:\/\/vilniauspetropovilo.lt\/pamaldu-tvarkarastis\/\" \/>\n<meta property=\"og:locale\" content=\"en_US\" \/>\n<meta property=\"og:type\" content=\"article\" \/>\n<meta property=\"og:title\" content=\"Worship Schedule - Vilniaus \u0160v. apa\u0161tal\u0173 Petro ir Povilo ba\u017eny\u010dia\" \/>\n<meta property=\"og:description\" content=\"Worship schedule Workdays: 7.00 LT 10.00 LT 17.00 PL 18.00 LT &nbsp; Saturdays: 7.00 LT 17.00 PL 18.00 LT &nbsp; Sundays: 7.30 LT 8.30 PL 10.00 LT 11.30 LT 13.00 \u2026\" \/>\n<meta property=\"og:url\" content=\"https:\/\/vilniauspetropovilo.lt\/pamaldu-tvarkarastis\/\" \/>\n<meta property=\"og:site_name\" content=\"Vilniaus \u0160v. apa\u0161tal\u0173 Petro ir Povilo ba\u017eny\u010dia\" \/>\n<meta property=\"article:modified_time\" content=\"2026-04-10T05:43:01+00:00\" \/>\n<meta name=\"twitter:card\" content=\"summary_large_image\" \/>\n<meta name=\"twitter:label1\" content=\"Est. reading time\" \/>\n\t<meta name=\"twitter:data1\" content=\"1 minute\" \/>\n<script type=\"application\/ld+json\" class=\"yoast-schema-graph\">{\"@context\":\"https:\\\/\\\/schema.org\",\"@graph\":[{\"@type\":\"WebPage\",\"@id\":\"https:\\\/\\\/vilniauspetropovilo.lt\\\/pamaldu-tvarkarastis\\\/\",\"url\":\"https:\\\/\\\/vilniauspetropovilo.lt\\\/pamaldu-tvarkarastis\\\/\",\"name\":\"Worship Schedule - Vilniaus \u0160v. apa\u0161tal\u0173 Petro ir Povilo ba\u017eny\u010dia\",\"isPartOf\":{\"@id\":\"https:\\\/\\\/vilniauspetropovilo.lt\\\/#website\"},\"datePublished\":\"2017-09-25T09:38:19+00:00\",\"dateModified\":\"2026-04-10T05:43:01+00:00\",\"breadcrumb\":{\"@id\":\"https:\\\/\\\/vilniauspetropovilo.lt\\\/pamaldu-tvarkarastis\\\/#breadcrumb\"},\"inLanguage\":\"en-US\",\"potentialAction\":[{\"@type\":\"ReadAction\",\"target\":[\"https:\\\/\\\/vilniauspetropovilo.lt\\\/pamaldu-tvarkarastis\\\/\"]}]},{\"@type\":\"BreadcrumbList\",\"@id\":\"https:\\\/\\\/vilniauspetropovilo.lt\\\/pamaldu-tvarkarastis\\\/#breadcrumb\",\"itemListElement\":[{\"@type\":\"ListItem\",\"position\":1,\"name\":\"Home\",\"item\":\"https:\\\/\\\/vilniauspetropovilo.lt\\\/\"},{\"@type\":\"ListItem\",\"position\":2,\"name\":\"Pamald\u0173 tvarkara\u0161tis\"}]},{\"@type\":\"WebSite\",\"@id\":\"https:\\\/\\\/vilniauspetropovilo.lt\\\/#website\",\"url\":\"https:\\\/\\\/vilniauspetropovilo.lt\\\/\",\"name\":\"Vilniaus \u0160v. apa\u0161tal\u0173 Petro ir Povilo ba\u017eny\u010dia\",\"description\":\"(Lietuvi\u0173) Vilniaus \u0160v. apa\u0161tal\u0173 Petro ir Povilo ba\u017eny\u010dia\",\"potentialAction\":[{\"@type\":\"SearchAction\",\"target\":{\"@type\":\"EntryPoint\",\"urlTemplate\":\"https:\\\/\\\/vilniauspetropovilo.lt\\\/?s={search_term_string}\"},\"query-input\":{\"@type\":\"PropertyValueSpecification\",\"valueRequired\":true,\"valueName\":\"search_term_string\"}}],\"inLanguage\":\"en-US\"}]}<\/script>\n<!-- \/ Yoast SEO plugin. -->","yoast_head_json":{"title":"Worship Schedule - Vilniaus \u0160v. apa\u0161tal\u0173 Petro ir Povilo ba\u017eny\u010dia","robots":{"index":"index","follow":"follow","max-snippet":"max-snippet:-1","max-image-preview":"max-image-preview:large","max-video-preview":"max-video-preview:-1"},"canonical":"https:\/\/vilniauspetropovilo.lt\/pamaldu-tvarkarastis\/","og_locale":"en_US","og_type":"article","og_title":"Worship Schedule - Vilniaus \u0160v. apa\u0161tal\u0173 Petro ir Povilo ba\u017eny\u010dia","og_description":"Worship schedule Workdays: 7.00 LT 10.00 LT 17.00 PL 18.00 LT &nbsp; Saturdays: 7.00 LT 17.00 PL 18.00 LT &nbsp; Sundays: 7.30 LT 8.30 PL 10.00 LT 11.30 LT 13.00 \u2026","og_url":"https:\/\/vilniauspetropovilo.lt\/pamaldu-tvarkarastis\/","og_site_name":"Vilniaus \u0160v. apa\u0161tal\u0173 Petro ir Povilo ba\u017eny\u010dia","article_modified_time":"2026-04-10T05:43:01+00:00","twitter_card":"summary_large_image","twitter_misc":{"Est. reading time":"1 minute"},"schema":{"@context":"https:\/\/schema.org","@graph":[{"@type":"WebPage","@id":"https:\/\/vilniauspetropovilo.lt\/pamaldu-tvarkarastis\/","url":"https:\/\/vilniauspetropovilo.lt\/pamaldu-tvarkarastis\/","name":"Worship Schedule - Vilniaus \u0160v. apa\u0161tal\u0173 Petro ir Povilo ba\u017eny\u010dia","isPartOf":{"@id":"https:\/\/vilniauspetropovilo.lt\/#website"},"datePublished":"2017-09-25T09:38:19+00:00","dateModified":"2026-04-10T05:43:01+00:00","breadcrumb":{"@id":"https:\/\/vilniauspetropovilo.lt\/pamaldu-tvarkarastis\/#breadcrumb"},"inLanguage":"en-US","potentialAction":[{"@type":"ReadAction","target":["https:\/\/vilniauspetropovilo.lt\/pamaldu-tvarkarastis\/"]}]},{"@type":"BreadcrumbList","@id":"https:\/\/vilniauspetropovilo.lt\/pamaldu-tvarkarastis\/#breadcrumb","itemListElement":[{"@type":"ListItem","position":1,"name":"Home","item":"https:\/\/vilniauspetropovilo.lt\/"},{"@type":"ListItem","position":2,"name":"Pamald\u0173 tvarkara\u0161tis"}]},{"@type":"WebSite","@id":"https:\/\/vilniauspetropovilo.lt\/#website","url":"https:\/\/vilniauspetropovilo.lt\/","name":"Vilniaus \u0160v. apa\u0161tal\u0173 Petro ir Povilo ba\u017eny\u010dia","description":"(Lietuvi\u0173) Vilniaus \u0160v. apa\u0161tal\u0173 Petro ir Povilo ba\u017eny\u010dia","potentialAction":[{"@type":"SearchAction","target":{"@type":"EntryPoint","urlTemplate":"https:\/\/vilniauspetropovilo.lt\/?s={search_term_string}"},"query-input":{"@type":"PropertyValueSpecification","valueRequired":true,"valueName":"search_term_string"}}],"inLanguage":"en-US"}]}},"_links":{"self":[{"href":"https:\/\/vilniauspetropovilo.lt\/en\/wp-json\/wp\/v2\/pages\/11","targetHints":{"allow":["GET"]}}],"collection":[{"href":"https:\/\/vilniauspetropovilo.lt\/en\/wp-json\/wp\/v2\/pages"}],"about":[{"href":"https:\/\/vilniauspetropovilo.lt\/en\/wp-json\/wp\/v2\/types\/page"}],"author":[{"embeddable":true,"href":"https:\/\/vilniauspetropovilo.lt\/en\/wp-json\/wp\/v2\/users\/1"}],"replies":[{"embeddable":true,"href":"https:\/\/vilniauspetropovilo.lt\/en\/wp-json\/wp\/v2\/comments?post=11"}],"version-history":[{"count":77,"href":"https:\/\/vilniauspetropovilo.lt\/en\/wp-json\/wp\/v2\/pages\/11\/revisions"}],"predecessor-version":[{"id":6442,"href":"https:\/\/vilniauspetropovilo.lt\/en\/wp-json\/wp\/v2\/pages\/11\/revisions\/6442"}],"wp:attachment":[{"href":"https:\/\/vilniauspetropovilo.lt\/en\/wp-json\/wp\/v2\/media?parent=11"}],"curies":[{"name":"wp","href":"https:\/\/api.w.org\/{rel}","templated":true}]}}